{"id":19715,"date":"2026-04-18T11:40:58","date_gmt":"2026-04-18T11:40:58","guid":{"rendered":"https:\/\/www.lovilotfarmbrewery.com\/producte\/experincia-zitogastronomica-almuerzo\/"},"modified":"2026-04-18T11:40:58","modified_gmt":"2026-04-18T11:40:58","slug":"experincia-zitogastronomica-almuerzo","status":"publish","type":"product","link":"https:\/\/www.lovilotfarmbrewery.com\/es\/producte\/experincia-zitogastronomica-almuerzo\/","title":{"rendered":"Experincia Zitogastron\u00f3mica &#8211; Almuerzo"},"content":{"rendered":"<h1>Zitoexperiencia gastron\u00f3mica &#8211; Almuerzo<\/h1>\n<h2>Visita al taller y a la granja cervecera (campos, malter\u00eda, barricas de madera, cuba de enfriamiento, hornos&#8230;), actividad de regeneraci\u00f3n y almuerzo.<\/h2>\n<p>El almuerzo incluye una cata de nueve cervezas artesanales maridadas con nueve platos diferentes elaborados con ingredientes de origen local.<\/p>\n<p>Puedes consultar la informaci\u00f3n en nuestro calendario de actividades y experiencias o en la p\u00e1gina web de Fent Pa\u00eds.<\/p>\n<p>&nbsp;<\/p>\n","protected":false},"excerpt":{"rendered":"<p>Zitoexperiencia gastron\u00f3mica &#8211; Almuerzo Visita al taller y a la granja cervecera (campos, malter\u00eda, barricas de madera, cuba de enfriamiento, hornos&#8230;), actividad de regeneraci\u00f3n y almuerzo. El almuerzo incluye una cata de nueve cervezas artesanales maridadas con nueve platos diferentes elaborados con ingredientes de origen local. Puedes consultar la informaci\u00f3n en nuestro calendario de actividades [&hellip;]<\/p>\n","protected":false},"featured_media":19682,"template":"","meta":{"_acf_changed":false},"product_brand":[],"product_cat":[180],"product_tag":[],"class_list":{"0":"post-19715","1":"product","2":"type-product","3":"status-publish","4":"has-post-thumbnail","6":"product_cat-experiencies-lo-vilot","8":"first","9":"instock","10":"taxable","11":"shipping-taxable","12":"purchasable","13":"product-type-simple"},"acf":[],"yoast_head":"<!-- This site is optimized with the Yoast SEO plugin v27.4 - https:\/\/yoast.com\/product\/yoast-seo-wordpress\/ -->\n<title>Experincia Zitogastron\u00f3mica - Almuerzo - Granja Cervecera Lo Vilot<\/title>\n<meta name=\"description\" content=\"Experi\u00e8ncia Zitogastron\u00f2mica - Dinar. Experi\u00e8ncia regenerativa que inclou la visita complerta a la granja cervesera Lo Vilot i el dinar\/sopar amb maridatge.\" \/>\n<meta name=\"robots\" content=\"index, follow, max-snippet:-1, max-image-preview:large, max-video-preview:-1\" \/>\n<link rel=\"canonical\" href=\"https:\/\/www.lovilotfarmbrewery.com\/es\/producte\/experincia-zitogastronomica-almuerzo\/\" \/>\n<meta property=\"og:locale\" content=\"es_ES\" \/>\n<meta property=\"og:type\" content=\"article\" \/>\n<meta property=\"og:title\" content=\"Experincia Zitogastron\u00f3mica - Almuerzo - Granja Cervecera Lo Vilot\" \/>\n<meta property=\"og:description\" content=\"Experi\u00e8ncia Zitogastron\u00f2mica - Dinar. Experi\u00e8ncia regenerativa que inclou la visita complerta a la granja cervesera Lo Vilot i el dinar\/sopar amb maridatge.\" \/>\n<meta property=\"og:url\" content=\"https:\/\/www.lovilotfarmbrewery.com\/es\/producte\/experincia-zitogastronomica-almuerzo\/\" \/>\n<meta property=\"og:site_name\" content=\"Granja Cervecera Lo Vilot\" \/>\n<meta property=\"article:publisher\" content=\"https:\/\/www.facebook.com\/cervesalovilot\/\" \/>\n<meta property=\"og:image\" content=\"https:\/\/www.lovilotfarmbrewery.com\/wp-content\/uploads\/2026\/04\/3ec_2ce_d327d6381e554a108370119e52c626a1__7963288495854a26b59301837f100890.webp\" \/>\n\t<meta property=\"og:image:width\" content=\"1600\" \/>\n\t<meta property=\"og:image:height\" content=\"1067\" \/>\n\t<meta property=\"og:image:type\" content=\"image\/webp\" \/>\n<meta name=\"twitter:card\" content=\"summary_large_image\" \/>\n<meta name=\"twitter:site\" content=\"@Cervesa_LoVilot\" \/>\n<script type=\"application\/ld+json\" class=\"yoast-schema-graph\">{\"@context\":\"https:\\\/\\\/schema.org\",\"@graph\":[{\"@type\":\"WebPage\",\"@id\":\"https:\\\/\\\/www.lovilotfarmbrewery.com\\\/es\\\/producte\\\/experincia-zitogastronomica-almuerzo\\\/\",\"url\":\"https:\\\/\\\/www.lovilotfarmbrewery.com\\\/es\\\/producte\\\/experincia-zitogastronomica-almuerzo\\\/\",\"name\":\"Experincia Zitogastron\u00f3mica - Almuerzo - Granja Cervecera Lo Vilot\",\"isPartOf\":{\"@id\":\"https:\\\/\\\/www.lovilotfarmbrewery.com\\\/es\\\/#website\"},\"primaryImageOfPage\":{\"@id\":\"https:\\\/\\\/www.lovilotfarmbrewery.com\\\/es\\\/producte\\\/experincia-zitogastronomica-almuerzo\\\/#primaryimage\"},\"image\":{\"@id\":\"https:\\\/\\\/www.lovilotfarmbrewery.com\\\/es\\\/producte\\\/experincia-zitogastronomica-almuerzo\\\/#primaryimage\"},\"thumbnailUrl\":\"https:\\\/\\\/www.lovilotfarmbrewery.com\\\/wp-content\\\/uploads\\\/2026\\\/04\\\/3ec_2ce_d327d6381e554a108370119e52c626a1__7963288495854a26b59301837f100890.webp\",\"datePublished\":\"2026-04-18T11:40:58+00:00\",\"description\":\"Experi\u00e8ncia Zitogastron\u00f2mica - Dinar. Experi\u00e8ncia regenerativa que inclou la visita complerta a la granja cervesera Lo Vilot i el dinar\\\/sopar amb maridatge.\",\"breadcrumb\":{\"@id\":\"https:\\\/\\\/www.lovilotfarmbrewery.com\\\/es\\\/producte\\\/experincia-zitogastronomica-almuerzo\\\/#breadcrumb\"},\"inLanguage\":\"es\",\"potentialAction\":[{\"@type\":\"ReadAction\",\"target\":[\"https:\\\/\\\/www.lovilotfarmbrewery.com\\\/es\\\/producte\\\/experincia-zitogastronomica-almuerzo\\\/\"]}]},{\"@type\":\"ImageObject\",\"inLanguage\":\"es\",\"@id\":\"https:\\\/\\\/www.lovilotfarmbrewery.com\\\/es\\\/producte\\\/experincia-zitogastronomica-almuerzo\\\/#primaryimage\",\"url\":\"https:\\\/\\\/www.lovilotfarmbrewery.com\\\/wp-content\\\/uploads\\\/2026\\\/04\\\/3ec_2ce_d327d6381e554a108370119e52c626a1__7963288495854a26b59301837f100890.webp\",\"contentUrl\":\"https:\\\/\\\/www.lovilotfarmbrewery.com\\\/wp-content\\\/uploads\\\/2026\\\/04\\\/3ec_2ce_d327d6381e554a108370119e52c626a1__7963288495854a26b59301837f100890.webp\",\"width\":1600,\"height\":1067,\"caption\":\"Cerveses de l'experi\u00e8ncia Zitogastron\u00f2mica\"},{\"@type\":\"BreadcrumbList\",\"@id\":\"https:\\\/\\\/www.lovilotfarmbrewery.com\\\/es\\\/producte\\\/experincia-zitogastronomica-almuerzo\\\/#breadcrumb\",\"itemListElement\":[{\"@type\":\"ListItem\",\"position\":1,\"name\":\"inicio\",\"item\":\"https:\\\/\\\/www.lovilotfarmbrewery.com\\\/es\\\/\"},{\"@type\":\"ListItem\",\"position\":2,\"name\":\"Tienda\",\"item\":\"https:\\\/\\\/www.lovilotfarmbrewery.com\\\/botiga\\\/\"},{\"@type\":\"ListItem\",\"position\":3,\"name\":\"Experincia Zitogastron\u00f3mica &#8211; Almuerzo\"}]},{\"@type\":\"WebSite\",\"@id\":\"https:\\\/\\\/www.lovilotfarmbrewery.com\\\/es\\\/#website\",\"url\":\"https:\\\/\\\/www.lovilotfarmbrewery.com\\\/es\\\/\",\"name\":\"lovilotfarmbrewery\",\"description\":\"Full Circle Beer Project\",\"publisher\":{\"@id\":\"https:\\\/\\\/www.lovilotfarmbrewery.com\\\/es\\\/#organization\"},\"potentialAction\":[{\"@type\":\"SearchAction\",\"target\":{\"@type\":\"EntryPoint\",\"urlTemplate\":\"https:\\\/\\\/www.lovilotfarmbrewery.com\\\/es\\\/?s={search_term_string}\"},\"query-input\":{\"@type\":\"PropertyValueSpecification\",\"valueRequired\":true,\"valueName\":\"search_term_string\"}}],\"inLanguage\":\"es\"},{\"@type\":\"Organization\",\"@id\":\"https:\\\/\\\/www.lovilotfarmbrewery.com\\\/es\\\/#organization\",\"name\":\"LO VILOT FARM BREWERY SCCL\",\"url\":\"https:\\\/\\\/www.lovilotfarmbrewery.com\\\/es\\\/\",\"logo\":{\"@type\":\"ImageObject\",\"inLanguage\":\"es\",\"@id\":\"https:\\\/\\\/www.lovilotfarmbrewery.com\\\/es\\\/#\\\/schema\\\/logo\\\/image\\\/\",\"url\":\"https:\\\/\\\/www.lovilotfarmbrewery.com\\\/wp-content\\\/uploads\\\/2025\\\/12\\\/LOGO-LO-VILOT-FARM-BREWERY.png\",\"contentUrl\":\"https:\\\/\\\/www.lovilotfarmbrewery.com\\\/wp-content\\\/uploads\\\/2025\\\/12\\\/LOGO-LO-VILOT-FARM-BREWERY.png\",\"width\":1573,\"height\":1538,\"caption\":\"LO VILOT FARM BREWERY SCCL\"},\"image\":{\"@id\":\"https:\\\/\\\/www.lovilotfarmbrewery.com\\\/es\\\/#\\\/schema\\\/logo\\\/image\\\/\"},\"sameAs\":[\"https:\\\/\\\/www.facebook.com\\\/cervesalovilot\\\/\",\"https:\\\/\\\/x.com\\\/Cervesa_LoVilot\",\"https:\\\/\\\/www.instagram.com\\\/cervesa_lo_vilot\\\/\",\"https:\\\/\\\/www.linkedin.com\\\/in\\\/cervesalovilot\\\/\",\"https:\\\/\\\/www.pinterest.es\\\/cervesalovilot\\\/\",\"https:\\\/\\\/www.youtube.com\\\/channel\\\/UCOSbcxuoPP0XKngEFXyP-aQ?view_as=subscriber\"]}]}<\/script>\n<!-- \/ Yoast SEO plugin. -->","yoast_head_json":{"title":"Experincia Zitogastron\u00f3mica - Almuerzo - Granja Cervecera Lo Vilot","description":"Experi\u00e8ncia Zitogastron\u00f2mica - Dinar. Experi\u00e8ncia regenerativa que inclou la visita complerta a la granja cervesera Lo Vilot i el dinar\/sopar amb maridatge.","robots":{"index":"index","follow":"follow","max-snippet":"max-snippet:-1","max-image-preview":"max-image-preview:large","max-video-preview":"max-video-preview:-1"},"canonical":"https:\/\/www.lovilotfarmbrewery.com\/es\/producte\/experincia-zitogastronomica-almuerzo\/","og_locale":"es_ES","og_type":"article","og_title":"Experincia Zitogastron\u00f3mica - Almuerzo - Granja Cervecera Lo Vilot","og_description":"Experi\u00e8ncia Zitogastron\u00f2mica - Dinar. Experi\u00e8ncia regenerativa que inclou la visita complerta a la granja cervesera Lo Vilot i el dinar\/sopar amb maridatge.","og_url":"https:\/\/www.lovilotfarmbrewery.com\/es\/producte\/experincia-zitogastronomica-almuerzo\/","og_site_name":"Granja Cervecera Lo Vilot","article_publisher":"https:\/\/www.facebook.com\/cervesalovilot\/","og_image":[{"width":1600,"height":1067,"url":"https:\/\/www.lovilotfarmbrewery.com\/wp-content\/uploads\/2026\/04\/3ec_2ce_d327d6381e554a108370119e52c626a1__7963288495854a26b59301837f100890.webp","type":"image\/webp"}],"twitter_card":"summary_large_image","twitter_site":"@Cervesa_LoVilot","schema":{"@context":"https:\/\/schema.org","@graph":[{"@type":"WebPage","@id":"https:\/\/www.lovilotfarmbrewery.com\/es\/producte\/experincia-zitogastronomica-almuerzo\/","url":"https:\/\/www.lovilotfarmbrewery.com\/es\/producte\/experincia-zitogastronomica-almuerzo\/","name":"Experincia Zitogastron\u00f3mica - Almuerzo - Granja Cervecera Lo Vilot","isPartOf":{"@id":"https:\/\/www.lovilotfarmbrewery.com\/es\/#website"},"primaryImageOfPage":{"@id":"https:\/\/www.lovilotfarmbrewery.com\/es\/producte\/experincia-zitogastronomica-almuerzo\/#primaryimage"},"image":{"@id":"https:\/\/www.lovilotfarmbrewery.com\/es\/producte\/experincia-zitogastronomica-almuerzo\/#primaryimage"},"thumbnailUrl":"https:\/\/www.lovilotfarmbrewery.com\/wp-content\/uploads\/2026\/04\/3ec_2ce_d327d6381e554a108370119e52c626a1__7963288495854a26b59301837f100890.webp","datePublished":"2026-04-18T11:40:58+00:00","description":"Experi\u00e8ncia Zitogastron\u00f2mica - Dinar. Experi\u00e8ncia regenerativa que inclou la visita complerta a la granja cervesera Lo Vilot i el dinar\/sopar amb maridatge.","breadcrumb":{"@id":"https:\/\/www.lovilotfarmbrewery.com\/es\/producte\/experincia-zitogastronomica-almuerzo\/#breadcrumb"},"inLanguage":"es","potentialAction":[{"@type":"ReadAction","target":["https:\/\/www.lovilotfarmbrewery.com\/es\/producte\/experincia-zitogastronomica-almuerzo\/"]}]},{"@type":"ImageObject","inLanguage":"es","@id":"https:\/\/www.lovilotfarmbrewery.com\/es\/producte\/experincia-zitogastronomica-almuerzo\/#primaryimage","url":"https:\/\/www.lovilotfarmbrewery.com\/wp-content\/uploads\/2026\/04\/3ec_2ce_d327d6381e554a108370119e52c626a1__7963288495854a26b59301837f100890.webp","contentUrl":"https:\/\/www.lovilotfarmbrewery.com\/wp-content\/uploads\/2026\/04\/3ec_2ce_d327d6381e554a108370119e52c626a1__7963288495854a26b59301837f100890.webp","width":1600,"height":1067,"caption":"Cerveses de l'experi\u00e8ncia Zitogastron\u00f2mica"},{"@type":"BreadcrumbList","@id":"https:\/\/www.lovilotfarmbrewery.com\/es\/producte\/experincia-zitogastronomica-almuerzo\/#breadcrumb","itemListElement":[{"@type":"ListItem","position":1,"name":"inicio","item":"https:\/\/www.lovilotfarmbrewery.com\/es\/"},{"@type":"ListItem","position":2,"name":"Tienda","item":"https:\/\/www.lovilotfarmbrewery.com\/botiga\/"},{"@type":"ListItem","position":3,"name":"Experincia Zitogastron\u00f3mica &#8211; Almuerzo"}]},{"@type":"WebSite","@id":"https:\/\/www.lovilotfarmbrewery.com\/es\/#website","url":"https:\/\/www.lovilotfarmbrewery.com\/es\/","name":"lovilotfarmbrewery","description":"Full Circle Beer Project","publisher":{"@id":"https:\/\/www.lovilotfarmbrewery.com\/es\/#organization"},"potentialAction":[{"@type":"SearchAction","target":{"@type":"EntryPoint","urlTemplate":"https:\/\/www.lovilotfarmbrewery.com\/es\/?s={search_term_string}"},"query-input":{"@type":"PropertyValueSpecification","valueRequired":true,"valueName":"search_term_string"}}],"inLanguage":"es"},{"@type":"Organization","@id":"https:\/\/www.lovilotfarmbrewery.com\/es\/#organization","name":"LO VILOT FARM BREWERY SCCL","url":"https:\/\/www.lovilotfarmbrewery.com\/es\/","logo":{"@type":"ImageObject","inLanguage":"es","@id":"https:\/\/www.lovilotfarmbrewery.com\/es\/#\/schema\/logo\/image\/","url":"https:\/\/www.lovilotfarmbrewery.com\/wp-content\/uploads\/2025\/12\/LOGO-LO-VILOT-FARM-BREWERY.png","contentUrl":"https:\/\/www.lovilotfarmbrewery.com\/wp-content\/uploads\/2025\/12\/LOGO-LO-VILOT-FARM-BREWERY.png","width":1573,"height":1538,"caption":"LO VILOT FARM BREWERY SCCL"},"image":{"@id":"https:\/\/www.lovilotfarmbrewery.com\/es\/#\/schema\/logo\/image\/"},"sameAs":["https:\/\/www.facebook.com\/cervesalovilot\/","https:\/\/x.com\/Cervesa_LoVilot","https:\/\/www.instagram.com\/cervesa_lo_vilot\/","https:\/\/www.linkedin.com\/in\/cervesalovilot\/","https:\/\/www.pinterest.es\/cervesalovilot\/","https:\/\/www.youtube.com\/channel\/UCOSbcxuoPP0XKngEFXyP-aQ?view_as=subscriber"]}]}},"_links":{"self":[{"href":"https:\/\/www.lovilotfarmbrewery.com\/es\/wp-json\/wp\/v2\/product\/19715","targetHints":{"allow":["GET"]}}],"collection":[{"href":"https:\/\/www.lovilotfarmbrewery.com\/es\/wp-json\/wp\/v2\/product"}],"about":[{"href":"https:\/\/www.lovilotfarmbrewery.com\/es\/wp-json\/wp\/v2\/types\/product"}],"wp:featuredmedia":[{"embeddable":true,"href":"https:\/\/www.lovilotfarmbrewery.com\/es\/wp-json\/wp\/v2\/media\/19682"}],"wp:attachment":[{"href":"https:\/\/www.lovilotfarmbrewery.com\/es\/wp-json\/wp\/v2\/media?parent=19715"}],"wp:term":[{"taxonomy":"product_brand","embeddable":true,"href":"https:\/\/www.lovilotfarmbrewery.com\/es\/wp-json\/wp\/v2\/product_brand?post=19715"},{"taxonomy":"product_cat","embeddable":true,"href":"https:\/\/www.lovilotfarmbrewery.com\/es\/wp-json\/wp\/v2\/product_cat?post=19715"},{"taxonomy":"product_tag","embeddable":true,"href":"https:\/\/www.lovilotfarmbrewery.com\/es\/wp-json\/wp\/v2\/product_tag?post=19715"}],"curies":[{"name":"wp","href":"https:\/\/api.w.org\/{rel}","templated":true}]}}