{"id":19016,"date":"2026-03-12T10:31:08","date_gmt":"2026-03-12T10:31:08","guid":{"rendered":"https:\/\/lovilotfarmbrewery.com\/?post_type=product&p=19016"},"modified":"2026-03-12T10:31:08","modified_gmt":"2026-03-12T10:31:08","slug":"betabel-2","status":"publish","type":"product","link":"https:\/\/www.lovilotfarmbrewery.com\/es\/producte\/betabel-2\/","title":{"rendered":"Betabel"},"content":{"rendered":"<p><strong>Fermentaci\u00f3n espont\u00e1nea en coolship. Salvaje. Temperatura 6-8 \u00b0C. Alcohol 6,8%.<\/strong><br \/>\nCerveza \u00e1cida elaborada con maltas y l\u00fapulos ecol\u00f3gicos de producci\u00f3n propia , y microorganismos del ambiente de nuestra granja cervecera. Envejecida en botas de roble durante 24 meses. Acabada con remolacha. Medalla de oro internacional en el Barcelona Beer Challenge 2024.<\/p>\n","protected":false},"excerpt":{"rendered":"<p>Fermentaci\u00f3n espont\u00e1nea en coolship. Salvaje. Temperatura 6-8 \u00b0C. Alcohol 6,8%. Cerveza \u00e1cida elaborada con maltas y l\u00fapulos ecol\u00f3gicos de producci\u00f3n propia , y microorganismos del ambiente de nuestra granja cervecera. Envejecida en botas de roble durante 24 meses. Acabada con remolacha. Medalla de oro internacional en el Barcelona Beer Challenge 2024.<\/p>\n","protected":false},"featured_media":19468,"template":"","meta":{"_acf_changed":false},"product_brand":[],"product_cat":[146],"product_tag":[],"class_list":{"0":"post-19016","1":"product","2":"type-product","3":"status-publish","4":"has-post-thumbnail","6":"product_cat-cervezas-artesanales-acidas","8":"first","9":"instock","10":"taxable","11":"shipping-taxable","12":"purchasable","13":"product-type-variable"},"acf":[],"yoast_head":"<!-- This site is optimized with the Yoast SEO plugin v27.4 - https:\/\/yoast.com\/product\/yoast-seo-wordpress\/ -->\n<title>Betabel - Granja Cervecera Lo Vilot<\/title>\n<meta name=\"robots\" content=\"index, follow, max-snippet:-1, max-image-preview:large, max-video-preview:-1\" \/>\n<link rel=\"canonical\" href=\"https:\/\/www.lovilotfarmbrewery.com\/es\/producte\/betabel-2\/\" \/>\n<meta property=\"og:locale\" content=\"es_ES\" \/>\n<meta property=\"og:type\" content=\"article\" \/>\n<meta property=\"og:title\" content=\"Betabel - Granja Cervecera Lo Vilot\" \/>\n<meta property=\"og:description\" content=\"Fermentaci\u00f3n espont\u00e1nea en coolship. Salvaje. Temperatura 6-8 \u00b0C. Alcohol 6,8%. Cerveza \u00e1cida elaborada con maltas y l\u00fapulos ecol\u00f3gicos de producci\u00f3n propia , y microorganismos del ambiente de nuestra granja cervecera. Envejecida en botas de roble durante 24 meses. Acabada con remolacha. Medalla de oro internacional en el Barcelona Beer Challenge 2024.\" \/>\n<meta property=\"og:url\" content=\"https:\/\/www.lovilotfarmbrewery.com\/es\/producte\/betabel-2\/\" \/>\n<meta property=\"og:site_name\" content=\"Granja Cervecera Lo Vilot\" \/>\n<meta property=\"article:publisher\" content=\"https:\/\/www.facebook.com\/cervesalovilot\/\" \/>\n<meta property=\"og:image\" content=\"https:\/\/www.lovilotfarmbrewery.com\/wp-content\/uploads\/2024\/11\/BETABEL.jpg\" \/>\n\t<meta property=\"og:image:width\" content=\"1000\" \/>\n\t<meta property=\"og:image:height\" content=\"991\" \/>\n\t<meta property=\"og:image:type\" content=\"image\/jpeg\" \/>\n<meta name=\"twitter:card\" content=\"summary_large_image\" \/>\n<meta name=\"twitter:site\" content=\"@Cervesa_LoVilot\" \/>\n<script type=\"application\/ld+json\" class=\"yoast-schema-graph\">{\"@context\":\"https:\\\/\\\/schema.org\",\"@graph\":[{\"@type\":\"WebPage\",\"@id\":\"https:\\\/\\\/www.lovilotfarmbrewery.com\\\/es\\\/producte\\\/betabel-2\\\/\",\"url\":\"https:\\\/\\\/www.lovilotfarmbrewery.com\\\/es\\\/producte\\\/betabel-2\\\/\",\"name\":\"Betabel - Granja Cervecera Lo Vilot\",\"isPartOf\":{\"@id\":\"https:\\\/\\\/www.lovilotfarmbrewery.com\\\/es\\\/#website\"},\"primaryImageOfPage\":{\"@id\":\"https:\\\/\\\/www.lovilotfarmbrewery.com\\\/es\\\/producte\\\/betabel-2\\\/#primaryimage\"},\"image\":{\"@id\":\"https:\\\/\\\/www.lovilotfarmbrewery.com\\\/es\\\/producte\\\/betabel-2\\\/#primaryimage\"},\"thumbnailUrl\":\"https:\\\/\\\/www.lovilotfarmbrewery.com\\\/wp-content\\\/uploads\\\/2024\\\/11\\\/BETABEL.jpg\",\"datePublished\":\"2026-03-12T10:31:08+00:00\",\"breadcrumb\":{\"@id\":\"https:\\\/\\\/www.lovilotfarmbrewery.com\\\/es\\\/producte\\\/betabel-2\\\/#breadcrumb\"},\"inLanguage\":\"es\",\"potentialAction\":[{\"@type\":\"ReadAction\",\"target\":[\"https:\\\/\\\/www.lovilotfarmbrewery.com\\\/es\\\/producte\\\/betabel-2\\\/\"]}]},{\"@type\":\"ImageObject\",\"inLanguage\":\"es\",\"@id\":\"https:\\\/\\\/www.lovilotfarmbrewery.com\\\/es\\\/producte\\\/betabel-2\\\/#primaryimage\",\"url\":\"https:\\\/\\\/www.lovilotfarmbrewery.com\\\/wp-content\\\/uploads\\\/2024\\\/11\\\/BETABEL.jpg\",\"contentUrl\":\"https:\\\/\\\/www.lovilotfarmbrewery.com\\\/wp-content\\\/uploads\\\/2024\\\/11\\\/BETABEL.jpg\",\"width\":1000,\"height\":991,\"caption\":\"Betabel\"},{\"@type\":\"BreadcrumbList\",\"@id\":\"https:\\\/\\\/www.lovilotfarmbrewery.com\\\/es\\\/producte\\\/betabel-2\\\/#breadcrumb\",\"itemListElement\":[{\"@type\":\"ListItem\",\"position\":1,\"name\":\"inicio\",\"item\":\"https:\\\/\\\/www.lovilotfarmbrewery.com\\\/es\\\/\"},{\"@type\":\"ListItem\",\"position\":2,\"name\":\"Tienda\",\"item\":\"https:\\\/\\\/www.lovilotfarmbrewery.com\\\/botiga\\\/\"},{\"@type\":\"ListItem\",\"position\":3,\"name\":\"Betabel\"}]},{\"@type\":\"WebSite\",\"@id\":\"https:\\\/\\\/www.lovilotfarmbrewery.com\\\/es\\\/#website\",\"url\":\"https:\\\/\\\/www.lovilotfarmbrewery.com\\\/es\\\/\",\"name\":\"lovilotfarmbrewery\",\"description\":\"Full Circle Beer Project\",\"publisher\":{\"@id\":\"https:\\\/\\\/www.lovilotfarmbrewery.com\\\/es\\\/#organization\"},\"potentialAction\":[{\"@type\":\"SearchAction\",\"target\":{\"@type\":\"EntryPoint\",\"urlTemplate\":\"https:\\\/\\\/www.lovilotfarmbrewery.com\\\/es\\\/?s={search_term_string}\"},\"query-input\":{\"@type\":\"PropertyValueSpecification\",\"valueRequired\":true,\"valueName\":\"search_term_string\"}}],\"inLanguage\":\"es\"},{\"@type\":\"Organization\",\"@id\":\"https:\\\/\\\/www.lovilotfarmbrewery.com\\\/es\\\/#organization\",\"name\":\"LO VILOT FARM BREWERY SCCL\",\"url\":\"https:\\\/\\\/www.lovilotfarmbrewery.com\\\/es\\\/\",\"logo\":{\"@type\":\"ImageObject\",\"inLanguage\":\"es\",\"@id\":\"https:\\\/\\\/www.lovilotfarmbrewery.com\\\/es\\\/#\\\/schema\\\/logo\\\/image\\\/\",\"url\":\"https:\\\/\\\/www.lovilotfarmbrewery.com\\\/wp-content\\\/uploads\\\/2025\\\/12\\\/LOGO-LO-VILOT-FARM-BREWERY.png\",\"contentUrl\":\"https:\\\/\\\/www.lovilotfarmbrewery.com\\\/wp-content\\\/uploads\\\/2025\\\/12\\\/LOGO-LO-VILOT-FARM-BREWERY.png\",\"width\":1573,\"height\":1538,\"caption\":\"LO VILOT FARM BREWERY SCCL\"},\"image\":{\"@id\":\"https:\\\/\\\/www.lovilotfarmbrewery.com\\\/es\\\/#\\\/schema\\\/logo\\\/image\\\/\"},\"sameAs\":[\"https:\\\/\\\/www.facebook.com\\\/cervesalovilot\\\/\",\"https:\\\/\\\/x.com\\\/Cervesa_LoVilot\",\"https:\\\/\\\/www.instagram.com\\\/cervesa_lo_vilot\\\/\",\"https:\\\/\\\/www.linkedin.com\\\/in\\\/cervesalovilot\\\/\",\"https:\\\/\\\/www.pinterest.es\\\/cervesalovilot\\\/\",\"https:\\\/\\\/www.youtube.com\\\/channel\\\/UCOSbcxuoPP0XKngEFXyP-aQ?view_as=subscriber\"]}]}<\/script>\n<!-- \/ Yoast SEO plugin. -->","yoast_head_json":{"title":"Betabel - Granja Cervecera Lo Vilot","robots":{"index":"index","follow":"follow","max-snippet":"max-snippet:-1","max-image-preview":"max-image-preview:large","max-video-preview":"max-video-preview:-1"},"canonical":"https:\/\/www.lovilotfarmbrewery.com\/es\/producte\/betabel-2\/","og_locale":"es_ES","og_type":"article","og_title":"Betabel - Granja Cervecera Lo Vilot","og_description":"Fermentaci\u00f3n espont\u00e1nea en coolship. Salvaje. Temperatura 6-8 \u00b0C. Alcohol 6,8%. Cerveza \u00e1cida elaborada con maltas y l\u00fapulos ecol\u00f3gicos de producci\u00f3n propia , y microorganismos del ambiente de nuestra granja cervecera. Envejecida en botas de roble durante 24 meses. Acabada con remolacha. Medalla de oro internacional en el Barcelona Beer Challenge 2024.","og_url":"https:\/\/www.lovilotfarmbrewery.com\/es\/producte\/betabel-2\/","og_site_name":"Granja Cervecera Lo Vilot","article_publisher":"https:\/\/www.facebook.com\/cervesalovilot\/","og_image":[{"width":1000,"height":991,"url":"https:\/\/www.lovilotfarmbrewery.com\/wp-content\/uploads\/2024\/11\/BETABEL.jpg","type":"image\/jpeg"}],"twitter_card":"summary_large_image","twitter_site":"@Cervesa_LoVilot","schema":{"@context":"https:\/\/schema.org","@graph":[{"@type":"WebPage","@id":"https:\/\/www.lovilotfarmbrewery.com\/es\/producte\/betabel-2\/","url":"https:\/\/www.lovilotfarmbrewery.com\/es\/producte\/betabel-2\/","name":"Betabel - Granja Cervecera Lo Vilot","isPartOf":{"@id":"https:\/\/www.lovilotfarmbrewery.com\/es\/#website"},"primaryImageOfPage":{"@id":"https:\/\/www.lovilotfarmbrewery.com\/es\/producte\/betabel-2\/#primaryimage"},"image":{"@id":"https:\/\/www.lovilotfarmbrewery.com\/es\/producte\/betabel-2\/#primaryimage"},"thumbnailUrl":"https:\/\/www.lovilotfarmbrewery.com\/wp-content\/uploads\/2024\/11\/BETABEL.jpg","datePublished":"2026-03-12T10:31:08+00:00","breadcrumb":{"@id":"https:\/\/www.lovilotfarmbrewery.com\/es\/producte\/betabel-2\/#breadcrumb"},"inLanguage":"es","potentialAction":[{"@type":"ReadAction","target":["https:\/\/www.lovilotfarmbrewery.com\/es\/producte\/betabel-2\/"]}]},{"@type":"ImageObject","inLanguage":"es","@id":"https:\/\/www.lovilotfarmbrewery.com\/es\/producte\/betabel-2\/#primaryimage","url":"https:\/\/www.lovilotfarmbrewery.com\/wp-content\/uploads\/2024\/11\/BETABEL.jpg","contentUrl":"https:\/\/www.lovilotfarmbrewery.com\/wp-content\/uploads\/2024\/11\/BETABEL.jpg","width":1000,"height":991,"caption":"Betabel"},{"@type":"BreadcrumbList","@id":"https:\/\/www.lovilotfarmbrewery.com\/es\/producte\/betabel-2\/#breadcrumb","itemListElement":[{"@type":"ListItem","position":1,"name":"inicio","item":"https:\/\/www.lovilotfarmbrewery.com\/es\/"},{"@type":"ListItem","position":2,"name":"Tienda","item":"https:\/\/www.lovilotfarmbrewery.com\/botiga\/"},{"@type":"ListItem","position":3,"name":"Betabel"}]},{"@type":"WebSite","@id":"https:\/\/www.lovilotfarmbrewery.com\/es\/#website","url":"https:\/\/www.lovilotfarmbrewery.com\/es\/","name":"lovilotfarmbrewery","description":"Full Circle Beer Project","publisher":{"@id":"https:\/\/www.lovilotfarmbrewery.com\/es\/#organization"},"potentialAction":[{"@type":"SearchAction","target":{"@type":"EntryPoint","urlTemplate":"https:\/\/www.lovilotfarmbrewery.com\/es\/?s={search_term_string}"},"query-input":{"@type":"PropertyValueSpecification","valueRequired":true,"valueName":"search_term_string"}}],"inLanguage":"es"},{"@type":"Organization","@id":"https:\/\/www.lovilotfarmbrewery.com\/es\/#organization","name":"LO VILOT FARM BREWERY SCCL","url":"https:\/\/www.lovilotfarmbrewery.com\/es\/","logo":{"@type":"ImageObject","inLanguage":"es","@id":"https:\/\/www.lovilotfarmbrewery.com\/es\/#\/schema\/logo\/image\/","url":"https:\/\/www.lovilotfarmbrewery.com\/wp-content\/uploads\/2025\/12\/LOGO-LO-VILOT-FARM-BREWERY.png","contentUrl":"https:\/\/www.lovilotfarmbrewery.com\/wp-content\/uploads\/2025\/12\/LOGO-LO-VILOT-FARM-BREWERY.png","width":1573,"height":1538,"caption":"LO VILOT FARM BREWERY SCCL"},"image":{"@id":"https:\/\/www.lovilotfarmbrewery.com\/es\/#\/schema\/logo\/image\/"},"sameAs":["https:\/\/www.facebook.com\/cervesalovilot\/","https:\/\/x.com\/Cervesa_LoVilot","https:\/\/www.instagram.com\/cervesa_lo_vilot\/","https:\/\/www.linkedin.com\/in\/cervesalovilot\/","https:\/\/www.pinterest.es\/cervesalovilot\/","https:\/\/www.youtube.com\/channel\/UCOSbcxuoPP0XKngEFXyP-aQ?view_as=subscriber"]}]}},"_links":{"self":[{"href":"https:\/\/www.lovilotfarmbrewery.com\/es\/wp-json\/wp\/v2\/product\/19016","targetHints":{"allow":["GET"]}}],"collection":[{"href":"https:\/\/www.lovilotfarmbrewery.com\/es\/wp-json\/wp\/v2\/product"}],"about":[{"href":"https:\/\/www.lovilotfarmbrewery.com\/es\/wp-json\/wp\/v2\/types\/product"}],"wp:featuredmedia":[{"embeddable":true,"href":"https:\/\/www.lovilotfarmbrewery.com\/es\/wp-json\/wp\/v2\/media\/19468"}],"wp:attachment":[{"href":"https:\/\/www.lovilotfarmbrewery.com\/es\/wp-json\/wp\/v2\/media?parent=19016"}],"wp:term":[{"taxonomy":"product_brand","embeddable":true,"href":"https:\/\/www.lovilotfarmbrewery.com\/es\/wp-json\/wp\/v2\/product_brand?post=19016"},{"taxonomy":"product_cat","embeddable":true,"href":"https:\/\/www.lovilotfarmbrewery.com\/es\/wp-json\/wp\/v2\/product_cat?post=19016"},{"taxonomy":"product_tag","embeddable":true,"href":"https:\/\/www.lovilotfarmbrewery.com\/es\/wp-json\/wp\/v2\/product_tag?post=19016"}],"curies":[{"name":"wp","href":"https:\/\/api.w.org\/{rel}","templated":true}]}}