{"id":405,"date":"2017-05-18T14:56:12","date_gmt":"2017-05-18T14:56:12","guid":{"rendered":"http:\/\/www.lovilotfarmbrewery.com\/es\/?page_id=405"},"modified":"2026-04-16T21:44:18","modified_gmt":"2026-04-16T21:44:18","slug":"cerveceria","status":"publish","type":"page","link":"https:\/\/www.lovilotfarmbrewery.com\/es\/full-circle-beer-project\/cerveceria\/","title":{"rendered":"F\u00e1brica"},"content":{"rendered":"\t\t<div data-elementor-type=\"wp-page\" data-elementor-id=\"405\" class=\"elementor elementor-405 elementor-310\" data-elementor-post-type=\"page\">\n\t\t\t\t<div class=\"elementor-element elementor-element-7fe936da e-flex e-con-boxed e-con e-parent\" data-id=\"7fe936da\" data-element_type=\"container\" data-e-type=\"container\">\n\t\t\t\t\t<div class=\"e-con-inner\">\n\t\t\t\t<div class=\"elementor-element elementor-element-ec70261 elementor-widget elementor-widget-image\" data-id=\"ec70261\" data-element_type=\"widget\" data-e-type=\"widget\" data-widget_type=\"image.default\">\n\t\t\t\t\t\t\t\t\t\t\t\t\t\t\t<img fetchpriority=\"high\" decoding=\"async\" width=\"800\" height=\"800\" src=\"https:\/\/www.lovilotfarmbrewery.com\/wp-content\/uploads\/2017\/03\/icona3-1024x1024.png\" class=\"attachment-large size-large wp-image-18062\" alt=\"\" srcset=\"https:\/\/www.lovilotfarmbrewery.com\/wp-content\/uploads\/2017\/03\/icona3-1024x1024.png 1024w, https:\/\/www.lovilotfarmbrewery.com\/wp-content\/uploads\/2017\/03\/icona3-150x150.png 150w, https:\/\/www.lovilotfarmbrewery.com\/wp-content\/uploads\/2017\/03\/icona3-300x300.png 300w, https:\/\/www.lovilotfarmbrewery.com\/wp-content\/uploads\/2017\/03\/icona3-768x768.png 768w\" sizes=\"(max-width: 800px) 100vw, 800px\" \/>\t\t\t\t\t\t\t\t\t\t\t\t\t\t\t<\/div>\n\t\t\t\t<div class=\"elementor-element elementor-element-46e7fb9c elementor-widget elementor-widget-text-editor\" data-id=\"46e7fb9c\" data-element_type=\"widget\" data-e-type=\"widget\" data-widget_type=\"text-editor.default\">\n\t\t\t\t\t\t\t\t\t<div class=\"col-md-6\" style=\"font-size: 27px;\">\r\n<div class=\"col-md-6\">\r\n\r\nNuestro taller se encuentra en el pueblo de Almacelles, en la planta baja del n\u00famero 19 de la calle Sant Josep.\r\n\r\nEsta casa es la granja de nuestros tatarabuelos, una vivienda que data de mediados del siglo XIX y que renovamos en 2015 para albergar la cervecer\u00eda.\r\n\r\n<\/div><br><div class=\"col-md-6\"><img decoding=\"async\" class=\"alignnone size-large wp-image-152\" src=\"http:\/\/www.lovilotfarmbrewery.com\/wp-content\/uploads\/2017\/02\/Ilustraci\u00f34-1024x512.png\" alt=\"\" width=\"100%\" \/><\/div><br><\/div>\t\t\t\t\t\t\t\t<\/div>\n\t\t\t\t\t<\/div>\n\t\t\t\t<\/div>\n\t\t\t\t<\/div>\n\t\t","protected":false},"excerpt":{"rendered":"<p>Nuestro taller se encuentra en el pueblo de Almacelles, en la planta baja del n\u00famero 19 de la calle Sant Josep. Esta casa es la granja de nuestros tatarabuelos, una vivienda que data de mediados del siglo XIX y que renovamos en 2015 para albergar la cervecer\u00eda.<\/p>\n","protected":false},"author":1,"featured_media":0,"parent":380,"menu_order":0,"comment_status":"closed","ping_status":"closed","template":"","meta":{"_acf_changed":false,"footnotes":""},"class_list":["post-405","page","type-page","status-publish","hentry"],"acf":[],"yoast_head":"<!-- This site is optimized with the Yoast SEO plugin v27.4 - https:\/\/yoast.com\/product\/yoast-seo-wordpress\/ -->\n<title>F\u00e1brica - Granja Cervecera Lo Vilot<\/title>\n<meta name=\"description\" content=\"Cervecer\u00eda. Cerveza artesanal. Almacelles. Producci\u00f3n local. Cerveza artesanal\" \/>\n<meta name=\"robots\" content=\"index, follow, max-snippet:-1, max-image-preview:large, max-video-preview:-1\" \/>\n<link rel=\"canonical\" href=\"https:\/\/www.lovilotfarmbrewery.com\/es\/full-circle-beer-project\/cerveceria\/\" \/>\n<meta property=\"og:locale\" content=\"es_ES\" \/>\n<meta property=\"og:type\" content=\"article\" \/>\n<meta property=\"og:title\" content=\"F\u00e1brica - Granja Cervecera Lo Vilot\" \/>\n<meta property=\"og:description\" content=\"Cervecer\u00eda. Cerveza artesanal. Almacelles. Producci\u00f3n local. Cerveza artesanal\" \/>\n<meta property=\"og:url\" content=\"https:\/\/www.lovilotfarmbrewery.com\/es\/full-circle-beer-project\/cerveceria\/\" \/>\n<meta property=\"og:site_name\" content=\"Granja Cervecera Lo Vilot\" \/>\n<meta property=\"article:publisher\" content=\"https:\/\/www.facebook.com\/cervesalovilot\/\" \/>\n<meta property=\"article:modified_time\" content=\"2026-04-16T21:44:18+00:00\" \/>\n<meta property=\"og:image\" content=\"https:\/\/www.lovilotfarmbrewery.com\/wp-content\/uploads\/2017\/03\/icona3.png\" \/>\n\t<meta property=\"og:image:width\" content=\"2085\" \/>\n\t<meta property=\"og:image:height\" content=\"2084\" \/>\n\t<meta property=\"og:image:type\" content=\"image\/png\" \/>\n<meta name=\"twitter:card\" content=\"summary_large_image\" \/>\n<meta name=\"twitter:site\" content=\"@Cervesa_LoVilot\" \/>\n<meta name=\"twitter:label1\" content=\"Tiempo de lectura\" \/>\n\t<meta name=\"twitter:data1\" content=\"1 minuto\" \/>\n<script type=\"application\/ld+json\" class=\"yoast-schema-graph\">{\"@context\":\"https:\\\/\\\/schema.org\",\"@graph\":[{\"@type\":\"WebPage\",\"@id\":\"https:\\\/\\\/www.lovilotfarmbrewery.com\\\/es\\\/full-circle-beer-project\\\/cerveceria\\\/\",\"url\":\"https:\\\/\\\/www.lovilotfarmbrewery.com\\\/es\\\/full-circle-beer-project\\\/cerveceria\\\/\",\"name\":\"F\u00e1brica - Granja Cervecera Lo Vilot\",\"isPartOf\":{\"@id\":\"https:\\\/\\\/www.lovilotfarmbrewery.com\\\/es\\\/#website\"},\"primaryImageOfPage\":{\"@id\":\"https:\\\/\\\/www.lovilotfarmbrewery.com\\\/es\\\/full-circle-beer-project\\\/cerveceria\\\/#primaryimage\"},\"image\":{\"@id\":\"https:\\\/\\\/www.lovilotfarmbrewery.com\\\/es\\\/full-circle-beer-project\\\/cerveceria\\\/#primaryimage\"},\"thumbnailUrl\":\"https:\\\/\\\/www.lovilotfarmbrewery.com\\\/wp-content\\\/uploads\\\/2017\\\/03\\\/icona3-1024x1024.png\",\"datePublished\":\"2017-05-18T14:56:12+00:00\",\"dateModified\":\"2026-04-16T21:44:18+00:00\",\"description\":\"Cervecer\u00eda. Cerveza artesanal. Almacelles. Producci\u00f3n local. Cerveza artesanal\",\"breadcrumb\":{\"@id\":\"https:\\\/\\\/www.lovilotfarmbrewery.com\\\/es\\\/full-circle-beer-project\\\/cerveceria\\\/#breadcrumb\"},\"inLanguage\":\"es\",\"potentialAction\":[{\"@type\":\"ReadAction\",\"target\":[\"https:\\\/\\\/www.lovilotfarmbrewery.com\\\/es\\\/full-circle-beer-project\\\/cerveceria\\\/\"]}]},{\"@type\":\"ImageObject\",\"inLanguage\":\"es\",\"@id\":\"https:\\\/\\\/www.lovilotfarmbrewery.com\\\/es\\\/full-circle-beer-project\\\/cerveceria\\\/#primaryimage\",\"url\":\"https:\\\/\\\/www.lovilotfarmbrewery.com\\\/wp-content\\\/uploads\\\/2017\\\/03\\\/icona3-1024x1024.png\",\"contentUrl\":\"https:\\\/\\\/www.lovilotfarmbrewery.com\\\/wp-content\\\/uploads\\\/2017\\\/03\\\/icona3-1024x1024.png\"},{\"@type\":\"BreadcrumbList\",\"@id\":\"https:\\\/\\\/www.lovilotfarmbrewery.com\\\/es\\\/full-circle-beer-project\\\/cerveceria\\\/#breadcrumb\",\"itemListElement\":[{\"@type\":\"ListItem\",\"position\":1,\"name\":\"inicio\",\"item\":\"https:\\\/\\\/www.lovilotfarmbrewery.com\\\/es\\\/\"},{\"@type\":\"ListItem\",\"position\":2,\"name\":\"FULL CIRCLE BEER PROJECT\",\"item\":\"https:\\\/\\\/www.lovilotfarmbrewery.com\\\/es\\\/full-circle-beer-project\\\/\"},{\"@type\":\"ListItem\",\"position\":3,\"name\":\"F\u00e1brica\"}]},{\"@type\":\"WebSite\",\"@id\":\"https:\\\/\\\/www.lovilotfarmbrewery.com\\\/es\\\/#website\",\"url\":\"https:\\\/\\\/www.lovilotfarmbrewery.com\\\/es\\\/\",\"name\":\"lovilotfarmbrewery\",\"description\":\"Full Circle Beer Project\",\"publisher\":{\"@id\":\"https:\\\/\\\/www.lovilotfarmbrewery.com\\\/es\\\/#organization\"},\"potentialAction\":[{\"@type\":\"SearchAction\",\"target\":{\"@type\":\"EntryPoint\",\"urlTemplate\":\"https:\\\/\\\/www.lovilotfarmbrewery.com\\\/es\\\/?s={search_term_string}\"},\"query-input\":{\"@type\":\"PropertyValueSpecification\",\"valueRequired\":true,\"valueName\":\"search_term_string\"}}],\"inLanguage\":\"es\"},{\"@type\":\"Organization\",\"@id\":\"https:\\\/\\\/www.lovilotfarmbrewery.com\\\/es\\\/#organization\",\"name\":\"LO VILOT FARM BREWERY SCCL\",\"url\":\"https:\\\/\\\/www.lovilotfarmbrewery.com\\\/es\\\/\",\"logo\":{\"@type\":\"ImageObject\",\"inLanguage\":\"es\",\"@id\":\"https:\\\/\\\/www.lovilotfarmbrewery.com\\\/es\\\/#\\\/schema\\\/logo\\\/image\\\/\",\"url\":\"https:\\\/\\\/www.lovilotfarmbrewery.com\\\/wp-content\\\/uploads\\\/2025\\\/12\\\/LOGO-LO-VILOT-FARM-BREWERY.png\",\"contentUrl\":\"https:\\\/\\\/www.lovilotfarmbrewery.com\\\/wp-content\\\/uploads\\\/2025\\\/12\\\/LOGO-LO-VILOT-FARM-BREWERY.png\",\"width\":1573,\"height\":1538,\"caption\":\"LO VILOT FARM BREWERY SCCL\"},\"image\":{\"@id\":\"https:\\\/\\\/www.lovilotfarmbrewery.com\\\/es\\\/#\\\/schema\\\/logo\\\/image\\\/\"},\"sameAs\":[\"https:\\\/\\\/www.facebook.com\\\/cervesalovilot\\\/\",\"https:\\\/\\\/x.com\\\/Cervesa_LoVilot\",\"https:\\\/\\\/www.instagram.com\\\/cervesa_lo_vilot\\\/\",\"https:\\\/\\\/www.linkedin.com\\\/in\\\/cervesalovilot\\\/\",\"https:\\\/\\\/www.pinterest.es\\\/cervesalovilot\\\/\",\"https:\\\/\\\/www.youtube.com\\\/channel\\\/UCOSbcxuoPP0XKngEFXyP-aQ?view_as=subscriber\"]}]}<\/script>\n<!-- \/ Yoast SEO plugin. -->","yoast_head_json":{"title":"F\u00e1brica - Granja Cervecera Lo Vilot","description":"Cervecer\u00eda. Cerveza artesanal. Almacelles. Producci\u00f3n local. Cerveza artesanal","robots":{"index":"index","follow":"follow","max-snippet":"max-snippet:-1","max-image-preview":"max-image-preview:large","max-video-preview":"max-video-preview:-1"},"canonical":"https:\/\/www.lovilotfarmbrewery.com\/es\/full-circle-beer-project\/cerveceria\/","og_locale":"es_ES","og_type":"article","og_title":"F\u00e1brica - Granja Cervecera Lo Vilot","og_description":"Cervecer\u00eda. Cerveza artesanal. Almacelles. Producci\u00f3n local. Cerveza artesanal","og_url":"https:\/\/www.lovilotfarmbrewery.com\/es\/full-circle-beer-project\/cerveceria\/","og_site_name":"Granja Cervecera Lo Vilot","article_publisher":"https:\/\/www.facebook.com\/cervesalovilot\/","article_modified_time":"2026-04-16T21:44:18+00:00","og_image":[{"width":2085,"height":2084,"url":"https:\/\/www.lovilotfarmbrewery.com\/wp-content\/uploads\/2017\/03\/icona3.png","type":"image\/png"}],"twitter_card":"summary_large_image","twitter_site":"@Cervesa_LoVilot","twitter_misc":{"Tiempo de lectura":"1 minuto"},"schema":{"@context":"https:\/\/schema.org","@graph":[{"@type":"WebPage","@id":"https:\/\/www.lovilotfarmbrewery.com\/es\/full-circle-beer-project\/cerveceria\/","url":"https:\/\/www.lovilotfarmbrewery.com\/es\/full-circle-beer-project\/cerveceria\/","name":"F\u00e1brica - Granja Cervecera Lo Vilot","isPartOf":{"@id":"https:\/\/www.lovilotfarmbrewery.com\/es\/#website"},"primaryImageOfPage":{"@id":"https:\/\/www.lovilotfarmbrewery.com\/es\/full-circle-beer-project\/cerveceria\/#primaryimage"},"image":{"@id":"https:\/\/www.lovilotfarmbrewery.com\/es\/full-circle-beer-project\/cerveceria\/#primaryimage"},"thumbnailUrl":"https:\/\/www.lovilotfarmbrewery.com\/wp-content\/uploads\/2017\/03\/icona3-1024x1024.png","datePublished":"2017-05-18T14:56:12+00:00","dateModified":"2026-04-16T21:44:18+00:00","description":"Cervecer\u00eda. Cerveza artesanal. Almacelles. Producci\u00f3n local. Cerveza artesanal","breadcrumb":{"@id":"https:\/\/www.lovilotfarmbrewery.com\/es\/full-circle-beer-project\/cerveceria\/#breadcrumb"},"inLanguage":"es","potentialAction":[{"@type":"ReadAction","target":["https:\/\/www.lovilotfarmbrewery.com\/es\/full-circle-beer-project\/cerveceria\/"]}]},{"@type":"ImageObject","inLanguage":"es","@id":"https:\/\/www.lovilotfarmbrewery.com\/es\/full-circle-beer-project\/cerveceria\/#primaryimage","url":"https:\/\/www.lovilotfarmbrewery.com\/wp-content\/uploads\/2017\/03\/icona3-1024x1024.png","contentUrl":"https:\/\/www.lovilotfarmbrewery.com\/wp-content\/uploads\/2017\/03\/icona3-1024x1024.png"},{"@type":"BreadcrumbList","@id":"https:\/\/www.lovilotfarmbrewery.com\/es\/full-circle-beer-project\/cerveceria\/#breadcrumb","itemListElement":[{"@type":"ListItem","position":1,"name":"inicio","item":"https:\/\/www.lovilotfarmbrewery.com\/es\/"},{"@type":"ListItem","position":2,"name":"FULL CIRCLE BEER PROJECT","item":"https:\/\/www.lovilotfarmbrewery.com\/es\/full-circle-beer-project\/"},{"@type":"ListItem","position":3,"name":"F\u00e1brica"}]},{"@type":"WebSite","@id":"https:\/\/www.lovilotfarmbrewery.com\/es\/#website","url":"https:\/\/www.lovilotfarmbrewery.com\/es\/","name":"lovilotfarmbrewery","description":"Full Circle Beer Project","publisher":{"@id":"https:\/\/www.lovilotfarmbrewery.com\/es\/#organization"},"potentialAction":[{"@type":"SearchAction","target":{"@type":"EntryPoint","urlTemplate":"https:\/\/www.lovilotfarmbrewery.com\/es\/?s={search_term_string}"},"query-input":{"@type":"PropertyValueSpecification","valueRequired":true,"valueName":"search_term_string"}}],"inLanguage":"es"},{"@type":"Organization","@id":"https:\/\/www.lovilotfarmbrewery.com\/es\/#organization","name":"LO VILOT FARM BREWERY SCCL","url":"https:\/\/www.lovilotfarmbrewery.com\/es\/","logo":{"@type":"ImageObject","inLanguage":"es","@id":"https:\/\/www.lovilotfarmbrewery.com\/es\/#\/schema\/logo\/image\/","url":"https:\/\/www.lovilotfarmbrewery.com\/wp-content\/uploads\/2025\/12\/LOGO-LO-VILOT-FARM-BREWERY.png","contentUrl":"https:\/\/www.lovilotfarmbrewery.com\/wp-content\/uploads\/2025\/12\/LOGO-LO-VILOT-FARM-BREWERY.png","width":1573,"height":1538,"caption":"LO VILOT FARM BREWERY SCCL"},"image":{"@id":"https:\/\/www.lovilotfarmbrewery.com\/es\/#\/schema\/logo\/image\/"},"sameAs":["https:\/\/www.facebook.com\/cervesalovilot\/","https:\/\/x.com\/Cervesa_LoVilot","https:\/\/www.instagram.com\/cervesa_lo_vilot\/","https:\/\/www.linkedin.com\/in\/cervesalovilot\/","https:\/\/www.pinterest.es\/cervesalovilot\/","https:\/\/www.youtube.com\/channel\/UCOSbcxuoPP0XKngEFXyP-aQ?view_as=subscriber"]}]}},"_links":{"self":[{"href":"https:\/\/www.lovilotfarmbrewery.com\/es\/wp-json\/wp\/v2\/pages\/405","targetHints":{"allow":["GET"]}}],"collection":[{"href":"https:\/\/www.lovilotfarmbrewery.com\/es\/wp-json\/wp\/v2\/pages"}],"about":[{"href":"https:\/\/www.lovilotfarmbrewery.com\/es\/wp-json\/wp\/v2\/types\/page"}],"author":[{"embeddable":true,"href":"https:\/\/www.lovilotfarmbrewery.com\/es\/wp-json\/wp\/v2\/users\/1"}],"replies":[{"embeddable":true,"href":"https:\/\/www.lovilotfarmbrewery.com\/es\/wp-json\/wp\/v2\/comments?post=405"}],"version-history":[{"count":7,"href":"https:\/\/www.lovilotfarmbrewery.com\/es\/wp-json\/wp\/v2\/pages\/405\/revisions"}],"predecessor-version":[{"id":19653,"href":"https:\/\/www.lovilotfarmbrewery.com\/es\/wp-json\/wp\/v2\/pages\/405\/revisions\/19653"}],"up":[{"embeddable":true,"href":"https:\/\/www.lovilotfarmbrewery.com\/es\/wp-json\/wp\/v2\/pages\/380"}],"wp:attachment":[{"href":"https:\/\/www.lovilotfarmbrewery.com\/es\/wp-json\/wp\/v2\/media?parent=405"}],"curies":[{"name":"wp","href":"https:\/\/api.w.org\/{rel}","templated":true}]}}