{"id":403,"date":"2017-05-18T14:55:23","date_gmt":"2017-05-18T14:55:23","guid":{"rendered":"http:\/\/www.lovilotfarmbrewery.com\/es\/?page_id=403"},"modified":"2026-04-16T21:42:47","modified_gmt":"2026-04-16T21:42:47","slug":"lupulo-y-cereal","status":"publish","type":"page","link":"https:\/\/www.lovilotfarmbrewery.com\/es\/full-circle-beer-project\/lupulo-y-cereal\/","title":{"rendered":"L\u00fapulo y Cereal"},"content":{"rendered":"\t\t<div data-elementor-type=\"wp-page\" data-elementor-id=\"403\" class=\"elementor elementor-403 elementor-306\" data-elementor-post-type=\"page\">\n\t\t\t\t<div class=\"elementor-element elementor-element-7e65bac6 e-flex e-con-boxed e-con e-parent\" data-id=\"7e65bac6\" data-element_type=\"container\" data-e-type=\"container\">\n\t\t\t\t\t<div class=\"e-con-inner\">\n\t\t\t\t<div class=\"elementor-element elementor-element-36d826e elementor-widget elementor-widget-image\" data-id=\"36d826e\" data-element_type=\"widget\" data-e-type=\"widget\" data-widget_type=\"image.default\">\n\t\t\t\t\t\t\t\t\t\t\t\t\t\t\t<img fetchpriority=\"high\" decoding=\"async\" width=\"800\" height=\"800\" src=\"https:\/\/www.lovilotfarmbrewery.com\/wp-content\/uploads\/2017\/03\/icona1-1024x1024.png\" class=\"attachment-large size-large wp-image-18061\" alt=\"Ll\u00fapol i cereal\" srcset=\"https:\/\/www.lovilotfarmbrewery.com\/wp-content\/uploads\/2017\/03\/icona1-1024x1024.png 1024w, https:\/\/www.lovilotfarmbrewery.com\/wp-content\/uploads\/2017\/03\/icona1-150x150.png 150w, https:\/\/www.lovilotfarmbrewery.com\/wp-content\/uploads\/2017\/03\/icona1-300x300.png 300w, https:\/\/www.lovilotfarmbrewery.com\/wp-content\/uploads\/2017\/03\/icona1-768x768.png 768w\" sizes=\"(max-width: 800px) 100vw, 800px\" \/>\t\t\t\t\t\t\t\t\t\t\t\t\t\t\t<\/div>\n\t\t\t\t<div class=\"elementor-element elementor-element-407e2120 elementor-widget elementor-widget-text-editor\" data-id=\"407e2120\" data-element_type=\"widget\" data-e-type=\"widget\" data-widget_type=\"text-editor.default\">\n\t\t\t\t\t\t\t\t\t<div class=\"col-md-6\" style=\"font-size: 27px;\" data-mce-style=\"font-size: 27px;\">\n<h2>\u00bfQu\u00e9 cultivamos en la granja de la cervecer\u00eda Lo Vilot?<\/h2>\n<h2>Tipo de l\u00fapulo y cereal ecol\u00f3gicos:<\/h2>\n<h2>\n<p>Actualmente contamos con <strong>10 000 plantas<\/strong> de <strong>l\u00fapulo ecol\u00f3gico<\/strong> repartidas en <strong>4,5 hect\u00e1reas<\/strong>, con 6 variedades diferentes (Chinook, Cascade, Comet, Cashmere, Vista y Alpharoma). Adem\u00e1s, contamos con 10 hect\u00e1reas de cereales ecol\u00f3gicos: cebada cervecera de dos hileras, trigo blando y centeno. Promovemos la agricultura local y el uso eficiente de los recursos.<\/p>\n<div class=\"margin-bottom: 30px;\">\n<p>Una vez finalizada la cosecha, procesamos estos ingredientes para utilizarlos en la elaboraci\u00f3n de nuestras cervezas artesanales locales, empleando energ\u00edas renovables como la energ\u00eda solar y la biomasa para el procesamiento del l\u00fapulo (secado y peletizaci\u00f3n) y la malteaci\u00f3n del grano.<\/p>\n<\/div>\n<\/h2>\n<\/div>\n\t\t\t\t\t\t\t\t<\/div>\n\t\t\t\t\t<\/div>\n\t\t\t\t<\/div>\n\t\t\t\t<\/div>\n\t\t","protected":false},"excerpt":{"rendered":"<p>\u00bfQu\u00e9 cultivamos en la granja de la cervecer\u00eda Lo Vilot? Tipo de l\u00fapulo y cereal ecol\u00f3gicos: Actualmente contamos con 10 000 plantas de l\u00fapulo ecol\u00f3gico repartidas en 4,5 hect\u00e1reas, con 6 variedades diferentes (Chinook, Cascade, Comet, Cashmere, Vista y Alpharoma). Adem\u00e1s, contamos con 10 hect\u00e1reas de cereales ecol\u00f3gicos: cebada cervecera de dos hileras, trigo blando [&hellip;]<\/p>\n","protected":false},"author":3,"featured_media":0,"parent":380,"menu_order":0,"comment_status":"closed","ping_status":"closed","template":"","meta":{"_acf_changed":false,"footnotes":""},"class_list":["post-403","page","type-page","status-publish","hentry"],"acf":[],"yoast_head":"<!-- This site is optimized with the Yoast SEO plugin v27.5 - https:\/\/yoast.com\/product\/yoast-seo-wordpress\/ -->\n<title>L\u00fapulo y cereal<\/title>\n<meta name=\"description\" content=\"L\u00fapulo y cereal ecol\u00f3gico para la producci\u00f3n de cerveza artesanal local. L\u00fapulo. Cebada. Trigo. Centeno. Maltas. Plantas de l\u00fapulo.\" \/>\n<meta name=\"robots\" content=\"index, follow, max-snippet:-1, max-image-preview:large, max-video-preview:-1\" \/>\n<link rel=\"canonical\" href=\"https:\/\/www.lovilotfarmbrewery.com\/es\/full-circle-beer-project\/lupulo-y-cereal\/\" \/>\n<meta property=\"og:locale\" content=\"es_ES\" \/>\n<meta property=\"og:type\" content=\"article\" \/>\n<meta property=\"og:title\" content=\"L\u00fapulo y cereal\" \/>\n<meta property=\"og:description\" content=\"L\u00fapulo y cereal ecol\u00f3gico para la producci\u00f3n de cerveza artesanal local. L\u00fapulo. Cebada. Trigo. Centeno. Maltas. Plantas de l\u00fapulo.\" \/>\n<meta property=\"og:url\" content=\"https:\/\/www.lovilotfarmbrewery.com\/es\/full-circle-beer-project\/lupulo-y-cereal\/\" \/>\n<meta property=\"og:site_name\" content=\"Granja Cervecera Lo Vilot\" \/>\n<meta property=\"article:publisher\" content=\"https:\/\/www.facebook.com\/cervesalovilot\/\" \/>\n<meta property=\"article:modified_time\" content=\"2026-04-16T21:42:47+00:00\" \/>\n<meta property=\"og:image\" content=\"https:\/\/www.lovilotfarmbrewery.com\/wp-content\/uploads\/2017\/03\/icona1.png\" \/>\n\t<meta property=\"og:image:width\" content=\"2085\" \/>\n\t<meta property=\"og:image:height\" content=\"2084\" \/>\n\t<meta property=\"og:image:type\" content=\"image\/png\" \/>\n<meta name=\"twitter:card\" content=\"summary_large_image\" \/>\n<meta name=\"twitter:site\" content=\"@Cervesa_LoVilot\" \/>\n<meta name=\"twitter:label1\" content=\"Tiempo de lectura\" \/>\n\t<meta name=\"twitter:data1\" content=\"1 minuto\" \/>\n<script type=\"application\/ld+json\" class=\"yoast-schema-graph\">{\"@context\":\"https:\\\/\\\/schema.org\",\"@graph\":[{\"@type\":\"WebPage\",\"@id\":\"https:\\\/\\\/www.lovilotfarmbrewery.com\\\/es\\\/full-circle-beer-project\\\/lupulo-y-cereal\\\/\",\"url\":\"https:\\\/\\\/www.lovilotfarmbrewery.com\\\/es\\\/full-circle-beer-project\\\/lupulo-y-cereal\\\/\",\"name\":\"L\u00fapulo y cereal\",\"isPartOf\":{\"@id\":\"https:\\\/\\\/www.lovilotfarmbrewery.com\\\/es\\\/#website\"},\"primaryImageOfPage\":{\"@id\":\"https:\\\/\\\/www.lovilotfarmbrewery.com\\\/es\\\/full-circle-beer-project\\\/lupulo-y-cereal\\\/#primaryimage\"},\"image\":{\"@id\":\"https:\\\/\\\/www.lovilotfarmbrewery.com\\\/es\\\/full-circle-beer-project\\\/lupulo-y-cereal\\\/#primaryimage\"},\"thumbnailUrl\":\"https:\\\/\\\/www.lovilotfarmbrewery.com\\\/wp-content\\\/uploads\\\/2017\\\/03\\\/icona1-1024x1024.png\",\"datePublished\":\"2017-05-18T14:55:23+00:00\",\"dateModified\":\"2026-04-16T21:42:47+00:00\",\"description\":\"L\u00fapulo y cereal ecol\u00f3gico para la producci\u00f3n de cerveza artesanal local. L\u00fapulo. Cebada. Trigo. Centeno. Maltas. Plantas de l\u00fapulo.\",\"breadcrumb\":{\"@id\":\"https:\\\/\\\/www.lovilotfarmbrewery.com\\\/es\\\/full-circle-beer-project\\\/lupulo-y-cereal\\\/#breadcrumb\"},\"inLanguage\":\"es\",\"potentialAction\":[{\"@type\":\"ReadAction\",\"target\":[\"https:\\\/\\\/www.lovilotfarmbrewery.com\\\/es\\\/full-circle-beer-project\\\/lupulo-y-cereal\\\/\"]}]},{\"@type\":\"ImageObject\",\"inLanguage\":\"es\",\"@id\":\"https:\\\/\\\/www.lovilotfarmbrewery.com\\\/es\\\/full-circle-beer-project\\\/lupulo-y-cereal\\\/#primaryimage\",\"url\":\"https:\\\/\\\/www.lovilotfarmbrewery.com\\\/wp-content\\\/uploads\\\/2017\\\/03\\\/icona1-1024x1024.png\",\"contentUrl\":\"https:\\\/\\\/www.lovilotfarmbrewery.com\\\/wp-content\\\/uploads\\\/2017\\\/03\\\/icona1-1024x1024.png\"},{\"@type\":\"BreadcrumbList\",\"@id\":\"https:\\\/\\\/www.lovilotfarmbrewery.com\\\/es\\\/full-circle-beer-project\\\/lupulo-y-cereal\\\/#breadcrumb\",\"itemListElement\":[{\"@type\":\"ListItem\",\"position\":1,\"name\":\"inicio\",\"item\":\"https:\\\/\\\/www.lovilotfarmbrewery.com\\\/es\\\/\"},{\"@type\":\"ListItem\",\"position\":2,\"name\":\"FULL CIRCLE BEER PROJECT\",\"item\":\"https:\\\/\\\/www.lovilotfarmbrewery.com\\\/es\\\/full-circle-beer-project\\\/\"},{\"@type\":\"ListItem\",\"position\":3,\"name\":\"L\u00fapulo y Cereal\"}]},{\"@type\":\"WebSite\",\"@id\":\"https:\\\/\\\/www.lovilotfarmbrewery.com\\\/es\\\/#website\",\"url\":\"https:\\\/\\\/www.lovilotfarmbrewery.com\\\/es\\\/\",\"name\":\"lovilotfarmbrewery\",\"description\":\"Full Circle Beer Project\",\"publisher\":{\"@id\":\"https:\\\/\\\/www.lovilotfarmbrewery.com\\\/es\\\/#organization\"},\"potentialAction\":[{\"@type\":\"SearchAction\",\"target\":{\"@type\":\"EntryPoint\",\"urlTemplate\":\"https:\\\/\\\/www.lovilotfarmbrewery.com\\\/es\\\/?s={search_term_string}\"},\"query-input\":{\"@type\":\"PropertyValueSpecification\",\"valueRequired\":true,\"valueName\":\"search_term_string\"}}],\"inLanguage\":\"es\"},{\"@type\":\"Organization\",\"@id\":\"https:\\\/\\\/www.lovilotfarmbrewery.com\\\/es\\\/#organization\",\"name\":\"LO VILOT FARM BREWERY SCCL\",\"url\":\"https:\\\/\\\/www.lovilotfarmbrewery.com\\\/es\\\/\",\"logo\":{\"@type\":\"ImageObject\",\"inLanguage\":\"es\",\"@id\":\"https:\\\/\\\/www.lovilotfarmbrewery.com\\\/es\\\/#\\\/schema\\\/logo\\\/image\\\/\",\"url\":\"https:\\\/\\\/www.lovilotfarmbrewery.com\\\/wp-content\\\/uploads\\\/2025\\\/12\\\/LOGO-LO-VILOT-FARM-BREWERY.png\",\"contentUrl\":\"https:\\\/\\\/www.lovilotfarmbrewery.com\\\/wp-content\\\/uploads\\\/2025\\\/12\\\/LOGO-LO-VILOT-FARM-BREWERY.png\",\"width\":1573,\"height\":1538,\"caption\":\"LO VILOT FARM BREWERY SCCL\"},\"image\":{\"@id\":\"https:\\\/\\\/www.lovilotfarmbrewery.com\\\/es\\\/#\\\/schema\\\/logo\\\/image\\\/\"},\"sameAs\":[\"https:\\\/\\\/www.facebook.com\\\/cervesalovilot\\\/\",\"https:\\\/\\\/x.com\\\/Cervesa_LoVilot\",\"https:\\\/\\\/www.instagram.com\\\/cervesa_lo_vilot\\\/\",\"https:\\\/\\\/www.linkedin.com\\\/in\\\/cervesalovilot\\\/\",\"https:\\\/\\\/www.pinterest.es\\\/cervesalovilot\\\/\",\"https:\\\/\\\/www.youtube.com\\\/channel\\\/UCOSbcxuoPP0XKngEFXyP-aQ?view_as=subscriber\"]}]}<\/script>\n<!-- \/ Yoast SEO plugin. -->","yoast_head_json":{"title":"L\u00fapulo y cereal","description":"L\u00fapulo y cereal ecol\u00f3gico para la producci\u00f3n de cerveza artesanal local. L\u00fapulo. Cebada. Trigo. Centeno. Maltas. Plantas de l\u00fapulo.","robots":{"index":"index","follow":"follow","max-snippet":"max-snippet:-1","max-image-preview":"max-image-preview:large","max-video-preview":"max-video-preview:-1"},"canonical":"https:\/\/www.lovilotfarmbrewery.com\/es\/full-circle-beer-project\/lupulo-y-cereal\/","og_locale":"es_ES","og_type":"article","og_title":"L\u00fapulo y cereal","og_description":"L\u00fapulo y cereal ecol\u00f3gico para la producci\u00f3n de cerveza artesanal local. L\u00fapulo. Cebada. Trigo. Centeno. Maltas. Plantas de l\u00fapulo.","og_url":"https:\/\/www.lovilotfarmbrewery.com\/es\/full-circle-beer-project\/lupulo-y-cereal\/","og_site_name":"Granja Cervecera Lo Vilot","article_publisher":"https:\/\/www.facebook.com\/cervesalovilot\/","article_modified_time":"2026-04-16T21:42:47+00:00","og_image":[{"width":2085,"height":2084,"url":"https:\/\/www.lovilotfarmbrewery.com\/wp-content\/uploads\/2017\/03\/icona1.png","type":"image\/png"}],"twitter_card":"summary_large_image","twitter_site":"@Cervesa_LoVilot","twitter_misc":{"Tiempo de lectura":"1 minuto"},"schema":{"@context":"https:\/\/schema.org","@graph":[{"@type":"WebPage","@id":"https:\/\/www.lovilotfarmbrewery.com\/es\/full-circle-beer-project\/lupulo-y-cereal\/","url":"https:\/\/www.lovilotfarmbrewery.com\/es\/full-circle-beer-project\/lupulo-y-cereal\/","name":"L\u00fapulo y cereal","isPartOf":{"@id":"https:\/\/www.lovilotfarmbrewery.com\/es\/#website"},"primaryImageOfPage":{"@id":"https:\/\/www.lovilotfarmbrewery.com\/es\/full-circle-beer-project\/lupulo-y-cereal\/#primaryimage"},"image":{"@id":"https:\/\/www.lovilotfarmbrewery.com\/es\/full-circle-beer-project\/lupulo-y-cereal\/#primaryimage"},"thumbnailUrl":"https:\/\/www.lovilotfarmbrewery.com\/wp-content\/uploads\/2017\/03\/icona1-1024x1024.png","datePublished":"2017-05-18T14:55:23+00:00","dateModified":"2026-04-16T21:42:47+00:00","description":"L\u00fapulo y cereal ecol\u00f3gico para la producci\u00f3n de cerveza artesanal local. L\u00fapulo. Cebada. Trigo. Centeno. Maltas. Plantas de l\u00fapulo.","breadcrumb":{"@id":"https:\/\/www.lovilotfarmbrewery.com\/es\/full-circle-beer-project\/lupulo-y-cereal\/#breadcrumb"},"inLanguage":"es","potentialAction":[{"@type":"ReadAction","target":["https:\/\/www.lovilotfarmbrewery.com\/es\/full-circle-beer-project\/lupulo-y-cereal\/"]}]},{"@type":"ImageObject","inLanguage":"es","@id":"https:\/\/www.lovilotfarmbrewery.com\/es\/full-circle-beer-project\/lupulo-y-cereal\/#primaryimage","url":"https:\/\/www.lovilotfarmbrewery.com\/wp-content\/uploads\/2017\/03\/icona1-1024x1024.png","contentUrl":"https:\/\/www.lovilotfarmbrewery.com\/wp-content\/uploads\/2017\/03\/icona1-1024x1024.png"},{"@type":"BreadcrumbList","@id":"https:\/\/www.lovilotfarmbrewery.com\/es\/full-circle-beer-project\/lupulo-y-cereal\/#breadcrumb","itemListElement":[{"@type":"ListItem","position":1,"name":"inicio","item":"https:\/\/www.lovilotfarmbrewery.com\/es\/"},{"@type":"ListItem","position":2,"name":"FULL CIRCLE BEER PROJECT","item":"https:\/\/www.lovilotfarmbrewery.com\/es\/full-circle-beer-project\/"},{"@type":"ListItem","position":3,"name":"L\u00fapulo y Cereal"}]},{"@type":"WebSite","@id":"https:\/\/www.lovilotfarmbrewery.com\/es\/#website","url":"https:\/\/www.lovilotfarmbrewery.com\/es\/","name":"lovilotfarmbrewery","description":"Full Circle Beer Project","publisher":{"@id":"https:\/\/www.lovilotfarmbrewery.com\/es\/#organization"},"potentialAction":[{"@type":"SearchAction","target":{"@type":"EntryPoint","urlTemplate":"https:\/\/www.lovilotfarmbrewery.com\/es\/?s={search_term_string}"},"query-input":{"@type":"PropertyValueSpecification","valueRequired":true,"valueName":"search_term_string"}}],"inLanguage":"es"},{"@type":"Organization","@id":"https:\/\/www.lovilotfarmbrewery.com\/es\/#organization","name":"LO VILOT FARM BREWERY SCCL","url":"https:\/\/www.lovilotfarmbrewery.com\/es\/","logo":{"@type":"ImageObject","inLanguage":"es","@id":"https:\/\/www.lovilotfarmbrewery.com\/es\/#\/schema\/logo\/image\/","url":"https:\/\/www.lovilotfarmbrewery.com\/wp-content\/uploads\/2025\/12\/LOGO-LO-VILOT-FARM-BREWERY.png","contentUrl":"https:\/\/www.lovilotfarmbrewery.com\/wp-content\/uploads\/2025\/12\/LOGO-LO-VILOT-FARM-BREWERY.png","width":1573,"height":1538,"caption":"LO VILOT FARM BREWERY SCCL"},"image":{"@id":"https:\/\/www.lovilotfarmbrewery.com\/es\/#\/schema\/logo\/image\/"},"sameAs":["https:\/\/www.facebook.com\/cervesalovilot\/","https:\/\/x.com\/Cervesa_LoVilot","https:\/\/www.instagram.com\/cervesa_lo_vilot\/","https:\/\/www.linkedin.com\/in\/cervesalovilot\/","https:\/\/www.pinterest.es\/cervesalovilot\/","https:\/\/www.youtube.com\/channel\/UCOSbcxuoPP0XKngEFXyP-aQ?view_as=subscriber"]}]}},"_links":{"self":[{"href":"https:\/\/www.lovilotfarmbrewery.com\/es\/wp-json\/wp\/v2\/pages\/403","targetHints":{"allow":["GET"]}}],"collection":[{"href":"https:\/\/www.lovilotfarmbrewery.com\/es\/wp-json\/wp\/v2\/pages"}],"about":[{"href":"https:\/\/www.lovilotfarmbrewery.com\/es\/wp-json\/wp\/v2\/types\/page"}],"author":[{"embeddable":true,"href":"https:\/\/www.lovilotfarmbrewery.com\/es\/wp-json\/wp\/v2\/users\/3"}],"replies":[{"embeddable":true,"href":"https:\/\/www.lovilotfarmbrewery.com\/es\/wp-json\/wp\/v2\/comments?post=403"}],"version-history":[{"count":10,"href":"https:\/\/www.lovilotfarmbrewery.com\/es\/wp-json\/wp\/v2\/pages\/403\/revisions"}],"predecessor-version":[{"id":19651,"href":"https:\/\/www.lovilotfarmbrewery.com\/es\/wp-json\/wp\/v2\/pages\/403\/revisions\/19651"}],"up":[{"embeddable":true,"href":"https:\/\/www.lovilotfarmbrewery.com\/es\/wp-json\/wp\/v2\/pages\/380"}],"wp:attachment":[{"href":"https:\/\/www.lovilotfarmbrewery.com\/es\/wp-json\/wp\/v2\/media?parent=403"}],"curies":[{"name":"wp","href":"https:\/\/api.w.org\/{rel}","templated":true}]}}