{"id":399,"date":"2017-05-18T14:50:00","date_gmt":"2017-05-18T14:50:00","guid":{"rendered":"http:\/\/www.lovilotfarmbrewery.com\/es\/?page_id=399"},"modified":"2026-04-16T21:37:32","modified_gmt":"2026-04-16T21:37:32","slug":"cosecha-propia","status":"publish","type":"page","link":"https:\/\/www.lovilotfarmbrewery.com\/es\/full-circle-beer-project\/cosecha-propia\/","title":{"rendered":"Cosecha propia"},"content":{"rendered":"\t\t<div data-elementor-type=\"wp-page\" data-elementor-id=\"399\" class=\"elementor elementor-399 elementor-302\" data-elementor-post-type=\"page\">\n\t\t\t\t<div class=\"elementor-element elementor-element-78f65d7d e-flex e-con-boxed e-con e-parent\" data-id=\"78f65d7d\" data-element_type=\"container\" data-e-type=\"container\">\n\t\t\t\t\t<div class=\"e-con-inner\">\n\t\t\t\t<div class=\"elementor-element elementor-element-cc9cf49 elementor-widget elementor-widget-image\" data-id=\"cc9cf49\" data-element_type=\"widget\" data-e-type=\"widget\" data-widget_type=\"image.default\">\n\t\t\t\t\t\t\t\t\t\t\t\t\t\t\t<img fetchpriority=\"high\" decoding=\"async\" width=\"800\" height=\"800\" src=\"https:\/\/www.lovilotfarmbrewery.com\/wp-content\/uploads\/2017\/03\/icona2-1024x1024.png\" class=\"attachment-large size-large wp-image-18060\" alt=\"Collita pr\u00f2pia\" srcset=\"https:\/\/www.lovilotfarmbrewery.com\/wp-content\/uploads\/2017\/03\/icona2-1024x1024.png 1024w, https:\/\/www.lovilotfarmbrewery.com\/wp-content\/uploads\/2017\/03\/icona2-150x150.png 150w, https:\/\/www.lovilotfarmbrewery.com\/wp-content\/uploads\/2017\/03\/icona2-300x300.png 300w, https:\/\/www.lovilotfarmbrewery.com\/wp-content\/uploads\/2017\/03\/icona2-768x768.png 768w\" sizes=\"(max-width: 800px) 100vw, 800px\" \/>\t\t\t\t\t\t\t\t\t\t\t\t\t\t\t<\/div>\n\t\t\t\t<div class=\"elementor-element elementor-element-6a3792cd elementor-widget elementor-widget-text-editor\" data-id=\"6a3792cd\" data-element_type=\"widget\" data-e-type=\"widget\" data-widget_type=\"text-editor.default\">\n\t\t\t\t\t\t\t\t\t<div class=\"col-md-6\" style=\"font-size: 27px;\">\n<div class=\"col-md-6\">Nosotros mismos <strong>cultivamos la mayor\u00eda de los ingredientes<\/strong> en los campos que gestiona la cooperativa. Todos los campos que utilizamos para el sistema de ciclo cerrado en la producci\u00f3n de cerveza artesanal se encuentran en Almacelles, en la comarca del Segri\u00e0, y est\u00e1n registrados como <strong>cultivos ecol\u00f3gicos<\/strong> &#8211; CCPAE &#8211; con el <a href=\"https:\/\/guia.ccpae.org\/GD\/guiaDirectoriWebCercar.action\"><strong>n\u00famero CA-3938-PE<\/strong><\/a> y <strong>autorizada para la venta directa local y la venta directa de suministro reducido<\/strong>.<\/div>\n<p><\/p>\n<div><\/div>\n<p><\/p>\n<div class=\"col-md-6\" style=\"font-size: 27px; line-height: 1.7; margin-bottom: 30px;\">Contamos con cereales (cebada, trigo y centeno), un cultivo de l\u00fapulo y hemos aislado nuestra propia levadura (en colaboraci\u00f3n con la Universidad Rovira i Virgili).<\/div>\n<p><\/div>\n\t\t\t\t\t\t\t\t<\/div>\n\t\t\t\t\t<\/div>\n\t\t\t\t<\/div>\n\t\t\t\t<\/div>\n\t\t","protected":false},"excerpt":{"rendered":"<p>Nosotros mismos cultivamos la mayor\u00eda de los ingredientes en los campos que gestiona la cooperativa. Todos los campos que utilizamos para el sistema de ciclo cerrado en la producci\u00f3n de cerveza artesanal se encuentran en Almacelles, en la comarca del Segri\u00e0, y est\u00e1n registrados como cultivos ecol\u00f3gicos &#8211; CCPAE &#8211; con el n\u00famero CA-3938-PE y [&hellip;]<\/p>\n","protected":false},"author":3,"featured_media":0,"parent":380,"menu_order":0,"comment_status":"closed","ping_status":"open","template":"","meta":{"_acf_changed":false,"footnotes":""},"class_list":["post-399","page","type-page","status-publish","hentry"],"acf":[],"yoast_head":"<!-- This site is optimized with the Yoast SEO plugin v27.4 - https:\/\/yoast.com\/product\/yoast-seo-wordpress\/ -->\n<title>Cosecha propia - Granja Cervecera Lo Vilot<\/title>\n<meta name=\"description\" content=\"Cosecha propia. Ingredientes org\u00e1nicos. Malta. Cereales. Venta de proximidad. L\u00fapulo. Venta de plantas de l\u00fapulo. Km0. C\u00edrculo cerrado.\" \/>\n<meta name=\"robots\" content=\"index, follow, max-snippet:-1, max-image-preview:large, max-video-preview:-1\" \/>\n<link rel=\"canonical\" href=\"https:\/\/www.lovilotfarmbrewery.com\/es\/full-circle-beer-project\/cosecha-propia\/\" \/>\n<meta property=\"og:locale\" content=\"es_ES\" \/>\n<meta property=\"og:type\" content=\"article\" \/>\n<meta property=\"og:title\" content=\"Cosecha propia - Granja Cervecera Lo Vilot\" \/>\n<meta property=\"og:description\" content=\"Cosecha propia. Ingredientes org\u00e1nicos. Malta. Cereales. Venta de proximidad. L\u00fapulo. Venta de plantas de l\u00fapulo. Km0. C\u00edrculo cerrado.\" \/>\n<meta property=\"og:url\" content=\"https:\/\/www.lovilotfarmbrewery.com\/es\/full-circle-beer-project\/cosecha-propia\/\" \/>\n<meta property=\"og:site_name\" content=\"Granja Cervecera Lo Vilot\" \/>\n<meta property=\"article:publisher\" content=\"https:\/\/www.facebook.com\/cervesalovilot\/\" \/>\n<meta property=\"article:modified_time\" content=\"2026-04-16T21:37:32+00:00\" \/>\n<meta property=\"og:image\" content=\"https:\/\/www.lovilotfarmbrewery.com\/wp-content\/uploads\/2017\/03\/icona2.png\" \/>\n\t<meta property=\"og:image:width\" content=\"2085\" \/>\n\t<meta property=\"og:image:height\" content=\"2084\" \/>\n\t<meta property=\"og:image:type\" content=\"image\/png\" \/>\n<meta name=\"twitter:card\" content=\"summary_large_image\" \/>\n<meta name=\"twitter:site\" content=\"@Cervesa_LoVilot\" \/>\n<meta name=\"twitter:label1\" content=\"Tiempo de lectura\" \/>\n\t<meta name=\"twitter:data1\" content=\"1 minuto\" \/>\n<script type=\"application\/ld+json\" class=\"yoast-schema-graph\">{\"@context\":\"https:\\\/\\\/schema.org\",\"@graph\":[{\"@type\":\"WebPage\",\"@id\":\"https:\\\/\\\/www.lovilotfarmbrewery.com\\\/es\\\/full-circle-beer-project\\\/cosecha-propia\\\/\",\"url\":\"https:\\\/\\\/www.lovilotfarmbrewery.com\\\/es\\\/full-circle-beer-project\\\/cosecha-propia\\\/\",\"name\":\"Cosecha propia - Granja Cervecera Lo Vilot\",\"isPartOf\":{\"@id\":\"https:\\\/\\\/www.lovilotfarmbrewery.com\\\/es\\\/#website\"},\"primaryImageOfPage\":{\"@id\":\"https:\\\/\\\/www.lovilotfarmbrewery.com\\\/es\\\/full-circle-beer-project\\\/cosecha-propia\\\/#primaryimage\"},\"image\":{\"@id\":\"https:\\\/\\\/www.lovilotfarmbrewery.com\\\/es\\\/full-circle-beer-project\\\/cosecha-propia\\\/#primaryimage\"},\"thumbnailUrl\":\"https:\\\/\\\/www.lovilotfarmbrewery.com\\\/wp-content\\\/uploads\\\/2017\\\/03\\\/icona2-1024x1024.png\",\"datePublished\":\"2017-05-18T14:50:00+00:00\",\"dateModified\":\"2026-04-16T21:37:32+00:00\",\"description\":\"Cosecha propia. Ingredientes org\u00e1nicos. Malta. Cereales. Venta de proximidad. L\u00fapulo. Venta de plantas de l\u00fapulo. Km0. C\u00edrculo cerrado.\",\"breadcrumb\":{\"@id\":\"https:\\\/\\\/www.lovilotfarmbrewery.com\\\/es\\\/full-circle-beer-project\\\/cosecha-propia\\\/#breadcrumb\"},\"inLanguage\":\"es\",\"potentialAction\":[{\"@type\":\"ReadAction\",\"target\":[\"https:\\\/\\\/www.lovilotfarmbrewery.com\\\/es\\\/full-circle-beer-project\\\/cosecha-propia\\\/\"]}]},{\"@type\":\"ImageObject\",\"inLanguage\":\"es\",\"@id\":\"https:\\\/\\\/www.lovilotfarmbrewery.com\\\/es\\\/full-circle-beer-project\\\/cosecha-propia\\\/#primaryimage\",\"url\":\"https:\\\/\\\/www.lovilotfarmbrewery.com\\\/wp-content\\\/uploads\\\/2017\\\/03\\\/icona2-1024x1024.png\",\"contentUrl\":\"https:\\\/\\\/www.lovilotfarmbrewery.com\\\/wp-content\\\/uploads\\\/2017\\\/03\\\/icona2-1024x1024.png\"},{\"@type\":\"BreadcrumbList\",\"@id\":\"https:\\\/\\\/www.lovilotfarmbrewery.com\\\/es\\\/full-circle-beer-project\\\/cosecha-propia\\\/#breadcrumb\",\"itemListElement\":[{\"@type\":\"ListItem\",\"position\":1,\"name\":\"inicio\",\"item\":\"https:\\\/\\\/www.lovilotfarmbrewery.com\\\/es\\\/\"},{\"@type\":\"ListItem\",\"position\":2,\"name\":\"FULL CIRCLE BEER PROJECT\",\"item\":\"https:\\\/\\\/www.lovilotfarmbrewery.com\\\/es\\\/full-circle-beer-project\\\/\"},{\"@type\":\"ListItem\",\"position\":3,\"name\":\"Cosecha propia\"}]},{\"@type\":\"WebSite\",\"@id\":\"https:\\\/\\\/www.lovilotfarmbrewery.com\\\/es\\\/#website\",\"url\":\"https:\\\/\\\/www.lovilotfarmbrewery.com\\\/es\\\/\",\"name\":\"lovilotfarmbrewery\",\"description\":\"Full Circle Beer Project\",\"publisher\":{\"@id\":\"https:\\\/\\\/www.lovilotfarmbrewery.com\\\/es\\\/#organization\"},\"potentialAction\":[{\"@type\":\"SearchAction\",\"target\":{\"@type\":\"EntryPoint\",\"urlTemplate\":\"https:\\\/\\\/www.lovilotfarmbrewery.com\\\/es\\\/?s={search_term_string}\"},\"query-input\":{\"@type\":\"PropertyValueSpecification\",\"valueRequired\":true,\"valueName\":\"search_term_string\"}}],\"inLanguage\":\"es\"},{\"@type\":\"Organization\",\"@id\":\"https:\\\/\\\/www.lovilotfarmbrewery.com\\\/es\\\/#organization\",\"name\":\"LO VILOT FARM BREWERY SCCL\",\"url\":\"https:\\\/\\\/www.lovilotfarmbrewery.com\\\/es\\\/\",\"logo\":{\"@type\":\"ImageObject\",\"inLanguage\":\"es\",\"@id\":\"https:\\\/\\\/www.lovilotfarmbrewery.com\\\/es\\\/#\\\/schema\\\/logo\\\/image\\\/\",\"url\":\"https:\\\/\\\/www.lovilotfarmbrewery.com\\\/wp-content\\\/uploads\\\/2025\\\/12\\\/LOGO-LO-VILOT-FARM-BREWERY.png\",\"contentUrl\":\"https:\\\/\\\/www.lovilotfarmbrewery.com\\\/wp-content\\\/uploads\\\/2025\\\/12\\\/LOGO-LO-VILOT-FARM-BREWERY.png\",\"width\":1573,\"height\":1538,\"caption\":\"LO VILOT FARM BREWERY SCCL\"},\"image\":{\"@id\":\"https:\\\/\\\/www.lovilotfarmbrewery.com\\\/es\\\/#\\\/schema\\\/logo\\\/image\\\/\"},\"sameAs\":[\"https:\\\/\\\/www.facebook.com\\\/cervesalovilot\\\/\",\"https:\\\/\\\/x.com\\\/Cervesa_LoVilot\",\"https:\\\/\\\/www.instagram.com\\\/cervesa_lo_vilot\\\/\",\"https:\\\/\\\/www.linkedin.com\\\/in\\\/cervesalovilot\\\/\",\"https:\\\/\\\/www.pinterest.es\\\/cervesalovilot\\\/\",\"https:\\\/\\\/www.youtube.com\\\/channel\\\/UCOSbcxuoPP0XKngEFXyP-aQ?view_as=subscriber\"]}]}<\/script>\n<!-- \/ Yoast SEO plugin. -->","yoast_head_json":{"title":"Cosecha propia - Granja Cervecera Lo Vilot","description":"Cosecha propia. Ingredientes org\u00e1nicos. Malta. Cereales. Venta de proximidad. L\u00fapulo. Venta de plantas de l\u00fapulo. Km0. C\u00edrculo cerrado.","robots":{"index":"index","follow":"follow","max-snippet":"max-snippet:-1","max-image-preview":"max-image-preview:large","max-video-preview":"max-video-preview:-1"},"canonical":"https:\/\/www.lovilotfarmbrewery.com\/es\/full-circle-beer-project\/cosecha-propia\/","og_locale":"es_ES","og_type":"article","og_title":"Cosecha propia - Granja Cervecera Lo Vilot","og_description":"Cosecha propia. Ingredientes org\u00e1nicos. Malta. Cereales. Venta de proximidad. L\u00fapulo. Venta de plantas de l\u00fapulo. Km0. C\u00edrculo cerrado.","og_url":"https:\/\/www.lovilotfarmbrewery.com\/es\/full-circle-beer-project\/cosecha-propia\/","og_site_name":"Granja Cervecera Lo Vilot","article_publisher":"https:\/\/www.facebook.com\/cervesalovilot\/","article_modified_time":"2026-04-16T21:37:32+00:00","og_image":[{"width":2085,"height":2084,"url":"https:\/\/www.lovilotfarmbrewery.com\/wp-content\/uploads\/2017\/03\/icona2.png","type":"image\/png"}],"twitter_card":"summary_large_image","twitter_site":"@Cervesa_LoVilot","twitter_misc":{"Tiempo de lectura":"1 minuto"},"schema":{"@context":"https:\/\/schema.org","@graph":[{"@type":"WebPage","@id":"https:\/\/www.lovilotfarmbrewery.com\/es\/full-circle-beer-project\/cosecha-propia\/","url":"https:\/\/www.lovilotfarmbrewery.com\/es\/full-circle-beer-project\/cosecha-propia\/","name":"Cosecha propia - Granja Cervecera Lo Vilot","isPartOf":{"@id":"https:\/\/www.lovilotfarmbrewery.com\/es\/#website"},"primaryImageOfPage":{"@id":"https:\/\/www.lovilotfarmbrewery.com\/es\/full-circle-beer-project\/cosecha-propia\/#primaryimage"},"image":{"@id":"https:\/\/www.lovilotfarmbrewery.com\/es\/full-circle-beer-project\/cosecha-propia\/#primaryimage"},"thumbnailUrl":"https:\/\/www.lovilotfarmbrewery.com\/wp-content\/uploads\/2017\/03\/icona2-1024x1024.png","datePublished":"2017-05-18T14:50:00+00:00","dateModified":"2026-04-16T21:37:32+00:00","description":"Cosecha propia. Ingredientes org\u00e1nicos. Malta. Cereales. Venta de proximidad. L\u00fapulo. Venta de plantas de l\u00fapulo. Km0. C\u00edrculo cerrado.","breadcrumb":{"@id":"https:\/\/www.lovilotfarmbrewery.com\/es\/full-circle-beer-project\/cosecha-propia\/#breadcrumb"},"inLanguage":"es","potentialAction":[{"@type":"ReadAction","target":["https:\/\/www.lovilotfarmbrewery.com\/es\/full-circle-beer-project\/cosecha-propia\/"]}]},{"@type":"ImageObject","inLanguage":"es","@id":"https:\/\/www.lovilotfarmbrewery.com\/es\/full-circle-beer-project\/cosecha-propia\/#primaryimage","url":"https:\/\/www.lovilotfarmbrewery.com\/wp-content\/uploads\/2017\/03\/icona2-1024x1024.png","contentUrl":"https:\/\/www.lovilotfarmbrewery.com\/wp-content\/uploads\/2017\/03\/icona2-1024x1024.png"},{"@type":"BreadcrumbList","@id":"https:\/\/www.lovilotfarmbrewery.com\/es\/full-circle-beer-project\/cosecha-propia\/#breadcrumb","itemListElement":[{"@type":"ListItem","position":1,"name":"inicio","item":"https:\/\/www.lovilotfarmbrewery.com\/es\/"},{"@type":"ListItem","position":2,"name":"FULL CIRCLE BEER PROJECT","item":"https:\/\/www.lovilotfarmbrewery.com\/es\/full-circle-beer-project\/"},{"@type":"ListItem","position":3,"name":"Cosecha propia"}]},{"@type":"WebSite","@id":"https:\/\/www.lovilotfarmbrewery.com\/es\/#website","url":"https:\/\/www.lovilotfarmbrewery.com\/es\/","name":"lovilotfarmbrewery","description":"Full Circle Beer Project","publisher":{"@id":"https:\/\/www.lovilotfarmbrewery.com\/es\/#organization"},"potentialAction":[{"@type":"SearchAction","target":{"@type":"EntryPoint","urlTemplate":"https:\/\/www.lovilotfarmbrewery.com\/es\/?s={search_term_string}"},"query-input":{"@type":"PropertyValueSpecification","valueRequired":true,"valueName":"search_term_string"}}],"inLanguage":"es"},{"@type":"Organization","@id":"https:\/\/www.lovilotfarmbrewery.com\/es\/#organization","name":"LO VILOT FARM BREWERY SCCL","url":"https:\/\/www.lovilotfarmbrewery.com\/es\/","logo":{"@type":"ImageObject","inLanguage":"es","@id":"https:\/\/www.lovilotfarmbrewery.com\/es\/#\/schema\/logo\/image\/","url":"https:\/\/www.lovilotfarmbrewery.com\/wp-content\/uploads\/2025\/12\/LOGO-LO-VILOT-FARM-BREWERY.png","contentUrl":"https:\/\/www.lovilotfarmbrewery.com\/wp-content\/uploads\/2025\/12\/LOGO-LO-VILOT-FARM-BREWERY.png","width":1573,"height":1538,"caption":"LO VILOT FARM BREWERY SCCL"},"image":{"@id":"https:\/\/www.lovilotfarmbrewery.com\/es\/#\/schema\/logo\/image\/"},"sameAs":["https:\/\/www.facebook.com\/cervesalovilot\/","https:\/\/x.com\/Cervesa_LoVilot","https:\/\/www.instagram.com\/cervesa_lo_vilot\/","https:\/\/www.linkedin.com\/in\/cervesalovilot\/","https:\/\/www.pinterest.es\/cervesalovilot\/","https:\/\/www.youtube.com\/channel\/UCOSbcxuoPP0XKngEFXyP-aQ?view_as=subscriber"]}]}},"_links":{"self":[{"href":"https:\/\/www.lovilotfarmbrewery.com\/es\/wp-json\/wp\/v2\/pages\/399","targetHints":{"allow":["GET"]}}],"collection":[{"href":"https:\/\/www.lovilotfarmbrewery.com\/es\/wp-json\/wp\/v2\/pages"}],"about":[{"href":"https:\/\/www.lovilotfarmbrewery.com\/es\/wp-json\/wp\/v2\/types\/page"}],"author":[{"embeddable":true,"href":"https:\/\/www.lovilotfarmbrewery.com\/es\/wp-json\/wp\/v2\/users\/3"}],"replies":[{"embeddable":true,"href":"https:\/\/www.lovilotfarmbrewery.com\/es\/wp-json\/wp\/v2\/comments?post=399"}],"version-history":[{"count":6,"href":"https:\/\/www.lovilotfarmbrewery.com\/es\/wp-json\/wp\/v2\/pages\/399\/revisions"}],"predecessor-version":[{"id":19644,"href":"https:\/\/www.lovilotfarmbrewery.com\/es\/wp-json\/wp\/v2\/pages\/399\/revisions\/19644"}],"up":[{"embeddable":true,"href":"https:\/\/www.lovilotfarmbrewery.com\/es\/wp-json\/wp\/v2\/pages\/380"}],"wp:attachment":[{"href":"https:\/\/www.lovilotfarmbrewery.com\/es\/wp-json\/wp\/v2\/media?parent=399"}],"curies":[{"name":"wp","href":"https:\/\/api.w.org\/{rel}","templated":true}]}}