{"id":392,"date":"2017-05-18T14:38:33","date_gmt":"2017-05-18T14:38:33","guid":{"rendered":"http:\/\/www.lovilotfarmbrewery.com\/es\/?page_id=392"},"modified":"2025-12-29T17:24:28","modified_gmt":"2025-12-29T17:24:28","slug":"mas-productos","status":"publish","type":"page","link":"https:\/\/www.lovilotfarmbrewery.com\/es\/mas-productos\/","title":{"rendered":"M\u00e1s productos"},"content":{"rendered":"<p>M\u00e9s Productes ecol\u00f2gics a la venda: Rizoma ll\u00fapol. Planta l\u00fapulo. Cebada. Trigo. Centeno. Malta de cebada. Malta de trigo.<\/p>\n<p>Todos los productos han sido elaborados en la cervecer\u00eda Lo Vilot Farm Brewery. Puede ver nuestro <a href=\"https:\/\/www.lovilotfarmbrewery.com\/es\/full-circle-beer-project\/\">circuito cerrado proyecto.<\/a><\/p>\n<p>Tenemos diferentes variedades de l\u00fapulo: Cascade org\u00e1nico, Chinook org\u00e1nico, Comet org\u00e1nico, Cashmere org\u00e1nico, Alpharoma org\u00e1nico y Vista org\u00e1nico.<\/p>\n<p>Las maltas que producimos son: malta de cebada p\u00e1lida ecol\u00f3gica, malta de cebada Munich ecol\u00f3gica, malta de trigo ecol\u00f3gica, malta de centeno ecol\u00f3gica.<\/p>\n<p>Comprar<a href=\"https:\/\/botiga.lovilotfarmbrewery.com\/es\/\"> Botiga online<\/a><\/p>\n","protected":false},"excerpt":{"rendered":"<p>M\u00e9s Productes ecol\u00f2gics a la venda: Rizoma ll\u00fapol. Planta l\u00fapulo. Cebada. Trigo. Centeno. Malta de cebada. Malta de trigo. Todos los productos han sido elaborados en la cervecer\u00eda Lo Vilot Farm Brewery. Puede ver nuestro circuito cerrado proyecto. Tenemos diferentes variedades de l\u00fapulo: Cascade org\u00e1nico, Chinook org\u00e1nico, Comet org\u00e1nico, Cashmere org\u00e1nico, Alpharoma org\u00e1nico y Vista [&hellip;]<\/p>\n","protected":false},"author":3,"featured_media":0,"parent":0,"menu_order":0,"comment_status":"closed","ping_status":"closed","template":"page-custom3.php","meta":{"_acf_changed":false,"footnotes":""},"class_list":["post-392","page","type-page","status-publish","hentry"],"acf":[],"yoast_head":"<!-- This site is optimized with the Yoast SEO plugin v27.5 - https:\/\/yoast.com\/product\/yoast-seo-wordpress\/ -->\n<title>M\u00e1s productos<\/title>\n<meta name=\"description\" content=\"M\u00e1s productos que puedes comprar en la granja cervecera. Rizoma de l\u00fapulo. Planta de l\u00fapulo. Cebada. Trigo. Centeno. Malta eco. Productos ecol\u00f3gicos.\" \/>\n<meta name=\"robots\" content=\"index, follow, max-snippet:-1, max-image-preview:large, max-video-preview:-1\" \/>\n<link rel=\"canonical\" href=\"https:\/\/www.lovilotfarmbrewery.com\/es\/mas-productos\/\" \/>\n<meta property=\"og:locale\" content=\"es_ES\" \/>\n<meta property=\"og:type\" content=\"article\" \/>\n<meta property=\"og:title\" content=\"M\u00e1s productos\" \/>\n<meta property=\"og:description\" content=\"M\u00e1s productos que puedes comprar en la granja cervecera. Rizoma de l\u00fapulo. Planta de l\u00fapulo. Cebada. Trigo. Centeno. Malta eco. Productos ecol\u00f3gicos.\" \/>\n<meta property=\"og:url\" content=\"https:\/\/www.lovilotfarmbrewery.com\/es\/mas-productos\/\" \/>\n<meta property=\"og:site_name\" content=\"Granja Cervecera Lo Vilot\" \/>\n<meta property=\"article:publisher\" content=\"https:\/\/www.facebook.com\/cervesalovilot\/\" \/>\n<meta property=\"article:modified_time\" content=\"2025-12-29T17:24:28+00:00\" \/>\n<meta name=\"twitter:card\" content=\"summary_large_image\" \/>\n<meta name=\"twitter:site\" content=\"@Cervesa_LoVilot\" \/>\n<meta name=\"twitter:label1\" content=\"Tiempo de lectura\" \/>\n\t<meta name=\"twitter:data1\" content=\"1 minuto\" \/>\n<script type=\"application\/ld+json\" class=\"yoast-schema-graph\">{\"@context\":\"https:\\\/\\\/schema.org\",\"@graph\":[{\"@type\":\"WebPage\",\"@id\":\"https:\\\/\\\/www.lovilotfarmbrewery.com\\\/es\\\/mas-productos\\\/\",\"url\":\"https:\\\/\\\/www.lovilotfarmbrewery.com\\\/es\\\/mas-productos\\\/\",\"name\":\"M\u00e1s productos\",\"isPartOf\":{\"@id\":\"https:\\\/\\\/www.lovilotfarmbrewery.com\\\/es\\\/#website\"},\"datePublished\":\"2017-05-18T14:38:33+00:00\",\"dateModified\":\"2025-12-29T17:24:28+00:00\",\"description\":\"M\u00e1s productos que puedes comprar en la granja cervecera. Rizoma de l\u00fapulo. Planta de l\u00fapulo. Cebada. Trigo. Centeno. Malta eco. Productos ecol\u00f3gicos.\",\"breadcrumb\":{\"@id\":\"https:\\\/\\\/www.lovilotfarmbrewery.com\\\/es\\\/mas-productos\\\/#breadcrumb\"},\"inLanguage\":\"es\",\"potentialAction\":[{\"@type\":\"ReadAction\",\"target\":[\"https:\\\/\\\/www.lovilotfarmbrewery.com\\\/es\\\/mas-productos\\\/\"]}]},{\"@type\":\"BreadcrumbList\",\"@id\":\"https:\\\/\\\/www.lovilotfarmbrewery.com\\\/es\\\/mas-productos\\\/#breadcrumb\",\"itemListElement\":[{\"@type\":\"ListItem\",\"position\":1,\"name\":\"inicio\",\"item\":\"https:\\\/\\\/www.lovilotfarmbrewery.com\\\/es\\\/\"},{\"@type\":\"ListItem\",\"position\":2,\"name\":\"M\u00e1s productos\"}]},{\"@type\":\"WebSite\",\"@id\":\"https:\\\/\\\/www.lovilotfarmbrewery.com\\\/es\\\/#website\",\"url\":\"https:\\\/\\\/www.lovilotfarmbrewery.com\\\/es\\\/\",\"name\":\"lovilotfarmbrewery\",\"description\":\"Full Circle Beer Project\",\"publisher\":{\"@id\":\"https:\\\/\\\/www.lovilotfarmbrewery.com\\\/es\\\/#organization\"},\"potentialAction\":[{\"@type\":\"SearchAction\",\"target\":{\"@type\":\"EntryPoint\",\"urlTemplate\":\"https:\\\/\\\/www.lovilotfarmbrewery.com\\\/es\\\/?s={search_term_string}\"},\"query-input\":{\"@type\":\"PropertyValueSpecification\",\"valueRequired\":true,\"valueName\":\"search_term_string\"}}],\"inLanguage\":\"es\"},{\"@type\":\"Organization\",\"@id\":\"https:\\\/\\\/www.lovilotfarmbrewery.com\\\/es\\\/#organization\",\"name\":\"LO VILOT FARM BREWERY SCCL\",\"url\":\"https:\\\/\\\/www.lovilotfarmbrewery.com\\\/es\\\/\",\"logo\":{\"@type\":\"ImageObject\",\"inLanguage\":\"es\",\"@id\":\"https:\\\/\\\/www.lovilotfarmbrewery.com\\\/es\\\/#\\\/schema\\\/logo\\\/image\\\/\",\"url\":\"https:\\\/\\\/www.lovilotfarmbrewery.com\\\/wp-content\\\/uploads\\\/2025\\\/12\\\/LOGO-LO-VILOT-FARM-BREWERY.png\",\"contentUrl\":\"https:\\\/\\\/www.lovilotfarmbrewery.com\\\/wp-content\\\/uploads\\\/2025\\\/12\\\/LOGO-LO-VILOT-FARM-BREWERY.png\",\"width\":1573,\"height\":1538,\"caption\":\"LO VILOT FARM BREWERY SCCL\"},\"image\":{\"@id\":\"https:\\\/\\\/www.lovilotfarmbrewery.com\\\/es\\\/#\\\/schema\\\/logo\\\/image\\\/\"},\"sameAs\":[\"https:\\\/\\\/www.facebook.com\\\/cervesalovilot\\\/\",\"https:\\\/\\\/x.com\\\/Cervesa_LoVilot\",\"https:\\\/\\\/www.instagram.com\\\/cervesa_lo_vilot\\\/\",\"https:\\\/\\\/www.linkedin.com\\\/in\\\/cervesalovilot\\\/\",\"https:\\\/\\\/www.pinterest.es\\\/cervesalovilot\\\/\",\"https:\\\/\\\/www.youtube.com\\\/channel\\\/UCOSbcxuoPP0XKngEFXyP-aQ?view_as=subscriber\"]}]}<\/script>\n<!-- \/ Yoast SEO plugin. -->","yoast_head_json":{"title":"M\u00e1s productos","description":"M\u00e1s productos que puedes comprar en la granja cervecera. Rizoma de l\u00fapulo. Planta de l\u00fapulo. Cebada. Trigo. Centeno. Malta eco. Productos ecol\u00f3gicos.","robots":{"index":"index","follow":"follow","max-snippet":"max-snippet:-1","max-image-preview":"max-image-preview:large","max-video-preview":"max-video-preview:-1"},"canonical":"https:\/\/www.lovilotfarmbrewery.com\/es\/mas-productos\/","og_locale":"es_ES","og_type":"article","og_title":"M\u00e1s productos","og_description":"M\u00e1s productos que puedes comprar en la granja cervecera. Rizoma de l\u00fapulo. Planta de l\u00fapulo. Cebada. Trigo. Centeno. Malta eco. Productos ecol\u00f3gicos.","og_url":"https:\/\/www.lovilotfarmbrewery.com\/es\/mas-productos\/","og_site_name":"Granja Cervecera Lo Vilot","article_publisher":"https:\/\/www.facebook.com\/cervesalovilot\/","article_modified_time":"2025-12-29T17:24:28+00:00","twitter_card":"summary_large_image","twitter_site":"@Cervesa_LoVilot","twitter_misc":{"Tiempo de lectura":"1 minuto"},"schema":{"@context":"https:\/\/schema.org","@graph":[{"@type":"WebPage","@id":"https:\/\/www.lovilotfarmbrewery.com\/es\/mas-productos\/","url":"https:\/\/www.lovilotfarmbrewery.com\/es\/mas-productos\/","name":"M\u00e1s productos","isPartOf":{"@id":"https:\/\/www.lovilotfarmbrewery.com\/es\/#website"},"datePublished":"2017-05-18T14:38:33+00:00","dateModified":"2025-12-29T17:24:28+00:00","description":"M\u00e1s productos que puedes comprar en la granja cervecera. Rizoma de l\u00fapulo. Planta de l\u00fapulo. Cebada. Trigo. Centeno. Malta eco. Productos ecol\u00f3gicos.","breadcrumb":{"@id":"https:\/\/www.lovilotfarmbrewery.com\/es\/mas-productos\/#breadcrumb"},"inLanguage":"es","potentialAction":[{"@type":"ReadAction","target":["https:\/\/www.lovilotfarmbrewery.com\/es\/mas-productos\/"]}]},{"@type":"BreadcrumbList","@id":"https:\/\/www.lovilotfarmbrewery.com\/es\/mas-productos\/#breadcrumb","itemListElement":[{"@type":"ListItem","position":1,"name":"inicio","item":"https:\/\/www.lovilotfarmbrewery.com\/es\/"},{"@type":"ListItem","position":2,"name":"M\u00e1s productos"}]},{"@type":"WebSite","@id":"https:\/\/www.lovilotfarmbrewery.com\/es\/#website","url":"https:\/\/www.lovilotfarmbrewery.com\/es\/","name":"lovilotfarmbrewery","description":"Full Circle Beer Project","publisher":{"@id":"https:\/\/www.lovilotfarmbrewery.com\/es\/#organization"},"potentialAction":[{"@type":"SearchAction","target":{"@type":"EntryPoint","urlTemplate":"https:\/\/www.lovilotfarmbrewery.com\/es\/?s={search_term_string}"},"query-input":{"@type":"PropertyValueSpecification","valueRequired":true,"valueName":"search_term_string"}}],"inLanguage":"es"},{"@type":"Organization","@id":"https:\/\/www.lovilotfarmbrewery.com\/es\/#organization","name":"LO VILOT FARM BREWERY SCCL","url":"https:\/\/www.lovilotfarmbrewery.com\/es\/","logo":{"@type":"ImageObject","inLanguage":"es","@id":"https:\/\/www.lovilotfarmbrewery.com\/es\/#\/schema\/logo\/image\/","url":"https:\/\/www.lovilotfarmbrewery.com\/wp-content\/uploads\/2025\/12\/LOGO-LO-VILOT-FARM-BREWERY.png","contentUrl":"https:\/\/www.lovilotfarmbrewery.com\/wp-content\/uploads\/2025\/12\/LOGO-LO-VILOT-FARM-BREWERY.png","width":1573,"height":1538,"caption":"LO VILOT FARM BREWERY SCCL"},"image":{"@id":"https:\/\/www.lovilotfarmbrewery.com\/es\/#\/schema\/logo\/image\/"},"sameAs":["https:\/\/www.facebook.com\/cervesalovilot\/","https:\/\/x.com\/Cervesa_LoVilot","https:\/\/www.instagram.com\/cervesa_lo_vilot\/","https:\/\/www.linkedin.com\/in\/cervesalovilot\/","https:\/\/www.pinterest.es\/cervesalovilot\/","https:\/\/www.youtube.com\/channel\/UCOSbcxuoPP0XKngEFXyP-aQ?view_as=subscriber"]}]}},"_links":{"self":[{"href":"https:\/\/www.lovilotfarmbrewery.com\/es\/wp-json\/wp\/v2\/pages\/392","targetHints":{"allow":["GET"]}}],"collection":[{"href":"https:\/\/www.lovilotfarmbrewery.com\/es\/wp-json\/wp\/v2\/pages"}],"about":[{"href":"https:\/\/www.lovilotfarmbrewery.com\/es\/wp-json\/wp\/v2\/types\/page"}],"author":[{"embeddable":true,"href":"https:\/\/www.lovilotfarmbrewery.com\/es\/wp-json\/wp\/v2\/users\/3"}],"replies":[{"embeddable":true,"href":"https:\/\/www.lovilotfarmbrewery.com\/es\/wp-json\/wp\/v2\/comments?post=392"}],"version-history":[{"count":7,"href":"https:\/\/www.lovilotfarmbrewery.com\/es\/wp-json\/wp\/v2\/pages\/392\/revisions"}],"predecessor-version":[{"id":18508,"href":"https:\/\/www.lovilotfarmbrewery.com\/es\/wp-json\/wp\/v2\/pages\/392\/revisions\/18508"}],"wp:attachment":[{"href":"https:\/\/www.lovilotfarmbrewery.com\/es\/wp-json\/wp\/v2\/media?parent=392"}],"curies":[{"name":"wp","href":"https:\/\/api.w.org\/{rel}","templated":true}]}}