{"id":388,"date":"2017-05-18T14:37:45","date_gmt":"2017-05-18T14:37:45","guid":{"rendered":"http:\/\/www.lovilotfarmbrewery.com\/es\/?page_id=388"},"modified":"2025-12-24T16:33:22","modified_gmt":"2025-12-24T16:33:22","slug":"inicio","status":"publish","type":"page","link":"https:\/\/www.lovilotfarmbrewery.com\/es\/","title":{"rendered":"Cerveza artesana ecol\u00f3gica"},"content":{"rendered":"\t\t<div data-elementor-type=\"wp-page\" data-elementor-id=\"388\" class=\"elementor elementor-388 elementor-4\" data-elementor-post-type=\"page\">\n\t\t\t\t<div class=\"elementor-element elementor-element-26d44643 e-flex e-con-boxed e-con e-parent\" data-id=\"26d44643\" data-element_type=\"container\" data-e-type=\"container\">\n\t\t\t\t\t<div class=\"e-con-inner\">\n\t\t\t\t<div class=\"elementor-element elementor-element-19b47819 elementor-widget elementor-widget-text-editor\" data-id=\"19b47819\" data-element_type=\"widget\" data-e-type=\"widget\" data-widget_type=\"text-editor.default\">\n\t\t\t\t\t\t\t\t\t<h2 style=\"text-align: center;\"><span style=\"color: #000000; font-family: inherit;\">Lo Vilot &#8211; Granja cervesera<\/span><span style=\"color: rgb(0, 0, 0); font-family: inherit;\">&nbsp;<\/span><\/h2>\n<h1 style=\"text-align: center;\"><span style=\"color: #000000; font-family: inherit;\">Cervesa artesana ecol\u00f2gica de proximitat<\/span><\/h1>\n<h3 style=\"text-align: center;\"><span style=\"color: #000000;\">&nbsp;<\/span><\/h3>\n<h2 style=\"text-align: center;\"><span style=\"color: #000000;\">T&#8217;agradaria tastar una cervesa artesana <\/span><\/h2>\n<h2 style=\"text-align: center;\"><span style=\"color: #000000;\">feta aqu\u00ed amb ingredients d&#8217;aqu\u00ed?&nbsp;<\/span><\/h2>\t\t\t\t\t\t\t\t<\/div>\n\t\t\t\t\t<\/div>\n\t\t\t\t<\/div>\n\t\t<div class=\"elementor-element elementor-element-7b47cd3 e-con-full e-flex e-con e-parent\" data-id=\"7b47cd3\" data-element_type=\"container\" data-e-type=\"container\">\n\t\t\t\t<div class=\"elementor-element elementor-element-eef1838 elementor-arrows-position-outside elementor-widget__width-inherit elementor-pagination-position-outside elementor-widget elementor-widget-image-carousel\" data-id=\"eef1838\" data-element_type=\"widget\" data-e-type=\"widget\" data-settings=\"{&quot;slides_to_show&quot;:&quot;1&quot;,&quot;navigation&quot;:&quot;both&quot;,&quot;autoplay&quot;:&quot;yes&quot;,&quot;pause_on_hover&quot;:&quot;yes&quot;,&quot;pause_on_interaction&quot;:&quot;yes&quot;,&quot;autoplay_speed&quot;:5000,&quot;infinite&quot;:&quot;yes&quot;,&quot;effect&quot;:&quot;slide&quot;,&quot;speed&quot;:500}\" data-widget_type=\"image-carousel.default\">\n\t\t\t\t\t\t\t<div class=\"elementor-image-carousel-wrapper swiper\" role=\"region\" aria-roledescription=\"carousel\" aria-label=\"Carrusel d&#039;imatges\" dir=\"ltr\">\n\t\t\t<div class=\"elementor-image-carousel swiper-wrapper swiper-image-stretch\" aria-live=\"off\">\n\t\t\t\t\t\t\t\t<div class=\"swiper-slide\" role=\"group\" aria-roledescription=\"slide\" aria-label=\"1 de 7\"><figure class=\"swiper-slide-inner\"><img decoding=\"async\" class=\"swiper-slide-image\" src=\"https:\/\/www.lovilotfarmbrewery.com\/wp-content\/uploads\/2022\/02\/foto12-2-1024x502.jpg\" alt=\"Vespre entre l&#039;ordi\" \/><figcaption class=\"elementor-image-carousel-caption\">foto12<\/figcaption><\/figure><\/div><div class=\"swiper-slide\" role=\"group\" aria-roledescription=\"slide\" aria-label=\"2 de 7\"><figure class=\"swiper-slide-inner\"><img decoding=\"async\" class=\"swiper-slide-image\" src=\"https:\/\/www.lovilotfarmbrewery.com\/wp-content\/uploads\/2022\/02\/foto6-2-1024x502.jpg\" alt=\"ordi ecol\u00f2gic\" \/><figcaption class=\"elementor-image-carousel-caption\">foto6<\/figcaption><\/figure><\/div><div class=\"swiper-slide\" role=\"group\" aria-roledescription=\"slide\" aria-label=\"3 de 7\"><figure class=\"swiper-slide-inner\"><img decoding=\"async\" class=\"swiper-slide-image\" src=\"https:\/\/www.lovilotfarmbrewery.com\/wp-content\/uploads\/2022\/02\/foto3-3-1024x502.jpg\" alt=\"Malteria\" \/><figcaption class=\"elementor-image-carousel-caption\">foto3<\/figcaption><\/figure><\/div><div class=\"swiper-slide\" role=\"group\" aria-roledescription=\"slide\" aria-label=\"4 de 7\"><figure class=\"swiper-slide-inner\"><img decoding=\"async\" class=\"swiper-slide-image\" src=\"https:\/\/www.lovilotfarmbrewery.com\/wp-content\/uploads\/2022\/02\/foto13-2-2-1024x502.jpg\" alt=\"malta pale eco\" \/><figcaption class=\"elementor-image-carousel-caption\">foto13 (2)<\/figcaption><\/figure><\/div><div class=\"swiper-slide\" role=\"group\" aria-roledescription=\"slide\" aria-label=\"5 de 7\"><figure class=\"swiper-slide-inner\"><img decoding=\"async\" class=\"swiper-slide-image\" src=\"https:\/\/www.lovilotfarmbrewery.com\/wp-content\/uploads\/2022\/02\/foto1-6-1024x502.jpg\" alt=\"ll\u00fapol creixent\" \/><figcaption class=\"elementor-image-carousel-caption\">foto1<\/figcaption><\/figure><\/div><div class=\"swiper-slide\" role=\"group\" aria-roledescription=\"slide\" aria-label=\"6 de 7\"><figure class=\"swiper-slide-inner\"><img decoding=\"async\" class=\"swiper-slide-image\" src=\"https:\/\/www.lovilotfarmbrewery.com\/wp-content\/uploads\/2017\/02\/p3-1024x502.jpg\" alt=\"malta i ll\u00fapol\" \/><figcaption class=\"elementor-image-carousel-caption\">p3<\/figcaption><\/figure><\/div><div class=\"swiper-slide\" role=\"group\" aria-roledescription=\"slide\" aria-label=\"7 de 7\"><figure class=\"swiper-slide-inner\"><img decoding=\"async\" class=\"swiper-slide-image\" src=\"https:\/\/www.lovilotfarmbrewery.com\/wp-content\/uploads\/2022\/02\/foto14-2-1-1024x502.jpg\" alt=\"Festa Harvest\" \/><figcaption class=\"elementor-image-carousel-caption\">foto14 (2)<\/figcaption><\/figure><\/div>\t\t\t<\/div>\n\t\t\t\t\t\t\t\t\t\t\t\t<div class=\"elementor-swiper-button elementor-swiper-button-prev\" role=\"button\" tabindex=\"0\">\n\t\t\t\t\t\t<svg aria-hidden=\"true\" class=\"e-font-icon-svg e-eicon-chevron-left\" viewBox=\"0 0 1000 1000\" xmlns=\"http:\/\/www.w3.org\/2000\/svg\"><path d=\"M646 125C629 125 613 133 604 142L308 442C296 454 292 471 292 487 292 504 296 521 308 533L604 854C617 867 629 875 646 875 663 875 679 871 692 858 704 846 713 829 713 812 713 796 708 779 692 767L438 487 692 225C700 217 708 204 708 187 708 171 704 154 692 142 675 129 663 125 646 125Z\"><\/path><\/svg>\t\t\t\t\t<\/div>\n\t\t\t\t\t<div class=\"elementor-swiper-button elementor-swiper-button-next\" role=\"button\" tabindex=\"0\">\n\t\t\t\t\t\t<svg aria-hidden=\"true\" class=\"e-font-icon-svg e-eicon-chevron-right\" viewBox=\"0 0 1000 1000\" xmlns=\"http:\/\/www.w3.org\/2000\/svg\"><path d=\"M696 533C708 521 713 504 713 487 713 471 708 454 696 446L400 146C388 133 375 125 354 125 338 125 325 129 313 142 300 154 292 171 292 187 292 204 296 221 308 233L563 492 304 771C292 783 288 800 288 817 288 833 296 850 308 863 321 871 338 875 354 875 371 875 388 867 400 854L696 533Z\"><\/path><\/svg>\t\t\t\t\t<\/div>\n\t\t\t\t\n\t\t\t\t\t\t\t\t\t<div class=\"swiper-pagination\"><\/div>\n\t\t\t\t\t\t\t\t\t<\/div>\n\t\t\t\t\t\t<\/div>\n\t\t\t\t<\/div>\n\t\t<div class=\"elementor-element elementor-element-94d4011 e-flex e-con-boxed e-con e-parent\" data-id=\"94d4011\" data-element_type=\"container\" data-e-type=\"container\">\n\t\t\t\t\t<div class=\"e-con-inner\">\n\t\t\t\t<div class=\"elementor-element elementor-element-69242ef elementor-widget elementor-widget-text-editor\" data-id=\"69242ef\" data-element_type=\"widget\" data-e-type=\"widget\" data-widget_type=\"text-editor.default\">\n\t\t\t\t\t\t\t\t\t<h3 style=\"text-align: center;\" data-pm-slice=\"1 1 []\">Cerveses artesanes amb terrer &#8211; <a href=\"https:\/\/www.lovilotfarmbrewery.com\/full-circle-beer-project\/\">de la terra al got<\/a> &#8211;<\/h3>\n<p style=\"text-align: center;\" data-pm-slice=\"1 1 []\">A la granja cervesera Lo Vilot fem cervesa artesana ecol\u00f2gica de granja, amb ingredients ecol\u00f2gics que produ\u00efm nosaltres mateixes, temps i passi\u00f3.<\/p>\n<p style=\"text-align: center;\" data-pm-slice=\"1 1 []\">Cada ampolla \u00e9s una petita obra d&#8217;art que garanteix la seva qualitat, terrer, sabor i autenticitat.&nbsp;<\/p><p style=\"text-align: center;\" data-pm-slice=\"1 1 []\"><br><\/p>\n<p style=\"text-align: center;\" data-pm-slice=\"1 1 []\">Si vols una cervesa honesta, amb car\u00e0cter i amb ingredients d&#8217;aqu\u00ed, tria Lo Vilot.<\/p>\t\t\t\t\t\t\t\t<\/div>\n\t\t\t\t<div class=\"elementor-element elementor-element-a52c28b elementor-widget elementor-widget-button\" data-id=\"a52c28b\" data-element_type=\"widget\" data-e-type=\"widget\" data-widget_type=\"button.default\">\n\t\t\t\t\t\t\t\t\t\t<a class=\"elementor-button elementor-button-link elementor-size-sm\" href=\"https:\/\/botiga.lovilotfarmbrewery.com\/\">\n\t\t\t\t\t\t<span class=\"elementor-button-content-wrapper\">\n\t\t\t\t\t\t\t\t\t<span class=\"elementor-button-text\">BOTIGA<\/span>\n\t\t\t\t\t<\/span>\n\t\t\t\t\t<\/a>\n\t\t\t\t\t\t\t\t<\/div>\n\t\t\t\t\t<\/div>\n\t\t\t\t<\/div>\n\t\t\t\t<\/div>\n\t\t","protected":false},"excerpt":{"rendered":"<p>Lo Vilot &#8211; Granja cervesera&nbsp; Cervesa artesana ecol\u00f2gica de proximitat &nbsp; T&#8217;agradaria tastar una cervesa artesana feta aqu\u00ed amb ingredients d&#8217;aqu\u00ed?&nbsp; Vespre ordi ordi Malteria malta pale eco ll\u00fapol en creixement malta i ll\u00fapol Festa Harvest Cerveses artesanes amb terrer &#8211; de la terra al got &#8211; A la granja cervesera Lo Vilot fem cervesa [&hellip;]<\/p>\n","protected":false},"author":3,"featured_media":0,"parent":0,"menu_order":0,"comment_status":"closed","ping_status":"open","template":"","meta":{"_acf_changed":false,"footnotes":""},"class_list":["post-388","page","type-page","status-publish","hentry"],"acf":[],"yoast_head":"<!-- This site is optimized with the Yoast SEO plugin v27.3 - https:\/\/yoast.com\/product\/yoast-seo-wordpress\/ -->\n<title>Cerveza artesana ecol\u00f3gica- Granja Cervecera Lo Vilot<\/title>\n<meta name=\"description\" content=\"Cerveza artesana ecol\u00f3gica de proximidad. Full Circle Beer Project. Cerveza Km0. Cultivo de materias primas: malta, l\u00fapulo, cereales.\" \/>\n<meta name=\"robots\" content=\"index, follow, max-snippet:-1, max-image-preview:large, max-video-preview:-1\" \/>\n<link rel=\"canonical\" href=\"https:\/\/www.lovilotfarmbrewery.com\/es\/\" \/>\n<meta property=\"og:locale\" content=\"es_ES\" \/>\n<meta property=\"og:type\" content=\"article\" \/>\n<meta property=\"og:title\" content=\"Cerveza artesana ecol\u00f3gica- Granja Cervecera Lo Vilot\" \/>\n<meta property=\"og:description\" content=\"Cerveza artesana ecol\u00f3gica de proximidad. Full Circle Beer Project. Cerveza Km0. Cultivo de materias primas: malta, l\u00fapulo, cereales.\" \/>\n<meta property=\"og:url\" content=\"https:\/\/www.lovilotfarmbrewery.com\/es\/\" \/>\n<meta property=\"og:site_name\" content=\"Granja Cervecera Lo Vilot\" \/>\n<meta property=\"article:publisher\" content=\"https:\/\/www.facebook.com\/cervesalovilot\/\" \/>\n<meta property=\"article:modified_time\" content=\"2025-12-24T16:33:22+00:00\" \/>\n<meta property=\"og:image\" content=\"https:\/\/www.lovilotfarmbrewery.com\/wp-content\/uploads\/2022\/02\/foto12-2-1024x502.jpg\" \/>\n<meta name=\"twitter:card\" content=\"summary_large_image\" \/>\n<meta name=\"twitter:site\" content=\"@Cervesa_LoVilot\" \/>\n<meta name=\"twitter:label1\" content=\"Tiempo de lectura\" \/>\n\t<meta name=\"twitter:data1\" content=\"2 minutos\" \/>\n<script type=\"application\/ld+json\" class=\"yoast-schema-graph\">{\"@context\":\"https:\\\/\\\/schema.org\",\"@graph\":[{\"@type\":\"WebPage\",\"@id\":\"https:\\\/\\\/www.lovilotfarmbrewery.com\\\/es\\\/\",\"url\":\"https:\\\/\\\/www.lovilotfarmbrewery.com\\\/es\\\/\",\"name\":\"Cerveza artesana ecol\u00f3gica- Granja Cervecera Lo Vilot\",\"isPartOf\":{\"@id\":\"https:\\\/\\\/www.lovilotfarmbrewery.com\\\/es\\\/#website\"},\"primaryImageOfPage\":{\"@id\":\"https:\\\/\\\/www.lovilotfarmbrewery.com\\\/es\\\/#primaryimage\"},\"image\":{\"@id\":\"https:\\\/\\\/www.lovilotfarmbrewery.com\\\/es\\\/#primaryimage\"},\"thumbnailUrl\":\"https:\\\/\\\/www.lovilotfarmbrewery.com\\\/wp-content\\\/uploads\\\/2022\\\/02\\\/foto12-2-1024x502.jpg\",\"datePublished\":\"2017-05-18T14:37:45+00:00\",\"dateModified\":\"2025-12-24T16:33:22+00:00\",\"description\":\"Cerveza artesana ecol\u00f3gica de proximidad. Full Circle Beer Project. Cerveza Km0. Cultivo de materias primas: malta, l\u00fapulo, cereales.\",\"breadcrumb\":{\"@id\":\"https:\\\/\\\/www.lovilotfarmbrewery.com\\\/es\\\/#breadcrumb\"},\"inLanguage\":\"es\",\"potentialAction\":[{\"@type\":\"ReadAction\",\"target\":[\"https:\\\/\\\/www.lovilotfarmbrewery.com\\\/es\\\/\"]}]},{\"@type\":\"ImageObject\",\"inLanguage\":\"es\",\"@id\":\"https:\\\/\\\/www.lovilotfarmbrewery.com\\\/es\\\/#primaryimage\",\"url\":\"https:\\\/\\\/www.lovilotfarmbrewery.com\\\/wp-content\\\/uploads\\\/2022\\\/02\\\/foto12-2-1024x502.jpg\",\"contentUrl\":\"https:\\\/\\\/www.lovilotfarmbrewery.com\\\/wp-content\\\/uploads\\\/2022\\\/02\\\/foto12-2-1024x502.jpg\"},{\"@type\":\"BreadcrumbList\",\"@id\":\"https:\\\/\\\/www.lovilotfarmbrewery.com\\\/es\\\/#breadcrumb\",\"itemListElement\":[{\"@type\":\"ListItem\",\"position\":1,\"name\":\"inicio\",\"item\":\"https:\\\/\\\/www.lovilotfarmbrewery.com\\\/es\\\/inicio\\\/\"},{\"@type\":\"ListItem\",\"position\":2,\"name\":\"Cerveza artesana ecol\u00f3gica\"}]},{\"@type\":\"WebSite\",\"@id\":\"https:\\\/\\\/www.lovilotfarmbrewery.com\\\/es\\\/#website\",\"url\":\"https:\\\/\\\/www.lovilotfarmbrewery.com\\\/es\\\/\",\"name\":\"lovilotfarmbrewery\",\"description\":\"Full Circle Beer Project\",\"publisher\":{\"@id\":\"https:\\\/\\\/www.lovilotfarmbrewery.com\\\/es\\\/#organization\"},\"potentialAction\":[{\"@type\":\"SearchAction\",\"target\":{\"@type\":\"EntryPoint\",\"urlTemplate\":\"https:\\\/\\\/www.lovilotfarmbrewery.com\\\/es\\\/?s={search_term_string}\"},\"query-input\":{\"@type\":\"PropertyValueSpecification\",\"valueRequired\":true,\"valueName\":\"search_term_string\"}}],\"inLanguage\":\"es\"},{\"@type\":\"Organization\",\"@id\":\"https:\\\/\\\/www.lovilotfarmbrewery.com\\\/es\\\/#organization\",\"name\":\"LO VILOT FARM BREWERY SCCL\",\"url\":\"https:\\\/\\\/www.lovilotfarmbrewery.com\\\/es\\\/\",\"logo\":{\"@type\":\"ImageObject\",\"inLanguage\":\"es\",\"@id\":\"https:\\\/\\\/www.lovilotfarmbrewery.com\\\/es\\\/#\\\/schema\\\/logo\\\/image\\\/\",\"url\":\"https:\\\/\\\/www.lovilotfarmbrewery.com\\\/wp-content\\\/uploads\\\/2025\\\/12\\\/LOGO-LO-VILOT-FARM-BREWERY.png\",\"contentUrl\":\"https:\\\/\\\/www.lovilotfarmbrewery.com\\\/wp-content\\\/uploads\\\/2025\\\/12\\\/LOGO-LO-VILOT-FARM-BREWERY.png\",\"width\":1573,\"height\":1538,\"caption\":\"LO VILOT FARM BREWERY SCCL\"},\"image\":{\"@id\":\"https:\\\/\\\/www.lovilotfarmbrewery.com\\\/es\\\/#\\\/schema\\\/logo\\\/image\\\/\"},\"sameAs\":[\"https:\\\/\\\/www.facebook.com\\\/cervesalovilot\\\/\",\"https:\\\/\\\/x.com\\\/Cervesa_LoVilot\",\"https:\\\/\\\/www.instagram.com\\\/cervesa_lo_vilot\\\/\",\"https:\\\/\\\/www.linkedin.com\\\/in\\\/cervesalovilot\\\/\",\"https:\\\/\\\/www.pinterest.es\\\/cervesalovilot\\\/\",\"https:\\\/\\\/www.youtube.com\\\/channel\\\/UCOSbcxuoPP0XKngEFXyP-aQ?view_as=subscriber\"]}]}<\/script>\n<!-- \/ Yoast SEO plugin. -->","yoast_head_json":{"title":"Cerveza artesana ecol\u00f3gica- Granja Cervecera Lo Vilot","description":"Cerveza artesana ecol\u00f3gica de proximidad. Full Circle Beer Project. Cerveza Km0. Cultivo de materias primas: malta, l\u00fapulo, cereales.","robots":{"index":"index","follow":"follow","max-snippet":"max-snippet:-1","max-image-preview":"max-image-preview:large","max-video-preview":"max-video-preview:-1"},"canonical":"https:\/\/www.lovilotfarmbrewery.com\/es\/","og_locale":"es_ES","og_type":"article","og_title":"Cerveza artesana ecol\u00f3gica- Granja Cervecera Lo Vilot","og_description":"Cerveza artesana ecol\u00f3gica de proximidad. Full Circle Beer Project. Cerveza Km0. Cultivo de materias primas: malta, l\u00fapulo, cereales.","og_url":"https:\/\/www.lovilotfarmbrewery.com\/es\/","og_site_name":"Granja Cervecera Lo Vilot","article_publisher":"https:\/\/www.facebook.com\/cervesalovilot\/","article_modified_time":"2025-12-24T16:33:22+00:00","og_image":[{"url":"https:\/\/www.lovilotfarmbrewery.com\/wp-content\/uploads\/2022\/02\/foto12-2-1024x502.jpg","type":"","width":"","height":""}],"twitter_card":"summary_large_image","twitter_site":"@Cervesa_LoVilot","twitter_misc":{"Tiempo de lectura":"2 minutos"},"schema":{"@context":"https:\/\/schema.org","@graph":[{"@type":"WebPage","@id":"https:\/\/www.lovilotfarmbrewery.com\/es\/","url":"https:\/\/www.lovilotfarmbrewery.com\/es\/","name":"Cerveza artesana ecol\u00f3gica- Granja Cervecera Lo Vilot","isPartOf":{"@id":"https:\/\/www.lovilotfarmbrewery.com\/es\/#website"},"primaryImageOfPage":{"@id":"https:\/\/www.lovilotfarmbrewery.com\/es\/#primaryimage"},"image":{"@id":"https:\/\/www.lovilotfarmbrewery.com\/es\/#primaryimage"},"thumbnailUrl":"https:\/\/www.lovilotfarmbrewery.com\/wp-content\/uploads\/2022\/02\/foto12-2-1024x502.jpg","datePublished":"2017-05-18T14:37:45+00:00","dateModified":"2025-12-24T16:33:22+00:00","description":"Cerveza artesana ecol\u00f3gica de proximidad. Full Circle Beer Project. Cerveza Km0. Cultivo de materias primas: malta, l\u00fapulo, cereales.","breadcrumb":{"@id":"https:\/\/www.lovilotfarmbrewery.com\/es\/#breadcrumb"},"inLanguage":"es","potentialAction":[{"@type":"ReadAction","target":["https:\/\/www.lovilotfarmbrewery.com\/es\/"]}]},{"@type":"ImageObject","inLanguage":"es","@id":"https:\/\/www.lovilotfarmbrewery.com\/es\/#primaryimage","url":"https:\/\/www.lovilotfarmbrewery.com\/wp-content\/uploads\/2022\/02\/foto12-2-1024x502.jpg","contentUrl":"https:\/\/www.lovilotfarmbrewery.com\/wp-content\/uploads\/2022\/02\/foto12-2-1024x502.jpg"},{"@type":"BreadcrumbList","@id":"https:\/\/www.lovilotfarmbrewery.com\/es\/#breadcrumb","itemListElement":[{"@type":"ListItem","position":1,"name":"inicio","item":"https:\/\/www.lovilotfarmbrewery.com\/es\/inicio\/"},{"@type":"ListItem","position":2,"name":"Cerveza artesana ecol\u00f3gica"}]},{"@type":"WebSite","@id":"https:\/\/www.lovilotfarmbrewery.com\/es\/#website","url":"https:\/\/www.lovilotfarmbrewery.com\/es\/","name":"lovilotfarmbrewery","description":"Full Circle Beer Project","publisher":{"@id":"https:\/\/www.lovilotfarmbrewery.com\/es\/#organization"},"potentialAction":[{"@type":"SearchAction","target":{"@type":"EntryPoint","urlTemplate":"https:\/\/www.lovilotfarmbrewery.com\/es\/?s={search_term_string}"},"query-input":{"@type":"PropertyValueSpecification","valueRequired":true,"valueName":"search_term_string"}}],"inLanguage":"es"},{"@type":"Organization","@id":"https:\/\/www.lovilotfarmbrewery.com\/es\/#organization","name":"LO VILOT FARM BREWERY SCCL","url":"https:\/\/www.lovilotfarmbrewery.com\/es\/","logo":{"@type":"ImageObject","inLanguage":"es","@id":"https:\/\/www.lovilotfarmbrewery.com\/es\/#\/schema\/logo\/image\/","url":"https:\/\/www.lovilotfarmbrewery.com\/wp-content\/uploads\/2025\/12\/LOGO-LO-VILOT-FARM-BREWERY.png","contentUrl":"https:\/\/www.lovilotfarmbrewery.com\/wp-content\/uploads\/2025\/12\/LOGO-LO-VILOT-FARM-BREWERY.png","width":1573,"height":1538,"caption":"LO VILOT FARM BREWERY SCCL"},"image":{"@id":"https:\/\/www.lovilotfarmbrewery.com\/es\/#\/schema\/logo\/image\/"},"sameAs":["https:\/\/www.facebook.com\/cervesalovilot\/","https:\/\/x.com\/Cervesa_LoVilot","https:\/\/www.instagram.com\/cervesa_lo_vilot\/","https:\/\/www.linkedin.com\/in\/cervesalovilot\/","https:\/\/www.pinterest.es\/cervesalovilot\/","https:\/\/www.youtube.com\/channel\/UCOSbcxuoPP0XKngEFXyP-aQ?view_as=subscriber"]}]}},"_links":{"self":[{"href":"https:\/\/www.lovilotfarmbrewery.com\/es\/wp-json\/wp\/v2\/pages\/388","targetHints":{"allow":["GET"]}}],"collection":[{"href":"https:\/\/www.lovilotfarmbrewery.com\/es\/wp-json\/wp\/v2\/pages"}],"about":[{"href":"https:\/\/www.lovilotfarmbrewery.com\/es\/wp-json\/wp\/v2\/types\/page"}],"author":[{"embeddable":true,"href":"https:\/\/www.lovilotfarmbrewery.com\/es\/wp-json\/wp\/v2\/users\/3"}],"replies":[{"embeddable":true,"href":"https:\/\/www.lovilotfarmbrewery.com\/es\/wp-json\/wp\/v2\/comments?post=388"}],"version-history":[{"count":36,"href":"https:\/\/www.lovilotfarmbrewery.com\/es\/wp-json\/wp\/v2\/pages\/388\/revisions"}],"predecessor-version":[{"id":18447,"href":"https:\/\/www.lovilotfarmbrewery.com\/es\/wp-json\/wp\/v2\/pages\/388\/revisions\/18447"}],"wp:attachment":[{"href":"https:\/\/www.lovilotfarmbrewery.com\/es\/wp-json\/wp\/v2\/media?parent=388"}],"curies":[{"name":"wp","href":"https:\/\/api.w.org\/{rel}","templated":true}]}}