{"id":378,"date":"2017-05-18T14:08:42","date_gmt":"2017-05-18T14:08:42","guid":{"rendered":"http:\/\/www.lovilotfarmbrewery.com\/es\/?page_id=378"},"modified":"2026-04-16T19:38:12","modified_gmt":"2026-04-16T19:38:12","slug":"contacto","status":"publish","type":"page","link":"https:\/\/www.lovilotfarmbrewery.com\/es\/contacto\/","title":{"rendered":"Contacto"},"content":{"rendered":"\t\t<div data-elementor-type=\"wp-page\" data-elementor-id=\"378\" class=\"elementor elementor-378 elementor-14\" data-elementor-post-type=\"page\">\n\t\t\t\t<div class=\"elementor-element elementor-element-5ae4cca2 e-flex e-con-boxed e-con e-parent\" data-id=\"5ae4cca2\" data-element_type=\"container\" data-e-type=\"container\">\n\t\t\t\t\t<div class=\"e-con-inner\">\n\t\t<div class=\"elementor-element elementor-element-7c66d6b e-grid e-con-full e-con e-child\" data-id=\"7c66d6b\" data-element_type=\"container\" data-e-type=\"container\">\n\t\t\t\t<div class=\"elementor-element elementor-element-7e21320 elementor-widget elementor-widget-google_maps\" data-id=\"7e21320\" data-element_type=\"widget\" data-e-type=\"widget\" data-widget_type=\"google_maps.default\">\n\t\t\t\t\t\t\t<div class=\"elementor-custom-embed\">\n\t\t\t<iframe loading=\"lazy\"\n\t\t\t\t\tsrc=\"https:\/\/maps.google.com\/maps?q=Lo%20Vilot%20Farm%20Brewery%20SCCL&#038;t=m&#038;z=13&#038;output=embed&#038;iwloc=near\"\n\t\t\t\t\ttitle=\"Lo Vilot Farm Brewery SCCL\"\n\t\t\t\t\taria-label=\"Lo Vilot Farm Brewery SCCL\"\n\t\t\t><\/iframe>\n\t\t<\/div>\n\t\t\t\t\t\t<\/div>\n\t\t\t\t<div class=\"elementor-element elementor-element-baacbd1 elementor-button-align-stretch elementor-widget elementor-widget-form\" data-id=\"baacbd1\" data-element_type=\"widget\" data-e-type=\"widget\" data-settings=\"{&quot;step_next_label&quot;:&quot;Siguiente&quot;,&quot;step_previous_label&quot;:&quot;Previo&quot;,&quot;button_width&quot;:&quot;100&quot;,&quot;step_type&quot;:&quot;number_text&quot;,&quot;step_icon_shape&quot;:&quot;circle&quot;}\" data-widget_type=\"form.default\">\n\t\t\t\t\t\t\t<form class=\"elementor-form\" method=\"post\" name=\"Nuevo formulario\" aria-label=\"Nuevo formulario\">\n\t\t\t<input type=\"hidden\" name=\"post_id\" value=\"378\"\/>\n\t\t\t<input type=\"hidden\" name=\"form_id\" value=\"baacbd1\"\/>\n\t\t\t<input type=\"hidden\" name=\"referer_title\" value=\"Contacto Lo Vilot - Granja Cervecera Lo Vilot\" \/>\n\n\t\t\t\t\t\t\t<input type=\"hidden\" name=\"queried_id\" value=\"378\"\/>\n\t\t\t\n\t\t\t<div class=\"elementor-form-fields-wrapper elementor-labels-above\">\n\t\t\t\t\t\t\t\t<div class=\"elementor-field-type-text elementor-field-group elementor-column elementor-field-group-name elementor-col-100\">\n\t\t\t\t\t\t\t\t\t\t\t\t<label for=\"form-field-name\" class=\"elementor-field-label\">\n\t\t\t\t\t\t\t\tNombre\t\t\t\t\t\t\t<\/label>\n\t\t\t\t\t\t\t\t\t\t\t\t\t\t<input size=\"1\" type=\"text\" name=\"form_fields[name]\" id=\"form-field-name\" class=\"elementor-field elementor-size-sm  elementor-field-textual\" placeholder=\"Nombre\">\n\t\t\t\t\t\t\t\t\t\t\t<\/div>\n\t\t\t\t\t\t\t\t<div class=\"elementor-field-type-email elementor-field-group elementor-column elementor-field-group-email elementor-col-100 elementor-field-required\">\n\t\t\t\t\t\t\t\t\t\t\t\t<label for=\"form-field-email\" class=\"elementor-field-label\">\n\t\t\t\t\t\t\t\tCorreo electr\u00f3nico\t\t\t\t\t\t\t<\/label>\n\t\t\t\t\t\t\t\t\t\t\t\t\t\t<input size=\"1\" type=\"email\" name=\"form_fields[email]\" id=\"form-field-email\" class=\"elementor-field elementor-size-sm  elementor-field-textual\" placeholder=\"Correo electr\u00f3nico\" required=\"required\">\n\t\t\t\t\t\t\t\t\t\t\t<\/div>\n\t\t\t\t\t\t\t\t<div class=\"elementor-field-type-text elementor-field-group elementor-column elementor-field-group-field_17b1d4c elementor-col-100\">\n\t\t\t\t\t\t\t\t\t\t\t\t<label for=\"form-field-field_17b1d4c\" class=\"elementor-field-label\">\n\t\t\t\t\t\t\t\tAsunto\t\t\t\t\t\t\t<\/label>\n\t\t\t\t\t\t\t\t\t\t\t\t\t\t<input size=\"1\" type=\"text\" name=\"form_fields[field_17b1d4c]\" id=\"form-field-field_17b1d4c\" class=\"elementor-field elementor-size-sm  elementor-field-textual\">\n\t\t\t\t\t\t\t\t\t\t\t<\/div>\n\t\t\t\t\t\t\t\t<div class=\"elementor-field-type-textarea elementor-field-group elementor-column elementor-field-group-message elementor-col-100\">\n\t\t\t\t\t\t\t\t\t\t\t\t<label for=\"form-field-message\" class=\"elementor-field-label\">\n\t\t\t\t\t\t\t\tMensaje\t\t\t\t\t\t\t<\/label>\n\t\t\t\t\t\t<textarea class=\"elementor-field-textual elementor-field  elementor-size-sm\" name=\"form_fields[message]\" id=\"form-field-message\" rows=\"4\" placeholder=\"Mensaje\"><\/textarea>\t\t\t\t<\/div>\n\t\t\t\t\t\t\t\t<div class=\"elementor-field-type-acceptance elementor-field-group elementor-column elementor-field-group-field_1926768 elementor-col-100 elementor-field-required\">\n\t\t\t\t\t\t\t<div class=\"elementor-field-subgroup\">\n\t\t\t<span class=\"elementor-field-option\">\n\t\t\t\t<input type=\"checkbox\" name=\"form_fields[field_1926768]\" id=\"form-field-field_1926768\" class=\"elementor-field elementor-size-sm  elementor-acceptance-field\" required=\"required\">\n\t\t\t\t<label for=\"form-field-field_1926768\">He le\u00eddo y accepto la pol\u00edtica de privacidad de Lo Vilot Farm Brewery SCCL<\/label>\t\t\t<\/span>\n\t\t<\/div>\n\t\t\t\t\t\t<\/div>\n\t\t\t\t\t\t\t\t<div class=\"elementor-field-group elementor-column elementor-field-type-submit elementor-col-100 e-form__buttons\">\n\t\t\t\t\t<button class=\"elementor-button elementor-size-sm\" type=\"submit\">\n\t\t\t\t\t\t<span class=\"elementor-button-content-wrapper\">\n\t\t\t\t\t\t\t\t\t\t\t\t\t\t\t\t\t\t\t\t\t\t<span class=\"elementor-button-text\">Enviar<\/span>\n\t\t\t\t\t\t\t\t\t\t\t\t\t<\/span>\n\t\t\t\t\t<\/button>\n\t\t\t\t<\/div>\n\t\t\t<\/div>\n\t\t<\/form>\n\t\t\t\t\t\t<\/div>\n\t\t\t\t<\/div>\n\t\t\t\t\t<\/div>\n\t\t\t\t<\/div>\n\t\t\t\t<\/div>\n\t\t","protected":false},"excerpt":{"rendered":"","protected":false},"author":1,"featured_media":0,"parent":0,"menu_order":0,"comment_status":"closed","ping_status":"open","template":"","meta":{"_acf_changed":false,"footnotes":""},"class_list":["post-378","page","type-page","status-publish","hentry"],"acf":[],"yoast_head":"<!-- This site is optimized with the Yoast SEO plugin v27.4 - https:\/\/yoast.com\/product\/yoast-seo-wordpress\/ -->\n<title>Contacto Lo Vilot - Granja Cervecera Lo Vilot<\/title>\n<meta name=\"description\" content=\"P\u00f3ngase en contacto con la cervecer\u00eda Lo Vilot. Cerveza artesanal ecol\u00f3gica. Compre cerveza. Cerveza sostenible. Cerveza local.\" \/>\n<meta name=\"robots\" content=\"index, follow, max-snippet:-1, max-image-preview:large, max-video-preview:-1\" \/>\n<link rel=\"canonical\" href=\"https:\/\/www.lovilotfarmbrewery.com\/es\/contacto\/\" \/>\n<meta property=\"og:locale\" content=\"es_ES\" \/>\n<meta property=\"og:type\" content=\"article\" \/>\n<meta property=\"og:title\" content=\"Contacto Lo Vilot - Granja Cervecera Lo Vilot\" \/>\n<meta property=\"og:description\" content=\"P\u00f3ngase en contacto con la cervecer\u00eda Lo Vilot. Cerveza artesanal ecol\u00f3gica. Compre cerveza. Cerveza sostenible. Cerveza local.\" \/>\n<meta property=\"og:url\" content=\"https:\/\/www.lovilotfarmbrewery.com\/es\/contacto\/\" \/>\n<meta property=\"og:site_name\" content=\"Granja Cervecera Lo Vilot\" \/>\n<meta property=\"article:publisher\" content=\"https:\/\/www.facebook.com\/cervesalovilot\/\" \/>\n<meta property=\"article:modified_time\" content=\"2026-04-16T19:38:12+00:00\" \/>\n<meta name=\"twitter:card\" content=\"summary_large_image\" \/>\n<meta name=\"twitter:site\" content=\"@Cervesa_LoVilot\" \/>\n<meta name=\"twitter:label1\" content=\"Tiempo de lectura\" \/>\n\t<meta name=\"twitter:data1\" content=\"1 minuto\" \/>\n<script type=\"application\/ld+json\" class=\"yoast-schema-graph\">{\"@context\":\"https:\\\/\\\/schema.org\",\"@graph\":[{\"@type\":\"WebPage\",\"@id\":\"https:\\\/\\\/www.lovilotfarmbrewery.com\\\/es\\\/contacto\\\/\",\"url\":\"https:\\\/\\\/www.lovilotfarmbrewery.com\\\/es\\\/contacto\\\/\",\"name\":\"Contacto Lo Vilot - Granja Cervecera Lo Vilot\",\"isPartOf\":{\"@id\":\"https:\\\/\\\/www.lovilotfarmbrewery.com\\\/es\\\/#website\"},\"datePublished\":\"2017-05-18T14:08:42+00:00\",\"dateModified\":\"2026-04-16T19:38:12+00:00\",\"description\":\"P\u00f3ngase en contacto con la cervecer\u00eda Lo Vilot. Cerveza artesanal ecol\u00f3gica. Compre cerveza. Cerveza sostenible. Cerveza local.\",\"breadcrumb\":{\"@id\":\"https:\\\/\\\/www.lovilotfarmbrewery.com\\\/es\\\/contacto\\\/#breadcrumb\"},\"inLanguage\":\"es\",\"potentialAction\":[{\"@type\":\"ReadAction\",\"target\":[\"https:\\\/\\\/www.lovilotfarmbrewery.com\\\/es\\\/contacto\\\/\"]}]},{\"@type\":\"BreadcrumbList\",\"@id\":\"https:\\\/\\\/www.lovilotfarmbrewery.com\\\/es\\\/contacto\\\/#breadcrumb\",\"itemListElement\":[{\"@type\":\"ListItem\",\"position\":1,\"name\":\"inicio\",\"item\":\"https:\\\/\\\/www.lovilotfarmbrewery.com\\\/es\\\/\"},{\"@type\":\"ListItem\",\"position\":2,\"name\":\"Contacto\"}]},{\"@type\":\"WebSite\",\"@id\":\"https:\\\/\\\/www.lovilotfarmbrewery.com\\\/es\\\/#website\",\"url\":\"https:\\\/\\\/www.lovilotfarmbrewery.com\\\/es\\\/\",\"name\":\"lovilotfarmbrewery\",\"description\":\"Full Circle Beer Project\",\"publisher\":{\"@id\":\"https:\\\/\\\/www.lovilotfarmbrewery.com\\\/es\\\/#organization\"},\"potentialAction\":[{\"@type\":\"SearchAction\",\"target\":{\"@type\":\"EntryPoint\",\"urlTemplate\":\"https:\\\/\\\/www.lovilotfarmbrewery.com\\\/es\\\/?s={search_term_string}\"},\"query-input\":{\"@type\":\"PropertyValueSpecification\",\"valueRequired\":true,\"valueName\":\"search_term_string\"}}],\"inLanguage\":\"es\"},{\"@type\":\"Organization\",\"@id\":\"https:\\\/\\\/www.lovilotfarmbrewery.com\\\/es\\\/#organization\",\"name\":\"LO VILOT FARM BREWERY SCCL\",\"url\":\"https:\\\/\\\/www.lovilotfarmbrewery.com\\\/es\\\/\",\"logo\":{\"@type\":\"ImageObject\",\"inLanguage\":\"es\",\"@id\":\"https:\\\/\\\/www.lovilotfarmbrewery.com\\\/es\\\/#\\\/schema\\\/logo\\\/image\\\/\",\"url\":\"https:\\\/\\\/www.lovilotfarmbrewery.com\\\/wp-content\\\/uploads\\\/2025\\\/12\\\/LOGO-LO-VILOT-FARM-BREWERY.png\",\"contentUrl\":\"https:\\\/\\\/www.lovilotfarmbrewery.com\\\/wp-content\\\/uploads\\\/2025\\\/12\\\/LOGO-LO-VILOT-FARM-BREWERY.png\",\"width\":1573,\"height\":1538,\"caption\":\"LO VILOT FARM BREWERY SCCL\"},\"image\":{\"@id\":\"https:\\\/\\\/www.lovilotfarmbrewery.com\\\/es\\\/#\\\/schema\\\/logo\\\/image\\\/\"},\"sameAs\":[\"https:\\\/\\\/www.facebook.com\\\/cervesalovilot\\\/\",\"https:\\\/\\\/x.com\\\/Cervesa_LoVilot\",\"https:\\\/\\\/www.instagram.com\\\/cervesa_lo_vilot\\\/\",\"https:\\\/\\\/www.linkedin.com\\\/in\\\/cervesalovilot\\\/\",\"https:\\\/\\\/www.pinterest.es\\\/cervesalovilot\\\/\",\"https:\\\/\\\/www.youtube.com\\\/channel\\\/UCOSbcxuoPP0XKngEFXyP-aQ?view_as=subscriber\"]}]}<\/script>\n<!-- \/ Yoast SEO plugin. -->","yoast_head_json":{"title":"Contacto Lo Vilot - Granja Cervecera Lo Vilot","description":"P\u00f3ngase en contacto con la cervecer\u00eda Lo Vilot. Cerveza artesanal ecol\u00f3gica. Compre cerveza. Cerveza sostenible. Cerveza local.","robots":{"index":"index","follow":"follow","max-snippet":"max-snippet:-1","max-image-preview":"max-image-preview:large","max-video-preview":"max-video-preview:-1"},"canonical":"https:\/\/www.lovilotfarmbrewery.com\/es\/contacto\/","og_locale":"es_ES","og_type":"article","og_title":"Contacto Lo Vilot - Granja Cervecera Lo Vilot","og_description":"P\u00f3ngase en contacto con la cervecer\u00eda Lo Vilot. Cerveza artesanal ecol\u00f3gica. Compre cerveza. Cerveza sostenible. Cerveza local.","og_url":"https:\/\/www.lovilotfarmbrewery.com\/es\/contacto\/","og_site_name":"Granja Cervecera Lo Vilot","article_publisher":"https:\/\/www.facebook.com\/cervesalovilot\/","article_modified_time":"2026-04-16T19:38:12+00:00","twitter_card":"summary_large_image","twitter_site":"@Cervesa_LoVilot","twitter_misc":{"Tiempo de lectura":"1 minuto"},"schema":{"@context":"https:\/\/schema.org","@graph":[{"@type":"WebPage","@id":"https:\/\/www.lovilotfarmbrewery.com\/es\/contacto\/","url":"https:\/\/www.lovilotfarmbrewery.com\/es\/contacto\/","name":"Contacto Lo Vilot - Granja Cervecera Lo Vilot","isPartOf":{"@id":"https:\/\/www.lovilotfarmbrewery.com\/es\/#website"},"datePublished":"2017-05-18T14:08:42+00:00","dateModified":"2026-04-16T19:38:12+00:00","description":"P\u00f3ngase en contacto con la cervecer\u00eda Lo Vilot. Cerveza artesanal ecol\u00f3gica. Compre cerveza. Cerveza sostenible. Cerveza local.","breadcrumb":{"@id":"https:\/\/www.lovilotfarmbrewery.com\/es\/contacto\/#breadcrumb"},"inLanguage":"es","potentialAction":[{"@type":"ReadAction","target":["https:\/\/www.lovilotfarmbrewery.com\/es\/contacto\/"]}]},{"@type":"BreadcrumbList","@id":"https:\/\/www.lovilotfarmbrewery.com\/es\/contacto\/#breadcrumb","itemListElement":[{"@type":"ListItem","position":1,"name":"inicio","item":"https:\/\/www.lovilotfarmbrewery.com\/es\/"},{"@type":"ListItem","position":2,"name":"Contacto"}]},{"@type":"WebSite","@id":"https:\/\/www.lovilotfarmbrewery.com\/es\/#website","url":"https:\/\/www.lovilotfarmbrewery.com\/es\/","name":"lovilotfarmbrewery","description":"Full Circle Beer Project","publisher":{"@id":"https:\/\/www.lovilotfarmbrewery.com\/es\/#organization"},"potentialAction":[{"@type":"SearchAction","target":{"@type":"EntryPoint","urlTemplate":"https:\/\/www.lovilotfarmbrewery.com\/es\/?s={search_term_string}"},"query-input":{"@type":"PropertyValueSpecification","valueRequired":true,"valueName":"search_term_string"}}],"inLanguage":"es"},{"@type":"Organization","@id":"https:\/\/www.lovilotfarmbrewery.com\/es\/#organization","name":"LO VILOT FARM BREWERY SCCL","url":"https:\/\/www.lovilotfarmbrewery.com\/es\/","logo":{"@type":"ImageObject","inLanguage":"es","@id":"https:\/\/www.lovilotfarmbrewery.com\/es\/#\/schema\/logo\/image\/","url":"https:\/\/www.lovilotfarmbrewery.com\/wp-content\/uploads\/2025\/12\/LOGO-LO-VILOT-FARM-BREWERY.png","contentUrl":"https:\/\/www.lovilotfarmbrewery.com\/wp-content\/uploads\/2025\/12\/LOGO-LO-VILOT-FARM-BREWERY.png","width":1573,"height":1538,"caption":"LO VILOT FARM BREWERY SCCL"},"image":{"@id":"https:\/\/www.lovilotfarmbrewery.com\/es\/#\/schema\/logo\/image\/"},"sameAs":["https:\/\/www.facebook.com\/cervesalovilot\/","https:\/\/x.com\/Cervesa_LoVilot","https:\/\/www.instagram.com\/cervesa_lo_vilot\/","https:\/\/www.linkedin.com\/in\/cervesalovilot\/","https:\/\/www.pinterest.es\/cervesalovilot\/","https:\/\/www.youtube.com\/channel\/UCOSbcxuoPP0XKngEFXyP-aQ?view_as=subscriber"]}]}},"_links":{"self":[{"href":"https:\/\/www.lovilotfarmbrewery.com\/es\/wp-json\/wp\/v2\/pages\/378","targetHints":{"allow":["GET"]}}],"collection":[{"href":"https:\/\/www.lovilotfarmbrewery.com\/es\/wp-json\/wp\/v2\/pages"}],"about":[{"href":"https:\/\/www.lovilotfarmbrewery.com\/es\/wp-json\/wp\/v2\/types\/page"}],"author":[{"embeddable":true,"href":"https:\/\/www.lovilotfarmbrewery.com\/es\/wp-json\/wp\/v2\/users\/1"}],"replies":[{"embeddable":true,"href":"https:\/\/www.lovilotfarmbrewery.com\/es\/wp-json\/wp\/v2\/comments?post=378"}],"version-history":[{"count":3,"href":"https:\/\/www.lovilotfarmbrewery.com\/es\/wp-json\/wp\/v2\/pages\/378\/revisions"}],"predecessor-version":[{"id":19598,"href":"https:\/\/www.lovilotfarmbrewery.com\/es\/wp-json\/wp\/v2\/pages\/378\/revisions\/19598"}],"wp:attachment":[{"href":"https:\/\/www.lovilotfarmbrewery.com\/es\/wp-json\/wp\/v2\/media?parent=378"}],"curies":[{"name":"wp","href":"https:\/\/api.w.org\/{rel}","templated":true}]}}