{"id":18034,"date":"2025-12-08T23:08:57","date_gmt":"2025-12-08T23:08:57","guid":{"rendered":"https:\/\/www.lovilotfarmbrewery.com\/comunidad-corresponsable\/"},"modified":"2026-04-16T19:23:51","modified_gmt":"2026-04-16T19:23:51","slug":"comunidad-corresponsable","status":"publish","type":"page","link":"https:\/\/www.lovilotfarmbrewery.com\/es\/comunidad-corresponsable\/","title":{"rendered":"Comunidad Corresponsable"},"content":{"rendered":"\t\t<div data-elementor-type=\"wp-page\" data-elementor-id=\"18034\" class=\"elementor elementor-18034 elementor-2735\" data-elementor-post-type=\"page\">\n\t\t\t\t<div class=\"elementor-element elementor-element-53d37dad e-flex e-con-boxed e-con e-parent\" data-id=\"53d37dad\" data-element_type=\"container\" data-e-type=\"container\">\n\t\t\t\t\t<div class=\"e-con-inner\">\n\t\t\t\t<div class=\"elementor-element elementor-element-505640d elementor-widget elementor-widget-text-editor\" data-id=\"505640d\" data-element_type=\"widget\" data-e-type=\"widget\" data-widget_type=\"text-editor.default\">\n\t\t\t\t\t\t\t\t\t<p>Consumir en comunidad y asumir la responsabilidad conjunta de proyectos de producci\u00f3n sostenibles y respetuosos con el medio ambiente es una forma real de transformar el modelo de consumo.<\/p>\n<p>Necesitamos este cambio para que iniciativas como LO VILOT sean viables, poniendo a las personas y al territorio en el centro y trabajando por su desarrollo sostenible en todos los \u00e1mbitos. Adem\u00e1s, producimos de forma ecol\u00f3gica, artesanal y tradicional, dando siempre prioridad a la calidad de nuestros productos.<\/p>\n<p>Por todo ello, te invitamos a formar parte de LO VILOT. Hazte miembro de nuestra comunidad corresponsable. Rellena este formulario.<\/p>\n<p>Como socio, pagar\u00e1s una cuota \u00fanica con todo incluido, tendr\u00e1s acceso garantizado durante todo el a\u00f1o a nuestras cervezas artesanales al mejor precio y un descuento del 10 % en todos los productos de la tienda online, y te comprometer\u00e1s a cumplir con una serie de obligaciones:<\/p>\n\t\t\t\t\t\t\t\t<\/div>\n\t\t<div class=\"elementor-element elementor-element-681beb7 e-grid e-con-full e-con e-child\" data-id=\"681beb7\" data-element_type=\"container\" data-e-type=\"container\">\n\t\t<div class=\"elementor-element elementor-element-4674a3c e-con-full e-flex e-con e-child\" data-id=\"4674a3c\" data-element_type=\"container\" data-e-type=\"container\">\n\t\t\t\t<div class=\"elementor-element elementor-element-25fec5a elementor-widget elementor-widget-image\" data-id=\"25fec5a\" data-element_type=\"widget\" data-e-type=\"widget\" data-widget_type=\"image.default\">\n\t\t\t\t\t\t\t\t\t\t\t\t\t\t\t<img fetchpriority=\"high\" decoding=\"async\" width=\"800\" height=\"800\" src=\"https:\/\/www.lovilotfarmbrewery.com\/wp-content\/uploads\/2017\/03\/icona4-1024x1024.png\" class=\"attachment-large size-large wp-image-18063\" alt=\"\" srcset=\"https:\/\/www.lovilotfarmbrewery.com\/wp-content\/uploads\/2017\/03\/icona4-1024x1024.png 1024w, https:\/\/www.lovilotfarmbrewery.com\/wp-content\/uploads\/2017\/03\/icona4-150x150.png 150w, https:\/\/www.lovilotfarmbrewery.com\/wp-content\/uploads\/2017\/03\/icona4-300x300.png 300w, https:\/\/www.lovilotfarmbrewery.com\/wp-content\/uploads\/2017\/03\/icona4-768x768.png 768w\" sizes=\"(max-width: 800px) 100vw, 800px\" \/>\t\t\t\t\t\t\t\t\t\t\t\t\t\t\t<\/div>\n\t\t\t\t<div class=\"elementor-element elementor-element-63cf516 elementor-widget elementor-widget-heading\" data-id=\"63cf516\" data-element_type=\"widget\" data-e-type=\"widget\" data-widget_type=\"heading.default\">\n\t\t\t\t\t<h2 class=\"elementor-heading-title elementor-size-default\">Compromiso con la producci\u00f3n<\/h2>\t\t\t\t<\/div>\n\t\t\t\t<div class=\"elementor-element elementor-element-99014ee elementor-widget elementor-widget-text-editor\" data-id=\"99014ee\" data-element_type=\"widget\" data-e-type=\"widget\" data-widget_type=\"text-editor.default\">\n\t\t\t\t\t\t\t\t\t<p>Tu suscripci\u00f3n incluye un suministro m\u00ednimo anual de cervezas artesanales y licores artesanales, lo que nos garantiza unas ventas constantes.<\/p>\n\t\t\t\t\t\t\t\t<\/div>\n\t\t\t\t<\/div>\n\t\t<div class=\"elementor-element elementor-element-0076cb2 e-con-full e-flex e-con e-child\" data-id=\"0076cb2\" data-element_type=\"container\" data-e-type=\"container\">\n\t\t\t\t<div class=\"elementor-element elementor-element-5da8ec3 elementor-widget elementor-widget-image\" data-id=\"5da8ec3\" data-element_type=\"widget\" data-e-type=\"widget\" data-widget_type=\"image.default\">\n\t\t\t\t\t\t\t\t\t\t\t\t\t\t\t<img decoding=\"async\" width=\"800\" height=\"800\" src=\"https:\/\/www.lovilotfarmbrewery.com\/wp-content\/uploads\/2017\/03\/icona2-1024x1024.png\" class=\"attachment-large size-large wp-image-18060\" alt=\"Collita pr\u00f2pia\" srcset=\"https:\/\/www.lovilotfarmbrewery.com\/wp-content\/uploads\/2017\/03\/icona2-1024x1024.png 1024w, https:\/\/www.lovilotfarmbrewery.com\/wp-content\/uploads\/2017\/03\/icona2-150x150.png 150w, https:\/\/www.lovilotfarmbrewery.com\/wp-content\/uploads\/2017\/03\/icona2-300x300.png 300w, https:\/\/www.lovilotfarmbrewery.com\/wp-content\/uploads\/2017\/03\/icona2-768x768.png 768w\" sizes=\"(max-width: 800px) 100vw, 800px\" \/>\t\t\t\t\t\t\t\t\t\t\t\t\t\t\t<\/div>\n\t\t\t\t<div class=\"elementor-element elementor-element-1f67478 elementor-widget elementor-widget-heading\" data-id=\"1f67478\" data-element_type=\"widget\" data-e-type=\"widget\" data-widget_type=\"heading.default\">\n\t\t\t\t\t<h2 class=\"elementor-heading-title elementor-size-default\">Compromiso con la distribuci\u00f3n<\/h2>\t\t\t\t<\/div>\n\t\t\t\t<div class=\"elementor-element elementor-element-5c1c4f4 elementor-widget elementor-widget-text-editor\" data-id=\"5c1c4f4\" data-element_type=\"widget\" data-e-type=\"widget\" data-widget_type=\"text-editor.default\">\n\t\t\t\t\t\t\t\t\t<p>En junio, te enviaremos las cervezas a tu domicilio o, si lo prefieres, podr\u00e1s recogerlas en persona en el evento comunitario anual. De esta forma, eliminamos a los intermediarios y garantizamos un contacto directo.<\/p>\n\t\t\t\t\t\t\t\t<\/div>\n\t\t\t\t<\/div>\n\t\t<div class=\"elementor-element elementor-element-3d8b95e e-con-full e-flex e-con e-child\" data-id=\"3d8b95e\" data-element_type=\"container\" data-e-type=\"container\">\n\t\t\t\t<div class=\"elementor-element elementor-element-c598d44 elementor-widget elementor-widget-image\" data-id=\"c598d44\" data-element_type=\"widget\" data-e-type=\"widget\" data-widget_type=\"image.default\">\n\t\t\t\t\t\t\t\t\t\t\t\t\t\t\t<img decoding=\"async\" width=\"800\" height=\"800\" src=\"https:\/\/www.lovilotfarmbrewery.com\/wp-content\/uploads\/2017\/03\/icona1-1024x1024.png\" class=\"attachment-large size-large wp-image-18061\" alt=\"Ll\u00fapol i cereal\" srcset=\"https:\/\/www.lovilotfarmbrewery.com\/wp-content\/uploads\/2017\/03\/icona1-1024x1024.png 1024w, https:\/\/www.lovilotfarmbrewery.com\/wp-content\/uploads\/2017\/03\/icona1-150x150.png 150w, https:\/\/www.lovilotfarmbrewery.com\/wp-content\/uploads\/2017\/03\/icona1-300x300.png 300w, https:\/\/www.lovilotfarmbrewery.com\/wp-content\/uploads\/2017\/03\/icona1-768x768.png 768w\" sizes=\"(max-width: 800px) 100vw, 800px\" \/>\t\t\t\t\t\t\t\t\t\t\t\t\t\t\t<\/div>\n\t\t\t\t<div class=\"elementor-element elementor-element-1c26492 elementor-widget elementor-widget-heading\" data-id=\"1c26492\" data-element_type=\"widget\" data-e-type=\"widget\" data-widget_type=\"heading.default\">\n\t\t\t\t\t<h2 class=\"elementor-heading-title elementor-size-default\">Compromiso con la cooperativa<\/h2>\t\t\t\t<\/div>\n\t\t\t\t<div class=\"elementor-element elementor-element-d1b3d2f elementor-widget elementor-widget-text-editor\" data-id=\"d1b3d2f\" data-element_type=\"widget\" data-e-type=\"widget\" data-widget_type=\"text-editor.default\">\n\t\t\t\t\t\t\t\t\t<p>Al contribuir a que este proyecto sea posible, creemos que tienes derecho a dar tu opini\u00f3n. Por eso te invitamos a participar en la jornada anual de la comunidad.<\/p>\n\t\t\t\t\t\t\t\t<\/div>\n\t\t\t\t<\/div>\n\t\t\t\t<\/div>\n\t\t\t\t<div class=\"elementor-element elementor-element-9955449 elementor-widget elementor-widget-heading\" data-id=\"9955449\" data-element_type=\"widget\" data-e-type=\"widget\" data-widget_type=\"heading.default\">\n\t\t\t\t\t<h2 class=\"elementor-heading-title elementor-size-default\">Quiero unirme a la comunida<\/h2>\t\t\t\t<\/div>\n\t\t\t\t<div class=\"elementor-element elementor-element-69e5019a elementor-widget elementor-widget-text-editor\" data-id=\"69e5019a\" data-element_type=\"widget\" data-e-type=\"widget\" data-widget_type=\"text-editor.default\">\n\t\t\t\t\t\t\t\t\t<div class=\"fusion-text fusion-text-1\">\n<div class=\"fusion-text fusion-text-1\"><\/div>\n<p><\/p>\n<div class=\"fusion-text fusion-text-1\">Elige la suscripci\u00f3n que m\u00e1s te convenga y recibe cervezas en casa o en la jornada comunitaria anual que se celebra en junio. Disfruta de un 10 % de descuento en los productos de nuestra tienda online y en las actividades y experiencias que organizamos. Para inscribirte, <a href=\"https:\/\/www.lovilotfarmbrewery.com\/contacte-cervesa-artesana\/\">ponte en contacto con nosotros<\/a>.<\/div>\n<p><\/p>\n<div><\/div>\n<p><img loading=\"lazy\" decoding=\"async\" class=\"alignnone size-full wp-image-2739\" src=\"https:\/\/www.lovilotfarmbrewery.com\/wp-content\/uploads\/2024\/11\/image.png\" alt=\"\" width=\"1000\" height=\"141\" srcset=\"https:\/\/www.lovilotfarmbrewery.com\/wp-content\/uploads\/2024\/11\/image.png 1000w, https:\/\/www.lovilotfarmbrewery.com\/wp-content\/uploads\/2024\/11\/image-600x85.png 600w, https:\/\/www.lovilotfarmbrewery.com\/wp-content\/uploads\/2024\/11\/image-300x42.png 300w, https:\/\/www.lovilotfarmbrewery.com\/wp-content\/uploads\/2024\/11\/image-768x108.png 768w\" sizes=\"(max-width: 1000px) 100vw, 1000px\" \/><\/p>\n<\/div>\n\t\t\t\t\t\t\t\t<\/div>\n\t\t\t\t\t<\/div>\n\t\t\t\t<\/div>\n\t\t\t\t<\/div>\n\t\t","protected":false},"excerpt":{"rendered":"<p>Consumir en comunidad y asumir la responsabilidad conjunta de proyectos de producci\u00f3n sostenibles y respetuosos con el medio ambiente es una forma real de transformar el modelo de consumo. Necesitamos este cambio para que iniciativas como LO VILOT sean viables, poniendo a las personas y al territorio en el centro y trabajando por su desarrollo [&hellip;]<\/p>\n","protected":false},"author":3,"featured_media":0,"parent":0,"menu_order":0,"comment_status":"closed","ping_status":"closed","template":"","meta":{"_acf_changed":false,"footnotes":""},"class_list":["post-18034","page","type-page","status-publish","hentry"],"acf":[],"yoast_head":"<!-- This site is optimized with the Yoast SEO plugin v27.4 - https:\/\/yoast.com\/product\/yoast-seo-wordpress\/ -->\n<title>Comunidad Corresponsable - Granja Cervecera Lo Vilot<\/title>\n<meta name=\"description\" content=\"Compra sostenible. Club corresponsable. Forma parte de la comunidad. Club de Lo Vilot. Cerveza de proximidad.\" \/>\n<meta name=\"robots\" content=\"index, follow, max-snippet:-1, max-image-preview:large, max-video-preview:-1\" \/>\n<link rel=\"canonical\" href=\"https:\/\/www.lovilotfarmbrewery.com\/es\/comunidad-corresponsable\/\" \/>\n<meta property=\"og:locale\" content=\"es_ES\" \/>\n<meta property=\"og:type\" content=\"article\" \/>\n<meta property=\"og:title\" content=\"Comunidad Corresponsable - Granja Cervecera Lo Vilot\" \/>\n<meta property=\"og:description\" content=\"Compra sostenible. Club corresponsable. Forma parte de la comunidad. Club de Lo Vilot. Cerveza de proximidad.\" \/>\n<meta property=\"og:url\" content=\"https:\/\/www.lovilotfarmbrewery.com\/es\/comunidad-corresponsable\/\" \/>\n<meta property=\"og:site_name\" content=\"Granja Cervecera Lo Vilot\" \/>\n<meta property=\"article:publisher\" content=\"https:\/\/www.facebook.com\/cervesalovilot\/\" \/>\n<meta property=\"article:modified_time\" content=\"2026-04-16T19:23:51+00:00\" \/>\n<meta property=\"og:image\" content=\"https:\/\/www.lovilotfarmbrewery.com\/wp-content\/uploads\/2017\/03\/icona4.png\" \/>\n\t<meta property=\"og:image:width\" content=\"2085\" \/>\n\t<meta property=\"og:image:height\" content=\"2084\" \/>\n\t<meta property=\"og:image:type\" content=\"image\/png\" \/>\n<meta name=\"twitter:card\" content=\"summary_large_image\" \/>\n<meta name=\"twitter:site\" content=\"@Cervesa_LoVilot\" \/>\n<meta name=\"twitter:label1\" content=\"Tiempo de lectura\" \/>\n\t<meta name=\"twitter:data1\" content=\"3 minutos\" \/>\n<script type=\"application\/ld+json\" class=\"yoast-schema-graph\">{\"@context\":\"https:\\\/\\\/schema.org\",\"@graph\":[{\"@type\":\"WebPage\",\"@id\":\"https:\\\/\\\/www.lovilotfarmbrewery.com\\\/es\\\/comunidad-corresponsable\\\/\",\"url\":\"https:\\\/\\\/www.lovilotfarmbrewery.com\\\/es\\\/comunidad-corresponsable\\\/\",\"name\":\"Comunidad Corresponsable - Granja Cervecera Lo Vilot\",\"isPartOf\":{\"@id\":\"https:\\\/\\\/www.lovilotfarmbrewery.com\\\/es\\\/#website\"},\"primaryImageOfPage\":{\"@id\":\"https:\\\/\\\/www.lovilotfarmbrewery.com\\\/es\\\/comunidad-corresponsable\\\/#primaryimage\"},\"image\":{\"@id\":\"https:\\\/\\\/www.lovilotfarmbrewery.com\\\/es\\\/comunidad-corresponsable\\\/#primaryimage\"},\"thumbnailUrl\":\"https:\\\/\\\/www.lovilotfarmbrewery.com\\\/wp-content\\\/uploads\\\/2017\\\/03\\\/icona4-1024x1024.png\",\"datePublished\":\"2025-12-08T23:08:57+00:00\",\"dateModified\":\"2026-04-16T19:23:51+00:00\",\"description\":\"Compra sostenible. Club corresponsable. Forma parte de la comunidad. Club de Lo Vilot. Cerveza de proximidad.\",\"breadcrumb\":{\"@id\":\"https:\\\/\\\/www.lovilotfarmbrewery.com\\\/es\\\/comunidad-corresponsable\\\/#breadcrumb\"},\"inLanguage\":\"es\",\"potentialAction\":[{\"@type\":\"ReadAction\",\"target\":[\"https:\\\/\\\/www.lovilotfarmbrewery.com\\\/es\\\/comunidad-corresponsable\\\/\"]}]},{\"@type\":\"ImageObject\",\"inLanguage\":\"es\",\"@id\":\"https:\\\/\\\/www.lovilotfarmbrewery.com\\\/es\\\/comunidad-corresponsable\\\/#primaryimage\",\"url\":\"https:\\\/\\\/www.lovilotfarmbrewery.com\\\/wp-content\\\/uploads\\\/2017\\\/03\\\/icona4-1024x1024.png\",\"contentUrl\":\"https:\\\/\\\/www.lovilotfarmbrewery.com\\\/wp-content\\\/uploads\\\/2017\\\/03\\\/icona4-1024x1024.png\"},{\"@type\":\"BreadcrumbList\",\"@id\":\"https:\\\/\\\/www.lovilotfarmbrewery.com\\\/es\\\/comunidad-corresponsable\\\/#breadcrumb\",\"itemListElement\":[{\"@type\":\"ListItem\",\"position\":1,\"name\":\"inicio\",\"item\":\"https:\\\/\\\/www.lovilotfarmbrewery.com\\\/es\\\/\"},{\"@type\":\"ListItem\",\"position\":2,\"name\":\"Comunidad Corresponsable\"}]},{\"@type\":\"WebSite\",\"@id\":\"https:\\\/\\\/www.lovilotfarmbrewery.com\\\/es\\\/#website\",\"url\":\"https:\\\/\\\/www.lovilotfarmbrewery.com\\\/es\\\/\",\"name\":\"lovilotfarmbrewery\",\"description\":\"Full Circle Beer Project\",\"publisher\":{\"@id\":\"https:\\\/\\\/www.lovilotfarmbrewery.com\\\/es\\\/#organization\"},\"potentialAction\":[{\"@type\":\"SearchAction\",\"target\":{\"@type\":\"EntryPoint\",\"urlTemplate\":\"https:\\\/\\\/www.lovilotfarmbrewery.com\\\/es\\\/?s={search_term_string}\"},\"query-input\":{\"@type\":\"PropertyValueSpecification\",\"valueRequired\":true,\"valueName\":\"search_term_string\"}}],\"inLanguage\":\"es\"},{\"@type\":\"Organization\",\"@id\":\"https:\\\/\\\/www.lovilotfarmbrewery.com\\\/es\\\/#organization\",\"name\":\"LO VILOT FARM BREWERY SCCL\",\"url\":\"https:\\\/\\\/www.lovilotfarmbrewery.com\\\/es\\\/\",\"logo\":{\"@type\":\"ImageObject\",\"inLanguage\":\"es\",\"@id\":\"https:\\\/\\\/www.lovilotfarmbrewery.com\\\/es\\\/#\\\/schema\\\/logo\\\/image\\\/\",\"url\":\"https:\\\/\\\/www.lovilotfarmbrewery.com\\\/wp-content\\\/uploads\\\/2025\\\/12\\\/LOGO-LO-VILOT-FARM-BREWERY.png\",\"contentUrl\":\"https:\\\/\\\/www.lovilotfarmbrewery.com\\\/wp-content\\\/uploads\\\/2025\\\/12\\\/LOGO-LO-VILOT-FARM-BREWERY.png\",\"width\":1573,\"height\":1538,\"caption\":\"LO VILOT FARM BREWERY SCCL\"},\"image\":{\"@id\":\"https:\\\/\\\/www.lovilotfarmbrewery.com\\\/es\\\/#\\\/schema\\\/logo\\\/image\\\/\"},\"sameAs\":[\"https:\\\/\\\/www.facebook.com\\\/cervesalovilot\\\/\",\"https:\\\/\\\/x.com\\\/Cervesa_LoVilot\",\"https:\\\/\\\/www.instagram.com\\\/cervesa_lo_vilot\\\/\",\"https:\\\/\\\/www.linkedin.com\\\/in\\\/cervesalovilot\\\/\",\"https:\\\/\\\/www.pinterest.es\\\/cervesalovilot\\\/\",\"https:\\\/\\\/www.youtube.com\\\/channel\\\/UCOSbcxuoPP0XKngEFXyP-aQ?view_as=subscriber\"]}]}<\/script>\n<!-- \/ Yoast SEO plugin. -->","yoast_head_json":{"title":"Comunidad Corresponsable - Granja Cervecera Lo Vilot","description":"Compra sostenible. Club corresponsable. Forma parte de la comunidad. Club de Lo Vilot. Cerveza de proximidad.","robots":{"index":"index","follow":"follow","max-snippet":"max-snippet:-1","max-image-preview":"max-image-preview:large","max-video-preview":"max-video-preview:-1"},"canonical":"https:\/\/www.lovilotfarmbrewery.com\/es\/comunidad-corresponsable\/","og_locale":"es_ES","og_type":"article","og_title":"Comunidad Corresponsable - Granja Cervecera Lo Vilot","og_description":"Compra sostenible. Club corresponsable. Forma parte de la comunidad. Club de Lo Vilot. Cerveza de proximidad.","og_url":"https:\/\/www.lovilotfarmbrewery.com\/es\/comunidad-corresponsable\/","og_site_name":"Granja Cervecera Lo Vilot","article_publisher":"https:\/\/www.facebook.com\/cervesalovilot\/","article_modified_time":"2026-04-16T19:23:51+00:00","og_image":[{"width":2085,"height":2084,"url":"https:\/\/www.lovilotfarmbrewery.com\/wp-content\/uploads\/2017\/03\/icona4.png","type":"image\/png"}],"twitter_card":"summary_large_image","twitter_site":"@Cervesa_LoVilot","twitter_misc":{"Tiempo de lectura":"3 minutos"},"schema":{"@context":"https:\/\/schema.org","@graph":[{"@type":"WebPage","@id":"https:\/\/www.lovilotfarmbrewery.com\/es\/comunidad-corresponsable\/","url":"https:\/\/www.lovilotfarmbrewery.com\/es\/comunidad-corresponsable\/","name":"Comunidad Corresponsable - Granja Cervecera Lo Vilot","isPartOf":{"@id":"https:\/\/www.lovilotfarmbrewery.com\/es\/#website"},"primaryImageOfPage":{"@id":"https:\/\/www.lovilotfarmbrewery.com\/es\/comunidad-corresponsable\/#primaryimage"},"image":{"@id":"https:\/\/www.lovilotfarmbrewery.com\/es\/comunidad-corresponsable\/#primaryimage"},"thumbnailUrl":"https:\/\/www.lovilotfarmbrewery.com\/wp-content\/uploads\/2017\/03\/icona4-1024x1024.png","datePublished":"2025-12-08T23:08:57+00:00","dateModified":"2026-04-16T19:23:51+00:00","description":"Compra sostenible. Club corresponsable. Forma parte de la comunidad. Club de Lo Vilot. Cerveza de proximidad.","breadcrumb":{"@id":"https:\/\/www.lovilotfarmbrewery.com\/es\/comunidad-corresponsable\/#breadcrumb"},"inLanguage":"es","potentialAction":[{"@type":"ReadAction","target":["https:\/\/www.lovilotfarmbrewery.com\/es\/comunidad-corresponsable\/"]}]},{"@type":"ImageObject","inLanguage":"es","@id":"https:\/\/www.lovilotfarmbrewery.com\/es\/comunidad-corresponsable\/#primaryimage","url":"https:\/\/www.lovilotfarmbrewery.com\/wp-content\/uploads\/2017\/03\/icona4-1024x1024.png","contentUrl":"https:\/\/www.lovilotfarmbrewery.com\/wp-content\/uploads\/2017\/03\/icona4-1024x1024.png"},{"@type":"BreadcrumbList","@id":"https:\/\/www.lovilotfarmbrewery.com\/es\/comunidad-corresponsable\/#breadcrumb","itemListElement":[{"@type":"ListItem","position":1,"name":"inicio","item":"https:\/\/www.lovilotfarmbrewery.com\/es\/"},{"@type":"ListItem","position":2,"name":"Comunidad Corresponsable"}]},{"@type":"WebSite","@id":"https:\/\/www.lovilotfarmbrewery.com\/es\/#website","url":"https:\/\/www.lovilotfarmbrewery.com\/es\/","name":"lovilotfarmbrewery","description":"Full Circle Beer Project","publisher":{"@id":"https:\/\/www.lovilotfarmbrewery.com\/es\/#organization"},"potentialAction":[{"@type":"SearchAction","target":{"@type":"EntryPoint","urlTemplate":"https:\/\/www.lovilotfarmbrewery.com\/es\/?s={search_term_string}"},"query-input":{"@type":"PropertyValueSpecification","valueRequired":true,"valueName":"search_term_string"}}],"inLanguage":"es"},{"@type":"Organization","@id":"https:\/\/www.lovilotfarmbrewery.com\/es\/#organization","name":"LO VILOT FARM BREWERY SCCL","url":"https:\/\/www.lovilotfarmbrewery.com\/es\/","logo":{"@type":"ImageObject","inLanguage":"es","@id":"https:\/\/www.lovilotfarmbrewery.com\/es\/#\/schema\/logo\/image\/","url":"https:\/\/www.lovilotfarmbrewery.com\/wp-content\/uploads\/2025\/12\/LOGO-LO-VILOT-FARM-BREWERY.png","contentUrl":"https:\/\/www.lovilotfarmbrewery.com\/wp-content\/uploads\/2025\/12\/LOGO-LO-VILOT-FARM-BREWERY.png","width":1573,"height":1538,"caption":"LO VILOT FARM BREWERY SCCL"},"image":{"@id":"https:\/\/www.lovilotfarmbrewery.com\/es\/#\/schema\/logo\/image\/"},"sameAs":["https:\/\/www.facebook.com\/cervesalovilot\/","https:\/\/x.com\/Cervesa_LoVilot","https:\/\/www.instagram.com\/cervesa_lo_vilot\/","https:\/\/www.linkedin.com\/in\/cervesalovilot\/","https:\/\/www.pinterest.es\/cervesalovilot\/","https:\/\/www.youtube.com\/channel\/UCOSbcxuoPP0XKngEFXyP-aQ?view_as=subscriber"]}]}},"_links":{"self":[{"href":"https:\/\/www.lovilotfarmbrewery.com\/es\/wp-json\/wp\/v2\/pages\/18034","targetHints":{"allow":["GET"]}}],"collection":[{"href":"https:\/\/www.lovilotfarmbrewery.com\/es\/wp-json\/wp\/v2\/pages"}],"about":[{"href":"https:\/\/www.lovilotfarmbrewery.com\/es\/wp-json\/wp\/v2\/types\/page"}],"author":[{"embeddable":true,"href":"https:\/\/www.lovilotfarmbrewery.com\/es\/wp-json\/wp\/v2\/users\/3"}],"replies":[{"embeddable":true,"href":"https:\/\/www.lovilotfarmbrewery.com\/es\/wp-json\/wp\/v2\/comments?post=18034"}],"version-history":[{"count":6,"href":"https:\/\/www.lovilotfarmbrewery.com\/es\/wp-json\/wp\/v2\/pages\/18034\/revisions"}],"predecessor-version":[{"id":19596,"href":"https:\/\/www.lovilotfarmbrewery.com\/es\/wp-json\/wp\/v2\/pages\/18034\/revisions\/19596"}],"wp:attachment":[{"href":"https:\/\/www.lovilotfarmbrewery.com\/es\/wp-json\/wp\/v2\/media?parent=18034"}],"curies":[{"name":"wp","href":"https:\/\/api.w.org\/{rel}","templated":true}]}}