{"id":19714,"date":"2026-04-18T11:40:58","date_gmt":"2026-04-18T11:40:58","guid":{"rendered":"https:\/\/www.lovilotfarmbrewery.com\/producte\/zito-gastronomic-experience-lunc\/"},"modified":"2026-04-18T13:32:48","modified_gmt":"2026-04-18T13:32:48","slug":"zito-gastronomic-experience-lunc","status":"publish","type":"product","link":"https:\/\/www.lovilotfarmbrewery.com\/en\/producte\/zito-gastronomic-experience-lunc\/","title":{"rendered":"Zito-gastronomic Experience &#8211; Lunc"},"content":{"rendered":"<h1>Zito-gastronomic Experience &#8211; Lunch<\/h1>\n<h2>Visit to the workshop, brewery farm (fields, malting, wooden casks, coolship, kilns&#8230;), regenerative experience and lunch.<\/h2>\n<p>The lunch includes a tasting of nine craft beers paired with nine different dishes made with locally sourced ingredients.<\/p>\n<p>You can see data on our calendar of activities and experiences and\/or on the <a href=\"https:\/\/fentpais.cat\/producte\/visita-tast-i-dinar-o-sopar-a-la-granja-cervesera-lo-vilot-p5805\">Fent Pa\u00eds website.<\/a><\/p>\n<p>&nbsp;<\/p>\n","protected":false},"excerpt":{"rendered":"<p>Zito-gastronomic Experience &#8211; Lunch Visit to the workshop, brewery farm (fields, malting, wooden casks, coolship, kilns&#8230;), regenerative experience and lunch. The lunch includes a tasting of nine craft beers paired with nine different dishes made with locally sourced ingredients. You can see data on our calendar of activities and experiences and\/or on the Fent Pa\u00eds [&hellip;]<\/p>\n","protected":false},"featured_media":19681,"template":"","meta":{"_acf_changed":false},"product_brand":[],"product_cat":[179],"product_tag":[],"class_list":{"0":"post-19714","1":"product","2":"type-product","3":"status-publish","4":"has-post-thumbnail","6":"product_cat-experiencies-lo-vilot","8":"first","9":"instock","10":"taxable","11":"shipping-taxable","12":"purchasable","13":"product-type-simple"},"acf":[],"yoast_head":"<!-- This site is optimized with the Yoast SEO plugin v27.4 - https:\/\/yoast.com\/product\/yoast-seo-wordpress\/ -->\n<title>Zito-gastronomic Experience - Lunc - Lo Vilot Farm Brewery<\/title>\n<meta name=\"description\" content=\"Experi\u00e8ncia Zitogastron\u00f2mica - Dinar. Experi\u00e8ncia regenerativa que inclou la visita complerta a la granja cervesera Lo Vilot i el dinar\/sopar amb maridatge.\" \/>\n<meta name=\"robots\" content=\"index, follow, max-snippet:-1, max-image-preview:large, max-video-preview:-1\" \/>\n<link rel=\"canonical\" href=\"https:\/\/www.lovilotfarmbrewery.com\/en\/producte\/zito-gastronomic-experience-lunc\/\" \/>\n<meta property=\"og:locale\" content=\"en_US\" \/>\n<meta property=\"og:type\" content=\"article\" \/>\n<meta property=\"og:title\" content=\"Zito-gastronomic Experience - Lunc - Lo Vilot Farm Brewery\" \/>\n<meta property=\"og:description\" content=\"Experi\u00e8ncia Zitogastron\u00f2mica - Dinar. Experi\u00e8ncia regenerativa que inclou la visita complerta a la granja cervesera Lo Vilot i el dinar\/sopar amb maridatge.\" \/>\n<meta property=\"og:url\" content=\"https:\/\/www.lovilotfarmbrewery.com\/en\/producte\/zito-gastronomic-experience-lunc\/\" \/>\n<meta property=\"og:site_name\" content=\"Lo Vilot Farm Brewery\" \/>\n<meta property=\"article:publisher\" content=\"https:\/\/www.facebook.com\/cervesalovilot\/\" \/>\n<meta property=\"article:modified_time\" content=\"2026-04-18T13:32:48+00:00\" \/>\n<meta property=\"og:image\" content=\"https:\/\/www.lovilotfarmbrewery.com\/wp-content\/uploads\/2026\/04\/3ec_2ce_d327d6381e554a108370119e52c626a1__7963288495854a26b59301837f100890.webp\" \/>\n\t<meta property=\"og:image:width\" content=\"1600\" \/>\n\t<meta property=\"og:image:height\" content=\"1067\" \/>\n\t<meta property=\"og:image:type\" content=\"image\/webp\" \/>\n<meta name=\"twitter:card\" content=\"summary_large_image\" \/>\n<meta name=\"twitter:site\" content=\"@Cervesa_LoVilot\" \/>\n<script type=\"application\/ld+json\" class=\"yoast-schema-graph\">{\"@context\":\"https:\\\/\\\/schema.org\",\"@graph\":[{\"@type\":\"WebPage\",\"@id\":\"https:\\\/\\\/www.lovilotfarmbrewery.com\\\/en\\\/producte\\\/zito-gastronomic-experience-lunc\\\/\",\"url\":\"https:\\\/\\\/www.lovilotfarmbrewery.com\\\/en\\\/producte\\\/zito-gastronomic-experience-lunc\\\/\",\"name\":\"Zito-gastronomic Experience - Lunc - Lo Vilot Farm Brewery\",\"isPartOf\":{\"@id\":\"https:\\\/\\\/www.lovilotfarmbrewery.com\\\/en\\\/#website\"},\"primaryImageOfPage\":{\"@id\":\"https:\\\/\\\/www.lovilotfarmbrewery.com\\\/en\\\/producte\\\/zito-gastronomic-experience-lunc\\\/#primaryimage\"},\"image\":{\"@id\":\"https:\\\/\\\/www.lovilotfarmbrewery.com\\\/en\\\/producte\\\/zito-gastronomic-experience-lunc\\\/#primaryimage\"},\"thumbnailUrl\":\"https:\\\/\\\/www.lovilotfarmbrewery.com\\\/wp-content\\\/uploads\\\/2026\\\/04\\\/3ec_2ce_d327d6381e554a108370119e52c626a1__7963288495854a26b59301837f100890.webp\",\"datePublished\":\"2026-04-18T11:40:58+00:00\",\"dateModified\":\"2026-04-18T13:32:48+00:00\",\"description\":\"Experi\u00e8ncia Zitogastron\u00f2mica - Dinar. Experi\u00e8ncia regenerativa que inclou la visita complerta a la granja cervesera Lo Vilot i el dinar\\\/sopar amb maridatge.\",\"breadcrumb\":{\"@id\":\"https:\\\/\\\/www.lovilotfarmbrewery.com\\\/en\\\/producte\\\/zito-gastronomic-experience-lunc\\\/#breadcrumb\"},\"inLanguage\":\"en-US\",\"potentialAction\":[{\"@type\":\"ReadAction\",\"target\":[\"https:\\\/\\\/www.lovilotfarmbrewery.com\\\/en\\\/producte\\\/zito-gastronomic-experience-lunc\\\/\"]}]},{\"@type\":\"ImageObject\",\"inLanguage\":\"en-US\",\"@id\":\"https:\\\/\\\/www.lovilotfarmbrewery.com\\\/en\\\/producte\\\/zito-gastronomic-experience-lunc\\\/#primaryimage\",\"url\":\"https:\\\/\\\/www.lovilotfarmbrewery.com\\\/wp-content\\\/uploads\\\/2026\\\/04\\\/3ec_2ce_d327d6381e554a108370119e52c626a1__7963288495854a26b59301837f100890.webp\",\"contentUrl\":\"https:\\\/\\\/www.lovilotfarmbrewery.com\\\/wp-content\\\/uploads\\\/2026\\\/04\\\/3ec_2ce_d327d6381e554a108370119e52c626a1__7963288495854a26b59301837f100890.webp\",\"width\":1600,\"height\":1067,\"caption\":\"Cerveses de l'experi\u00e8ncia Zitogastron\u00f2mica\"},{\"@type\":\"BreadcrumbList\",\"@id\":\"https:\\\/\\\/www.lovilotfarmbrewery.com\\\/en\\\/producte\\\/zito-gastronomic-experience-lunc\\\/#breadcrumb\",\"itemListElement\":[{\"@type\":\"ListItem\",\"position\":1,\"name\":\"casa\",\"item\":\"https:\\\/\\\/www.lovilotfarmbrewery.com\\\/en\\\/\"},{\"@type\":\"ListItem\",\"position\":2,\"name\":\"Shop\",\"item\":\"https:\\\/\\\/www.lovilotfarmbrewery.com\\\/botiga\\\/\"},{\"@type\":\"ListItem\",\"position\":3,\"name\":\"Zito-gastronomic Experience &#8211; Lunc\"}]},{\"@type\":\"WebSite\",\"@id\":\"https:\\\/\\\/www.lovilotfarmbrewery.com\\\/en\\\/#website\",\"url\":\"https:\\\/\\\/www.lovilotfarmbrewery.com\\\/en\\\/\",\"name\":\"lovilotfarmbrewery\",\"description\":\"Full Circle Beer Project\",\"publisher\":{\"@id\":\"https:\\\/\\\/www.lovilotfarmbrewery.com\\\/en\\\/#organization\"},\"potentialAction\":[{\"@type\":\"SearchAction\",\"target\":{\"@type\":\"EntryPoint\",\"urlTemplate\":\"https:\\\/\\\/www.lovilotfarmbrewery.com\\\/en\\\/?s={search_term_string}\"},\"query-input\":{\"@type\":\"PropertyValueSpecification\",\"valueRequired\":true,\"valueName\":\"search_term_string\"}}],\"inLanguage\":\"en-US\"},{\"@type\":\"Organization\",\"@id\":\"https:\\\/\\\/www.lovilotfarmbrewery.com\\\/en\\\/#organization\",\"name\":\"LO VILOT FARM BREWERY SCCL\",\"url\":\"https:\\\/\\\/www.lovilotfarmbrewery.com\\\/en\\\/\",\"logo\":{\"@type\":\"ImageObject\",\"inLanguage\":\"en-US\",\"@id\":\"https:\\\/\\\/www.lovilotfarmbrewery.com\\\/en\\\/#\\\/schema\\\/logo\\\/image\\\/\",\"url\":\"https:\\\/\\\/www.lovilotfarmbrewery.com\\\/wp-content\\\/uploads\\\/2025\\\/12\\\/LOGO-LO-VILOT-FARM-BREWERY.png\",\"contentUrl\":\"https:\\\/\\\/www.lovilotfarmbrewery.com\\\/wp-content\\\/uploads\\\/2025\\\/12\\\/LOGO-LO-VILOT-FARM-BREWERY.png\",\"width\":1573,\"height\":1538,\"caption\":\"LO VILOT FARM BREWERY SCCL\"},\"image\":{\"@id\":\"https:\\\/\\\/www.lovilotfarmbrewery.com\\\/en\\\/#\\\/schema\\\/logo\\\/image\\\/\"},\"sameAs\":[\"https:\\\/\\\/www.facebook.com\\\/cervesalovilot\\\/\",\"https:\\\/\\\/x.com\\\/Cervesa_LoVilot\",\"https:\\\/\\\/www.instagram.com\\\/cervesa_lo_vilot\\\/\",\"https:\\\/\\\/www.linkedin.com\\\/in\\\/cervesalovilot\\\/\",\"https:\\\/\\\/www.pinterest.es\\\/cervesalovilot\\\/\",\"https:\\\/\\\/www.youtube.com\\\/channel\\\/UCOSbcxuoPP0XKngEFXyP-aQ?view_as=subscriber\"]}]}<\/script>\n<!-- \/ Yoast SEO plugin. -->","yoast_head_json":{"title":"Zito-gastronomic Experience - Lunc - Lo Vilot Farm Brewery","description":"Experi\u00e8ncia Zitogastron\u00f2mica - Dinar. Experi\u00e8ncia regenerativa que inclou la visita complerta a la granja cervesera Lo Vilot i el dinar\/sopar amb maridatge.","robots":{"index":"index","follow":"follow","max-snippet":"max-snippet:-1","max-image-preview":"max-image-preview:large","max-video-preview":"max-video-preview:-1"},"canonical":"https:\/\/www.lovilotfarmbrewery.com\/en\/producte\/zito-gastronomic-experience-lunc\/","og_locale":"en_US","og_type":"article","og_title":"Zito-gastronomic Experience - Lunc - Lo Vilot Farm Brewery","og_description":"Experi\u00e8ncia Zitogastron\u00f2mica - Dinar. Experi\u00e8ncia regenerativa que inclou la visita complerta a la granja cervesera Lo Vilot i el dinar\/sopar amb maridatge.","og_url":"https:\/\/www.lovilotfarmbrewery.com\/en\/producte\/zito-gastronomic-experience-lunc\/","og_site_name":"Lo Vilot Farm Brewery","article_publisher":"https:\/\/www.facebook.com\/cervesalovilot\/","article_modified_time":"2026-04-18T13:32:48+00:00","og_image":[{"width":1600,"height":1067,"url":"https:\/\/www.lovilotfarmbrewery.com\/wp-content\/uploads\/2026\/04\/3ec_2ce_d327d6381e554a108370119e52c626a1__7963288495854a26b59301837f100890.webp","type":"image\/webp"}],"twitter_card":"summary_large_image","twitter_site":"@Cervesa_LoVilot","schema":{"@context":"https:\/\/schema.org","@graph":[{"@type":"WebPage","@id":"https:\/\/www.lovilotfarmbrewery.com\/en\/producte\/zito-gastronomic-experience-lunc\/","url":"https:\/\/www.lovilotfarmbrewery.com\/en\/producte\/zito-gastronomic-experience-lunc\/","name":"Zito-gastronomic Experience - Lunc - Lo Vilot Farm Brewery","isPartOf":{"@id":"https:\/\/www.lovilotfarmbrewery.com\/en\/#website"},"primaryImageOfPage":{"@id":"https:\/\/www.lovilotfarmbrewery.com\/en\/producte\/zito-gastronomic-experience-lunc\/#primaryimage"},"image":{"@id":"https:\/\/www.lovilotfarmbrewery.com\/en\/producte\/zito-gastronomic-experience-lunc\/#primaryimage"},"thumbnailUrl":"https:\/\/www.lovilotfarmbrewery.com\/wp-content\/uploads\/2026\/04\/3ec_2ce_d327d6381e554a108370119e52c626a1__7963288495854a26b59301837f100890.webp","datePublished":"2026-04-18T11:40:58+00:00","dateModified":"2026-04-18T13:32:48+00:00","description":"Experi\u00e8ncia Zitogastron\u00f2mica - Dinar. Experi\u00e8ncia regenerativa que inclou la visita complerta a la granja cervesera Lo Vilot i el dinar\/sopar amb maridatge.","breadcrumb":{"@id":"https:\/\/www.lovilotfarmbrewery.com\/en\/producte\/zito-gastronomic-experience-lunc\/#breadcrumb"},"inLanguage":"en-US","potentialAction":[{"@type":"ReadAction","target":["https:\/\/www.lovilotfarmbrewery.com\/en\/producte\/zito-gastronomic-experience-lunc\/"]}]},{"@type":"ImageObject","inLanguage":"en-US","@id":"https:\/\/www.lovilotfarmbrewery.com\/en\/producte\/zito-gastronomic-experience-lunc\/#primaryimage","url":"https:\/\/www.lovilotfarmbrewery.com\/wp-content\/uploads\/2026\/04\/3ec_2ce_d327d6381e554a108370119e52c626a1__7963288495854a26b59301837f100890.webp","contentUrl":"https:\/\/www.lovilotfarmbrewery.com\/wp-content\/uploads\/2026\/04\/3ec_2ce_d327d6381e554a108370119e52c626a1__7963288495854a26b59301837f100890.webp","width":1600,"height":1067,"caption":"Cerveses de l'experi\u00e8ncia Zitogastron\u00f2mica"},{"@type":"BreadcrumbList","@id":"https:\/\/www.lovilotfarmbrewery.com\/en\/producte\/zito-gastronomic-experience-lunc\/#breadcrumb","itemListElement":[{"@type":"ListItem","position":1,"name":"casa","item":"https:\/\/www.lovilotfarmbrewery.com\/en\/"},{"@type":"ListItem","position":2,"name":"Shop","item":"https:\/\/www.lovilotfarmbrewery.com\/botiga\/"},{"@type":"ListItem","position":3,"name":"Zito-gastronomic Experience &#8211; Lunc"}]},{"@type":"WebSite","@id":"https:\/\/www.lovilotfarmbrewery.com\/en\/#website","url":"https:\/\/www.lovilotfarmbrewery.com\/en\/","name":"lovilotfarmbrewery","description":"Full Circle Beer Project","publisher":{"@id":"https:\/\/www.lovilotfarmbrewery.com\/en\/#organization"},"potentialAction":[{"@type":"SearchAction","target":{"@type":"EntryPoint","urlTemplate":"https:\/\/www.lovilotfarmbrewery.com\/en\/?s={search_term_string}"},"query-input":{"@type":"PropertyValueSpecification","valueRequired":true,"valueName":"search_term_string"}}],"inLanguage":"en-US"},{"@type":"Organization","@id":"https:\/\/www.lovilotfarmbrewery.com\/en\/#organization","name":"LO VILOT FARM BREWERY SCCL","url":"https:\/\/www.lovilotfarmbrewery.com\/en\/","logo":{"@type":"ImageObject","inLanguage":"en-US","@id":"https:\/\/www.lovilotfarmbrewery.com\/en\/#\/schema\/logo\/image\/","url":"https:\/\/www.lovilotfarmbrewery.com\/wp-content\/uploads\/2025\/12\/LOGO-LO-VILOT-FARM-BREWERY.png","contentUrl":"https:\/\/www.lovilotfarmbrewery.com\/wp-content\/uploads\/2025\/12\/LOGO-LO-VILOT-FARM-BREWERY.png","width":1573,"height":1538,"caption":"LO VILOT FARM BREWERY SCCL"},"image":{"@id":"https:\/\/www.lovilotfarmbrewery.com\/en\/#\/schema\/logo\/image\/"},"sameAs":["https:\/\/www.facebook.com\/cervesalovilot\/","https:\/\/x.com\/Cervesa_LoVilot","https:\/\/www.instagram.com\/cervesa_lo_vilot\/","https:\/\/www.linkedin.com\/in\/cervesalovilot\/","https:\/\/www.pinterest.es\/cervesalovilot\/","https:\/\/www.youtube.com\/channel\/UCOSbcxuoPP0XKngEFXyP-aQ?view_as=subscriber"]}]}},"_links":{"self":[{"href":"https:\/\/www.lovilotfarmbrewery.com\/en\/wp-json\/wp\/v2\/product\/19714","targetHints":{"allow":["GET"]}}],"collection":[{"href":"https:\/\/www.lovilotfarmbrewery.com\/en\/wp-json\/wp\/v2\/product"}],"about":[{"href":"https:\/\/www.lovilotfarmbrewery.com\/en\/wp-json\/wp\/v2\/types\/product"}],"wp:featuredmedia":[{"embeddable":true,"href":"https:\/\/www.lovilotfarmbrewery.com\/en\/wp-json\/wp\/v2\/media\/19681"}],"wp:attachment":[{"href":"https:\/\/www.lovilotfarmbrewery.com\/en\/wp-json\/wp\/v2\/media?parent=19714"}],"wp:term":[{"taxonomy":"product_brand","embeddable":true,"href":"https:\/\/www.lovilotfarmbrewery.com\/en\/wp-json\/wp\/v2\/product_brand?post=19714"},{"taxonomy":"product_cat","embeddable":true,"href":"https:\/\/www.lovilotfarmbrewery.com\/en\/wp-json\/wp\/v2\/product_cat?post=19714"},{"taxonomy":"product_tag","embeddable":true,"href":"https:\/\/www.lovilotfarmbrewery.com\/en\/wp-json\/wp\/v2\/product_tag?post=19714"}],"curies":[{"name":"wp","href":"https:\/\/api.w.org\/{rel}","templated":true}]}}