{"id":562,"date":"2017-09-01T10:38:50","date_gmt":"2017-09-01T10:38:50","guid":{"rendered":"http:\/\/www.lovilotfarmbrewery.com\/?page_id=562\/"},"modified":"2026-04-16T22:08:44","modified_gmt":"2026-04-16T22:08:44","slug":"full-circle-beer-project","status":"publish","type":"page","link":"https:\/\/www.lovilotfarmbrewery.com\/en\/full-circle-beer-project\/","title":{"rendered":"Full Circle Beer Project"},"content":{"rendered":"\t\t<div data-elementor-type=\"wp-page\" data-elementor-id=\"562\" class=\"elementor elementor-562 elementor-6\" data-elementor-post-type=\"page\">\n\t\t\t\t<div class=\"elementor-element elementor-element-4e0185fc e-flex e-con-boxed e-con e-parent\" data-id=\"4e0185fc\" data-element_type=\"container\" data-e-type=\"container\">\n\t\t\t\t\t<div class=\"e-con-inner\">\n\t\t<div class=\"elementor-element elementor-element-1593f5a e-con-full e-flex e-con e-child\" data-id=\"1593f5a\" data-element_type=\"container\" data-e-type=\"container\">\n\t\t\t\t<div class=\"elementor-element elementor-element-719189b elementor-widget elementor-widget-heading\" data-id=\"719189b\" data-element_type=\"widget\" data-e-type=\"widget\" data-widget_type=\"heading.default\">\n\t\t\t\t\t<h1 class=\"elementor-heading-title elementor-size-default\">FULL CIRCLE BEER PROJECT<\/h1>\t\t\t\t<\/div>\n\t\t\t\t<div class=\"elementor-element elementor-element-105d1ee elementor-widget elementor-widget-image\" data-id=\"105d1ee\" data-element_type=\"widget\" data-e-type=\"widget\" data-widget_type=\"image.default\">\n\t\t\t\t\t\t\t\t\t\t\t\t\t\t\t<img fetchpriority=\"high\" decoding=\"async\" width=\"800\" height=\"856\" src=\"https:\/\/www.lovilotfarmbrewery.com\/wp-content\/uploads\/2025\/12\/CERCLE-TANCAT-LO-VILOT-957x1024.png\" class=\"attachment-large size-large wp-image-10359\" alt=\"mostra els diferents sectors que s&#039;inclouen en la producci\u00f3 de la cervesa artesan, des de fer els ingredients, maltejar, producci\u00f3 del ll\u00fapol, producci\u00f3 de cervesa, difusi\u00f3 de la cultura cervesera.\" srcset=\"https:\/\/www.lovilotfarmbrewery.com\/wp-content\/uploads\/2025\/12\/CERCLE-TANCAT-LO-VILOT-957x1024.png 957w, https:\/\/www.lovilotfarmbrewery.com\/wp-content\/uploads\/2025\/12\/CERCLE-TANCAT-LO-VILOT-280x300.png 280w, https:\/\/www.lovilotfarmbrewery.com\/wp-content\/uploads\/2025\/12\/CERCLE-TANCAT-LO-VILOT-768x821.png 768w, https:\/\/www.lovilotfarmbrewery.com\/wp-content\/uploads\/2025\/12\/CERCLE-TANCAT-LO-VILOT-1436x1536.png 1436w, https:\/\/www.lovilotfarmbrewery.com\/wp-content\/uploads\/2025\/12\/CERCLE-TANCAT-LO-VILOT-1915x2048.png 1915w, https:\/\/www.lovilotfarmbrewery.com\/wp-content\/uploads\/2025\/12\/CERCLE-TANCAT-LO-VILOT-600x642.png 600w\" sizes=\"(max-width: 800px) 100vw, 800px\" \/>\t\t\t\t\t\t\t\t\t\t\t\t\t\t\t<\/div>\n\t\t\t\t<\/div>\n\t\t\t\t\t<\/div>\n\t\t\t\t<\/div>\n\t\t<div class=\"elementor-element elementor-element-1423f85 e-flex e-con-boxed e-con e-parent\" data-id=\"1423f85\" data-element_type=\"container\" data-e-type=\"container\">\n\t\t\t\t\t<div class=\"e-con-inner\">\n\t\t<div class=\"elementor-element elementor-element-23791f5 e-con-full e-flex e-con e-child\" data-id=\"23791f5\" data-element_type=\"container\" data-e-type=\"container\">\n\t\t\t\t<div class=\"elementor-element elementor-element-2c7eae2 elementor-widget__width-initial e-transform e-transform e-transform e-transform elementor-widget elementor-widget-heading\" data-id=\"2c7eae2\" data-element_type=\"widget\" data-e-type=\"widget\" data-settings=\"{&quot;_transform_rotateZ_effect_hover&quot;:{&quot;unit&quot;:&quot;px&quot;,&quot;size&quot;:&quot;&quot;,&quot;sizes&quot;:[]},&quot;_transform_rotateZ_effect_hover_tablet&quot;:{&quot;unit&quot;:&quot;deg&quot;,&quot;size&quot;:&quot;&quot;,&quot;sizes&quot;:[]},&quot;_transform_rotateZ_effect_hover_mobile&quot;:{&quot;unit&quot;:&quot;deg&quot;,&quot;size&quot;:&quot;&quot;,&quot;sizes&quot;:[]},&quot;_transform_translateX_effect_hover&quot;:{&quot;unit&quot;:&quot;px&quot;,&quot;size&quot;:&quot;&quot;,&quot;sizes&quot;:[]},&quot;_transform_translateX_effect_hover_tablet&quot;:{&quot;unit&quot;:&quot;px&quot;,&quot;size&quot;:&quot;&quot;,&quot;sizes&quot;:[]},&quot;_transform_translateX_effect_hover_mobile&quot;:{&quot;unit&quot;:&quot;px&quot;,&quot;size&quot;:&quot;&quot;,&quot;sizes&quot;:[]},&quot;_transform_translateY_effect_hover&quot;:{&quot;unit&quot;:&quot;px&quot;,&quot;size&quot;:&quot;&quot;,&quot;sizes&quot;:[]},&quot;_transform_translateY_effect_hover_tablet&quot;:{&quot;unit&quot;:&quot;px&quot;,&quot;size&quot;:&quot;&quot;,&quot;sizes&quot;:[]},&quot;_transform_translateY_effect_hover_mobile&quot;:{&quot;unit&quot;:&quot;px&quot;,&quot;size&quot;:&quot;&quot;,&quot;sizes&quot;:[]},&quot;_transform_scale_effect_hover&quot;:{&quot;unit&quot;:&quot;px&quot;,&quot;size&quot;:&quot;&quot;,&quot;sizes&quot;:[]},&quot;_transform_scale_effect_hover_tablet&quot;:{&quot;unit&quot;:&quot;px&quot;,&quot;size&quot;:&quot;&quot;,&quot;sizes&quot;:[]},&quot;_transform_scale_effect_hover_mobile&quot;:{&quot;unit&quot;:&quot;px&quot;,&quot;size&quot;:&quot;&quot;,&quot;sizes&quot;:[]},&quot;_transform_skewX_effect_hover&quot;:{&quot;unit&quot;:&quot;px&quot;,&quot;size&quot;:&quot;&quot;,&quot;sizes&quot;:[]},&quot;_transform_skewX_effect_hover_tablet&quot;:{&quot;unit&quot;:&quot;deg&quot;,&quot;size&quot;:&quot;&quot;,&quot;sizes&quot;:[]},&quot;_transform_skewX_effect_hover_mobile&quot;:{&quot;unit&quot;:&quot;deg&quot;,&quot;size&quot;:&quot;&quot;,&quot;sizes&quot;:[]},&quot;_transform_skewY_effect_hover&quot;:{&quot;unit&quot;:&quot;px&quot;,&quot;size&quot;:&quot;&quot;,&quot;sizes&quot;:[]},&quot;_transform_skewY_effect_hover_tablet&quot;:{&quot;unit&quot;:&quot;deg&quot;,&quot;size&quot;:&quot;&quot;,&quot;sizes&quot;:[]},&quot;_transform_skewY_effect_hover_mobile&quot;:{&quot;unit&quot;:&quot;deg&quot;,&quot;size&quot;:&quot;&quot;,&quot;sizes&quot;:[]}}\" data-widget_type=\"heading.default\">\n\t\t\t\t\t<h2 class=\"elementor-heading-title elementor-size-default\"><a href=\"https:\/\/www.lovilotfarmbrewery.com\/en\/full-circle-beer-project\/brewery\/\">BREWERY<\/a><\/h2>\t\t\t\t<\/div>\n\t\t\t\t<div class=\"elementor-element elementor-element-553b6b0 elementor-widget__width-initial elementor-widget elementor-widget-heading\" data-id=\"553b6b0\" data-element_type=\"widget\" data-e-type=\"widget\" data-widget_type=\"heading.default\">\n\t\t\t\t\t<h2 class=\"elementor-heading-title elementor-size-default\"><a href=\"https:\/\/www.lovilotfarmbrewery.com\/en\/full-circle-beer-project\/beer\/\">BEER PRODUCTION<\/a><\/h2>\t\t\t\t<\/div>\n\t\t\t\t<div class=\"elementor-element elementor-element-6c4d49e elementor-widget__width-initial elementor-widget elementor-widget-heading\" data-id=\"6c4d49e\" data-element_type=\"widget\" data-e-type=\"widget\" data-widget_type=\"heading.default\">\n\t\t\t\t\t<h2 class=\"elementor-heading-title elementor-size-default\"><a href=\"https:\/\/www.lovilotfarmbrewery.com\/en\/full-circle-beer-project\/hop-and-cereal\/\">HOPS AND CEREAL<\/a><\/h2>\t\t\t\t<\/div>\n\t\t\t\t<div class=\"elementor-element elementor-element-6713ab1 elementor-widget__width-initial elementor-widget elementor-widget-heading\" data-id=\"6713ab1\" data-element_type=\"widget\" data-e-type=\"widget\" data-widget_type=\"heading.default\">\n\t\t\t\t\t<h2 class=\"elementor-heading-title elementor-size-default\"><a href=\"https:\/\/www.lovilotfarmbrewery.com\/en\/full-circle-beer-project\/locally-sourced\/\">LOCALLY SOURCED<\/a><\/h2>\t\t\t\t<\/div>\n\t\t\t\t<div class=\"elementor-element elementor-element-9010859 elementor-widget__width-initial elementor-widget elementor-widget-heading\" data-id=\"9010859\" data-element_type=\"widget\" data-e-type=\"widget\" data-widget_type=\"heading.default\">\n\t\t\t\t\t<h2 class=\"elementor-heading-title elementor-size-default\"><a href=\"https:\/\/www.lovilotfarmbrewery.com\/en\/full-circle-beer-project\/our-own-harvest\/\">OUR OWN HARVEST<\/a><\/h2>\t\t\t\t<\/div>\n\t\t\t\t<\/div>\n\t\t\t\t\t<\/div>\n\t\t\t\t<\/div>\n\t\t\t\t<\/div>\n\t\t","protected":false},"excerpt":{"rendered":"<p>FULL CIRCLE BEER PROJECT BREWERY BEER PRODUCTION HOPS AND CEREAL LOCALLY SOURCED OUR OWN HARVEST<\/p>\n","protected":false},"author":3,"featured_media":0,"parent":0,"menu_order":0,"comment_status":"closed","ping_status":"open","template":"","meta":{"_acf_changed":false,"footnotes":""},"class_list":["post-562","page","type-page","status-publish","hentry"],"acf":[],"yoast_head":"<!-- This site is optimized with the Yoast SEO plugin v27.4 - https:\/\/yoast.com\/product\/yoast-seo-wordpress\/ -->\n<title>Full Circle Beer Project - Lo Vilot Farm Brewery<\/title>\n<meta name=\"description\" content=\"Full Circle Beer Project. From field to glass. Farm brewery. Organic beer. Craft beer. Hops. Malt. Grains. Ingredients for sale. Local produce.\" \/>\n<meta name=\"robots\" content=\"index, follow, max-snippet:-1, max-image-preview:large, max-video-preview:-1\" \/>\n<link rel=\"canonical\" href=\"https:\/\/www.lovilotfarmbrewery.com\/en\/full-circle-beer-project\/\" \/>\n<meta property=\"og:locale\" content=\"en_US\" \/>\n<meta property=\"og:type\" content=\"article\" \/>\n<meta property=\"og:title\" content=\"Full Circle Beer Project - Lo Vilot Farm Brewery\" \/>\n<meta property=\"og:description\" content=\"Full Circle Beer Project. From field to glass. Farm brewery. Organic beer. Craft beer. Hops. Malt. Grains. Ingredients for sale. Local produce.\" \/>\n<meta property=\"og:url\" content=\"https:\/\/www.lovilotfarmbrewery.com\/en\/full-circle-beer-project\/\" \/>\n<meta property=\"og:site_name\" content=\"Lo Vilot Farm Brewery\" \/>\n<meta property=\"article:publisher\" content=\"https:\/\/www.facebook.com\/cervesalovilot\/\" \/>\n<meta property=\"article:modified_time\" content=\"2026-04-16T22:08:44+00:00\" \/>\n<meta property=\"og:image\" content=\"https:\/\/www.lovilotfarmbrewery.com\/wp-content\/uploads\/2025\/12\/CERCLE-TANCAT-LO-VILOT-scaled.png\" \/>\n\t<meta property=\"og:image:width\" content=\"1914\" \/>\n\t<meta property=\"og:image:height\" content=\"2048\" \/>\n\t<meta property=\"og:image:type\" content=\"image\/png\" \/>\n<meta name=\"twitter:card\" content=\"summary_large_image\" \/>\n<meta name=\"twitter:site\" content=\"@Cervesa_LoVilot\" \/>\n<meta name=\"twitter:label1\" content=\"Est. reading time\" \/>\n\t<meta name=\"twitter:data1\" content=\"2 minutes\" \/>\n<script type=\"application\/ld+json\" class=\"yoast-schema-graph\">{\"@context\":\"https:\\\/\\\/schema.org\",\"@graph\":[{\"@type\":\"WebPage\",\"@id\":\"https:\\\/\\\/www.lovilotfarmbrewery.com\\\/en\\\/full-circle-beer-project\\\/\",\"url\":\"https:\\\/\\\/www.lovilotfarmbrewery.com\\\/en\\\/full-circle-beer-project\\\/\",\"name\":\"Full Circle Beer Project - Lo Vilot Farm Brewery\",\"isPartOf\":{\"@id\":\"https:\\\/\\\/www.lovilotfarmbrewery.com\\\/en\\\/#website\"},\"primaryImageOfPage\":{\"@id\":\"https:\\\/\\\/www.lovilotfarmbrewery.com\\\/en\\\/full-circle-beer-project\\\/#primaryimage\"},\"image\":{\"@id\":\"https:\\\/\\\/www.lovilotfarmbrewery.com\\\/en\\\/full-circle-beer-project\\\/#primaryimage\"},\"thumbnailUrl\":\"https:\\\/\\\/www.lovilotfarmbrewery.com\\\/wp-content\\\/uploads\\\/2025\\\/12\\\/CERCLE-TANCAT-LO-VILOT-957x1024.png\",\"datePublished\":\"2017-09-01T10:38:50+00:00\",\"dateModified\":\"2026-04-16T22:08:44+00:00\",\"description\":\"Full Circle Beer Project. From field to glass. Farm brewery. Organic beer. Craft beer. Hops. Malt. Grains. Ingredients for sale. Local produce.\",\"breadcrumb\":{\"@id\":\"https:\\\/\\\/www.lovilotfarmbrewery.com\\\/en\\\/full-circle-beer-project\\\/#breadcrumb\"},\"inLanguage\":\"en-US\",\"potentialAction\":[{\"@type\":\"ReadAction\",\"target\":[\"https:\\\/\\\/www.lovilotfarmbrewery.com\\\/en\\\/full-circle-beer-project\\\/\"]}]},{\"@type\":\"ImageObject\",\"inLanguage\":\"en-US\",\"@id\":\"https:\\\/\\\/www.lovilotfarmbrewery.com\\\/en\\\/full-circle-beer-project\\\/#primaryimage\",\"url\":\"https:\\\/\\\/www.lovilotfarmbrewery.com\\\/wp-content\\\/uploads\\\/2025\\\/12\\\/CERCLE-TANCAT-LO-VILOT-957x1024.png\",\"contentUrl\":\"https:\\\/\\\/www.lovilotfarmbrewery.com\\\/wp-content\\\/uploads\\\/2025\\\/12\\\/CERCLE-TANCAT-LO-VILOT-957x1024.png\"},{\"@type\":\"BreadcrumbList\",\"@id\":\"https:\\\/\\\/www.lovilotfarmbrewery.com\\\/en\\\/full-circle-beer-project\\\/#breadcrumb\",\"itemListElement\":[{\"@type\":\"ListItem\",\"position\":1,\"name\":\"casa\",\"item\":\"https:\\\/\\\/www.lovilotfarmbrewery.com\\\/en\\\/\"},{\"@type\":\"ListItem\",\"position\":2,\"name\":\"Full Circle Beer Project\"}]},{\"@type\":\"WebSite\",\"@id\":\"https:\\\/\\\/www.lovilotfarmbrewery.com\\\/en\\\/#website\",\"url\":\"https:\\\/\\\/www.lovilotfarmbrewery.com\\\/en\\\/\",\"name\":\"lovilotfarmbrewery\",\"description\":\"Full Circle Beer Project\",\"publisher\":{\"@id\":\"https:\\\/\\\/www.lovilotfarmbrewery.com\\\/en\\\/#organization\"},\"potentialAction\":[{\"@type\":\"SearchAction\",\"target\":{\"@type\":\"EntryPoint\",\"urlTemplate\":\"https:\\\/\\\/www.lovilotfarmbrewery.com\\\/en\\\/?s={search_term_string}\"},\"query-input\":{\"@type\":\"PropertyValueSpecification\",\"valueRequired\":true,\"valueName\":\"search_term_string\"}}],\"inLanguage\":\"en-US\"},{\"@type\":\"Organization\",\"@id\":\"https:\\\/\\\/www.lovilotfarmbrewery.com\\\/en\\\/#organization\",\"name\":\"LO VILOT FARM BREWERY SCCL\",\"url\":\"https:\\\/\\\/www.lovilotfarmbrewery.com\\\/en\\\/\",\"logo\":{\"@type\":\"ImageObject\",\"inLanguage\":\"en-US\",\"@id\":\"https:\\\/\\\/www.lovilotfarmbrewery.com\\\/en\\\/#\\\/schema\\\/logo\\\/image\\\/\",\"url\":\"https:\\\/\\\/www.lovilotfarmbrewery.com\\\/wp-content\\\/uploads\\\/2025\\\/12\\\/LOGO-LO-VILOT-FARM-BREWERY.png\",\"contentUrl\":\"https:\\\/\\\/www.lovilotfarmbrewery.com\\\/wp-content\\\/uploads\\\/2025\\\/12\\\/LOGO-LO-VILOT-FARM-BREWERY.png\",\"width\":1573,\"height\":1538,\"caption\":\"LO VILOT FARM BREWERY SCCL\"},\"image\":{\"@id\":\"https:\\\/\\\/www.lovilotfarmbrewery.com\\\/en\\\/#\\\/schema\\\/logo\\\/image\\\/\"},\"sameAs\":[\"https:\\\/\\\/www.facebook.com\\\/cervesalovilot\\\/\",\"https:\\\/\\\/x.com\\\/Cervesa_LoVilot\",\"https:\\\/\\\/www.instagram.com\\\/cervesa_lo_vilot\\\/\",\"https:\\\/\\\/www.linkedin.com\\\/in\\\/cervesalovilot\\\/\",\"https:\\\/\\\/www.pinterest.es\\\/cervesalovilot\\\/\",\"https:\\\/\\\/www.youtube.com\\\/channel\\\/UCOSbcxuoPP0XKngEFXyP-aQ?view_as=subscriber\"]}]}<\/script>\n<!-- \/ Yoast SEO plugin. -->","yoast_head_json":{"title":"Full Circle Beer Project - Lo Vilot Farm Brewery","description":"Full Circle Beer Project. From field to glass. Farm brewery. Organic beer. Craft beer. Hops. Malt. Grains. Ingredients for sale. Local produce.","robots":{"index":"index","follow":"follow","max-snippet":"max-snippet:-1","max-image-preview":"max-image-preview:large","max-video-preview":"max-video-preview:-1"},"canonical":"https:\/\/www.lovilotfarmbrewery.com\/en\/full-circle-beer-project\/","og_locale":"en_US","og_type":"article","og_title":"Full Circle Beer Project - Lo Vilot Farm Brewery","og_description":"Full Circle Beer Project. From field to glass. Farm brewery. Organic beer. Craft beer. Hops. Malt. Grains. Ingredients for sale. Local produce.","og_url":"https:\/\/www.lovilotfarmbrewery.com\/en\/full-circle-beer-project\/","og_site_name":"Lo Vilot Farm Brewery","article_publisher":"https:\/\/www.facebook.com\/cervesalovilot\/","article_modified_time":"2026-04-16T22:08:44+00:00","og_image":[{"width":1914,"height":2048,"url":"https:\/\/www.lovilotfarmbrewery.com\/wp-content\/uploads\/2025\/12\/CERCLE-TANCAT-LO-VILOT-scaled.png","type":"image\/png"}],"twitter_card":"summary_large_image","twitter_site":"@Cervesa_LoVilot","twitter_misc":{"Est. reading time":"2 minutes"},"schema":{"@context":"https:\/\/schema.org","@graph":[{"@type":"WebPage","@id":"https:\/\/www.lovilotfarmbrewery.com\/en\/full-circle-beer-project\/","url":"https:\/\/www.lovilotfarmbrewery.com\/en\/full-circle-beer-project\/","name":"Full Circle Beer Project - Lo Vilot Farm Brewery","isPartOf":{"@id":"https:\/\/www.lovilotfarmbrewery.com\/en\/#website"},"primaryImageOfPage":{"@id":"https:\/\/www.lovilotfarmbrewery.com\/en\/full-circle-beer-project\/#primaryimage"},"image":{"@id":"https:\/\/www.lovilotfarmbrewery.com\/en\/full-circle-beer-project\/#primaryimage"},"thumbnailUrl":"https:\/\/www.lovilotfarmbrewery.com\/wp-content\/uploads\/2025\/12\/CERCLE-TANCAT-LO-VILOT-957x1024.png","datePublished":"2017-09-01T10:38:50+00:00","dateModified":"2026-04-16T22:08:44+00:00","description":"Full Circle Beer Project. From field to glass. Farm brewery. Organic beer. Craft beer. Hops. Malt. Grains. Ingredients for sale. Local produce.","breadcrumb":{"@id":"https:\/\/www.lovilotfarmbrewery.com\/en\/full-circle-beer-project\/#breadcrumb"},"inLanguage":"en-US","potentialAction":[{"@type":"ReadAction","target":["https:\/\/www.lovilotfarmbrewery.com\/en\/full-circle-beer-project\/"]}]},{"@type":"ImageObject","inLanguage":"en-US","@id":"https:\/\/www.lovilotfarmbrewery.com\/en\/full-circle-beer-project\/#primaryimage","url":"https:\/\/www.lovilotfarmbrewery.com\/wp-content\/uploads\/2025\/12\/CERCLE-TANCAT-LO-VILOT-957x1024.png","contentUrl":"https:\/\/www.lovilotfarmbrewery.com\/wp-content\/uploads\/2025\/12\/CERCLE-TANCAT-LO-VILOT-957x1024.png"},{"@type":"BreadcrumbList","@id":"https:\/\/www.lovilotfarmbrewery.com\/en\/full-circle-beer-project\/#breadcrumb","itemListElement":[{"@type":"ListItem","position":1,"name":"casa","item":"https:\/\/www.lovilotfarmbrewery.com\/en\/"},{"@type":"ListItem","position":2,"name":"Full Circle Beer Project"}]},{"@type":"WebSite","@id":"https:\/\/www.lovilotfarmbrewery.com\/en\/#website","url":"https:\/\/www.lovilotfarmbrewery.com\/en\/","name":"lovilotfarmbrewery","description":"Full Circle Beer Project","publisher":{"@id":"https:\/\/www.lovilotfarmbrewery.com\/en\/#organization"},"potentialAction":[{"@type":"SearchAction","target":{"@type":"EntryPoint","urlTemplate":"https:\/\/www.lovilotfarmbrewery.com\/en\/?s={search_term_string}"},"query-input":{"@type":"PropertyValueSpecification","valueRequired":true,"valueName":"search_term_string"}}],"inLanguage":"en-US"},{"@type":"Organization","@id":"https:\/\/www.lovilotfarmbrewery.com\/en\/#organization","name":"LO VILOT FARM BREWERY SCCL","url":"https:\/\/www.lovilotfarmbrewery.com\/en\/","logo":{"@type":"ImageObject","inLanguage":"en-US","@id":"https:\/\/www.lovilotfarmbrewery.com\/en\/#\/schema\/logo\/image\/","url":"https:\/\/www.lovilotfarmbrewery.com\/wp-content\/uploads\/2025\/12\/LOGO-LO-VILOT-FARM-BREWERY.png","contentUrl":"https:\/\/www.lovilotfarmbrewery.com\/wp-content\/uploads\/2025\/12\/LOGO-LO-VILOT-FARM-BREWERY.png","width":1573,"height":1538,"caption":"LO VILOT FARM BREWERY SCCL"},"image":{"@id":"https:\/\/www.lovilotfarmbrewery.com\/en\/#\/schema\/logo\/image\/"},"sameAs":["https:\/\/www.facebook.com\/cervesalovilot\/","https:\/\/x.com\/Cervesa_LoVilot","https:\/\/www.instagram.com\/cervesa_lo_vilot\/","https:\/\/www.linkedin.com\/in\/cervesalovilot\/","https:\/\/www.pinterest.es\/cervesalovilot\/","https:\/\/www.youtube.com\/channel\/UCOSbcxuoPP0XKngEFXyP-aQ?view_as=subscriber"]}]}},"_links":{"self":[{"href":"https:\/\/www.lovilotfarmbrewery.com\/en\/wp-json\/wp\/v2\/pages\/562","targetHints":{"allow":["GET"]}}],"collection":[{"href":"https:\/\/www.lovilotfarmbrewery.com\/en\/wp-json\/wp\/v2\/pages"}],"about":[{"href":"https:\/\/www.lovilotfarmbrewery.com\/en\/wp-json\/wp\/v2\/types\/page"}],"author":[{"embeddable":true,"href":"https:\/\/www.lovilotfarmbrewery.com\/en\/wp-json\/wp\/v2\/users\/3"}],"replies":[{"embeddable":true,"href":"https:\/\/www.lovilotfarmbrewery.com\/en\/wp-json\/wp\/v2\/comments?post=562"}],"version-history":[{"count":16,"href":"https:\/\/www.lovilotfarmbrewery.com\/en\/wp-json\/wp\/v2\/pages\/562\/revisions"}],"predecessor-version":[{"id":19670,"href":"https:\/\/www.lovilotfarmbrewery.com\/en\/wp-json\/wp\/v2\/pages\/562\/revisions\/19670"}],"wp:attachment":[{"href":"https:\/\/www.lovilotfarmbrewery.com\/en\/wp-json\/wp\/v2\/media?parent=562"}],"curies":[{"name":"wp","href":"https:\/\/api.w.org\/{rel}","templated":true}]}}